{"id":238,"date":"2019-12-17T17:11:57","date_gmt":"2019-12-17T16:11:57","guid":{"rendered":"https:\/\/www.festivals.be\/festivals-belgie\/?page_id=238"},"modified":"2019-12-17T17:11:57","modified_gmt":"2019-12-17T16:11:57","slug":"links","status":"publish","type":"page","link":"https:\/\/www.festivals.be\/festivals-belgie\/links\/","title":{"rendered":"Links"},"content":{"rendered":"<div>\n<div>\n<h3>Festivals<\/h3>\n<p>Agenda des <strong>festivals en Belgique<\/strong>, infos pratiques et achat de tickets :<\/p>\n<\/div>\n<ul>\n<li><a href=\"https:\/\/www.festivals.be\">Festivals<\/a><\/li>\n<li><a href=\"http:\/\/festivals-belgique.be\">Festivals Belgique<\/a><\/li>\n<li><a href=\"http:\/\/festivals-belgie.be\">Festivals Belgi\u00eb<\/a><\/li>\n<li><a href=\"https:\/\/festival.vlaanderen\">Festival Vlaanderen<\/a><\/li>\n<li><a href=\"https:\/\/festivals.vlaanderen\">Festivals Vlaanderen<\/a><\/li>\n<li><a href=\"http:\/\/www.festival-tv.be\">Festival TV<\/a><\/li>\n<li><a href=\"http:\/\/www.festivals-tv.be\">Festivals TV<\/a><\/li>\n<li><a href=\"http:\/\/www.festivaltv.be\">Festival TV<\/a><\/li>\n<li><a href=\"http:\/\/www.festivalstv.be\">Festivals TV<\/a><\/li>\n<li><a href=\"http:\/\/europe-festivals.eu\">Festivals Europe<\/a><\/li>\n<li><a href=\"http:\/\/allfestivals.eu\">Festivals Europe<\/a><\/li>\n<li><a href=\"http:\/\/all-festivals.eu\">Festivals Europe<\/a><\/li>\n<li><a href=\"http:\/\/concerts-agenda.be\">Concerts agenda<\/a><\/li>\n<li><a href=\"http:\/\/concerts-belgique.be\">Concerts Belgique<\/a><\/li>\n<li><a href=\"http:\/\/concerten-belgie.be\">Concerten Belgi\u00eb<\/a><\/li>\n<li><a href=\"http:\/\/concerten-agenda.be\">Concerten agenda<\/a><\/li>\n<\/ul>\n<\/div>\n<div>\n<h3>Hotels, voyages et vacances<\/h3>\n<p>Le plus large choix d&#8217;<strong>h\u00f4tels<\/strong> et de s\u00e9jours \u00e0 petits prix dans le monde entier :<\/p>\n<\/div>\n<div>\n<ul>\n<li><a href=\"https:\/\/booking.vlaanderen\">Booking Vlaanderen<\/a><\/li>\n<li><a href=\"http:\/\/belgium-brussels.eu\">Brussels Belgium<\/a><\/li>\n<li><a href=\"http:\/\/antwerp-belgium.be\">Antwerp Belgium<\/a><\/li>\n<li><a href=\"http:\/\/bruges-belgium.be\">Bruges Belgium<\/a><\/li>\n<li><a href=\"http:\/\/bruges-hotels.be\">Bruges hotels<\/a><\/li>\n<li><a href=\"http:\/\/best-bookings.eu\">Best hotel bookings<\/a><\/li>\n<li><a href=\"http:\/\/brussels-hotels-booking.eu\">Brussels hotels booking<\/a><\/li>\n<li><a href=\"http:\/\/brussels-hotel-booking.be\">Brussels hotel booking<\/a><\/li>\n<li><a href=\"http:\/\/brussels-belgium-hotels.be\">Brussels Belgium hotels<\/a><\/li>\n<li><a href=\"http:\/\/hotels-brussels-belgium.be\">Hotels Brussels Belgium<\/a><\/li>\n<li><a href=\"http:\/\/hotels-brussels-belgium.eu\">Hotels Brussels Belgium<\/a><\/li>\n<li><a href=\"http:\/\/belgium-hotels-booking.be\">Belgium hotels booking<\/a><\/li>\n<li><a href=\"http:\/\/belgium-hotels-booking.eu\">Belgium hotels booking<\/a><\/li>\n<li><a href=\"http:\/\/europe-hotels-bookings.eu\">Hotels bookings Europe<\/a><\/li>\n<li><a href=\"http:\/\/thalasso-hotels.eu\">Thalasso hotels Europe<\/a><\/li>\n<li><a href=\"https:\/\/love-hotels.eu\">Love hotels<\/a><\/li>\n<li><a href=\"http:\/\/business-hotels-brussels.be\">Business hotels Brussels<\/a><\/li>\n<li><a href=\"http:\/\/top-business-hotels.eu\">Top business hotels Europe<\/a><\/li>\n<\/ul>\n<\/div>\n<div>\n<div>\n<h3>Test ADN online<\/h3>\n<p>D\u00e9couvrir ses origines et toutes les informations contenues dans son ADN :<\/p>\n<\/div>\n<ul>\n<li><a href=\"http:\/\/kit-adn.be\">Kit ADN<\/a><\/li>\n<li><a href=\"http:\/\/kitadn.be\">Kit ADN<\/a><\/li>\n<li><a href=\"http:\/\/dnakit.be\">DNA kit<\/a><\/li>\n<li><a href=\"http:\/\/dna-kit.be\">DNA kit<\/a><\/li>\n<li><a href=\"http:\/\/testadn.be\">Test ADN<\/a><\/li>\n<li><a href=\"http:\/\/test-adn.be\">Test ADN<\/a><\/li>\n<li><a href=\"http:\/\/testsadn.be\">Tests ADN<\/a><\/li>\n<li><a href=\"http:\/\/tests-adn.be\">Tests ADN<\/a><\/li>\n<li><a href=\"http:\/\/testdna.be\">Test DNA<\/a><\/li>\n<li><a href=\"http:\/\/test-dna.be\">Test DNA<\/a><\/li>\n<li><a href=\"http:\/\/dna-testen.be\">DNA testen<\/a><\/li>\n<li><a href=\"http:\/\/dnatesting.be\">DNA testing<\/a><\/li>\n<li><a href=\"http:\/\/dna-testing.be\">DNA testing<\/a><\/li>\n<li><a href=\"http:\/\/dna-onderzoek.be\">DNA onderzoek<\/a><\/li>\n<li><a href=\"http:\/\/dna-onderzoeken.be\">DNA onderzoeken<\/a><\/li>\n<li><a href=\"http:\/\/dnaonderzoeken.be\">DNA onderzoeken<\/a><\/li>\n<li><a href=\"http:\/\/adnonline.be\">ADN online<\/a><\/li>\n<li><a href=\"http:\/\/adn-online.be\">ADN online<\/a><\/li>\n<li><a href=\"http:\/\/dnaonline.be\">DNA online<\/a><\/li>\n<li><a href=\"http:\/\/dna-online.be\">DNA online<\/a><\/li>\n<\/ul>\n<\/div>\n<div>\n<div>\n<h3>Marketing et communication<\/h3>\n<p>Cr\u00e9ation et production publicitaire, production et marketing digital :<\/p>\n<\/div>\n<ul>\n<li><a href=\"http:\/\/planning.be\">Planning<\/a><\/li>\n<li><a href=\"http:\/\/productie.be\">Productie<\/a><\/li>\n<li><a href=\"http:\/\/medias.be\">Medias<\/a><\/li>\n<li><a href=\"http:\/\/affichage.be\">Affichage<\/a><\/li>\n<li><a href=\"http:\/\/survey.be\">Survey<\/a><\/li>\n<li><a href=\"http:\/\/consommateur.be\">Consommateur<\/a><\/li>\n<li><a href=\"http:\/\/doelgroepen.be\">Doelgroepen<\/a><\/li>\n<li><a href=\"http:\/\/merchandising.be\">Merchandising<\/a><\/li>\n<li><a href=\"http:\/\/e-newsletter.be\">E-newsletter<\/a><\/li>\n<li><a href=\"http:\/\/sitesinternet.be\">Sites internet<\/a><\/li>\n<li><a href=\"http:\/\/sites-internet.be\">Sites internet<\/a><\/li>\n<li><a href=\"http:\/\/sites-web.be\">Sites web<\/a><\/li>\n<li><a href=\"http:\/\/digitalcopywriting.be\">Digital copywriting Belgique Belgi\u00eb<\/a><\/li>\n<li><a href=\"http:\/\/digitalcopywriting.fr\">Digital copywriting France<\/a><\/li>\n<li><a href=\"http:\/\/digitalcopywriter.be\">Digital copywriter Belgique Belgi\u00eb<\/a><\/li>\n<li><a href=\"http:\/\/digitalcopywriter.fr\">Digital copywriter France<\/a><\/li>\n<li><a href=\"http:\/\/digitalcopywriter.eu\">Digital copywriter<\/a><\/li>\n<li><a href=\"http:\/\/redacteurdigital.be\">R\u00e9dacteur Digital<\/a><\/li>\n<li><a href=\"http:\/\/redacteurdigital.fr\">R\u00e9dacteur Digital France<\/a><\/li>\n<li><a href=\"http:\/\/webcopy.be\">Webcopy<\/a><\/li>\n<li><a href=\"http:\/\/infographistes.be\">Infographistes<\/a><\/li>\n<\/ul>\n<\/div>\n<div>\n<div>\n<h3>Analyse des m\u00e9dias sociaux<\/h3>\n<p>Service d&#8217;audit de votre strat\u00e9gie et votre efficacit\u00e9 dans les m\u00e9dias sociaux :<\/p>\n<\/div>\n<ul>\n<li><a href=\"https:\/\/mysteryblogging.com\">Mystery Blogging<\/a><\/li>\n<li><a href=\"http:\/\/mystery-blogging.com\">Mystery Blogging<\/a><\/li>\n<li><a href=\"http:\/\/mysteryblogging.net\">Mystery Blogging<\/a><\/li>\n<li><a href=\"http:\/\/mysterybloggers.be\">Mystery Bloggers<\/a><\/li>\n<li><a href=\"http:\/\/mysteryblogger.be\">Mystery Blogger<\/a><\/li>\n<li><a href=\"http:\/\/mysteryblogger.eu\">Mystery Blogger<\/a><\/li>\n<li><a href=\"http:\/\/mystery-blogger.com\">Mystery Blogger<\/a><\/li>\n<li><a href=\"http:\/\/mysterybloggers.com\">Mystery Bloggers<\/a><\/li>\n<li><a href=\"http:\/\/mystery-bloggers.com\">Mystery Bloggers<\/a><\/li>\n<li><a href=\"http:\/\/mysteryblogging.be\">Mystery Blogging<\/a><\/li>\n<li><a href=\"http:\/\/mysteryblogging.fr\">Mystery Blogging<\/a><\/li>\n<li><a href=\"http:\/\/mysteryblogging.nl\">Mystery Blogging<\/a><\/li>\n<li><a href=\"http:\/\/mysteryblogging.eu\">Mystery Blogging<\/a><\/li>\n<li><a href=\"http:\/\/mysteryblogueur.com\">Mysteryblogueur<\/a><\/li>\n<\/ul>\n<\/div>\n<div>\n<div>\n<h3>Annuaires de services<\/h3>\n<p>Prestataires et services professionnels dans votre r\u00e9gion :<\/p>\n<\/div>\n<ul>\n<li><a href=\"http:\/\/cliniques-chirurgie-esthetique.eu\">Cliniques chirurgie esth\u00e9tique<\/a><\/li>\n<li><a href=\"http:\/\/cliniques-chirurgie-esthetique.be\">Cliniques chirurgie esth\u00e9tique<\/a><\/li>\n<li><a href=\"http:\/\/chirurgie-esthetique-plastique.be\">Chirurgie esth\u00e9tique plastique<\/a><\/li>\n<li><a href=\"http:\/\/epilationdefinitive.be\">Epilation d\u00e9finitive<\/a><\/li>\n<li><a href=\"http:\/\/epilation-au-laser.be\">Epilation au laser Belgique<\/a><\/li>\n<li><a href=\"http:\/\/epilation-au-laser.eu\">Epilation au laser<\/a><\/li>\n<li><a href=\"http:\/\/epilation-definitive-laser.be\">Epilation d\u00e9finitive au laser<\/a><\/li>\n<li><a href=\"http:\/\/epilation-definitive-au-laser.be\">Epilation d\u00e9finitive au laser<\/a><\/li>\n<li><a href=\"http:\/\/epilation-laser-definitive.be\">Epilation laser d\u00e9finitive<\/a><\/li>\n<li><a href=\"https:\/\/kots.be\">Kots<\/a><\/li>\n<li><a href=\"https:\/\/kotfinder.be\">Kot<\/a><\/li>\n<li><a href=\"http:\/\/student-room.eu\">Student room<\/a><\/li>\n<li><a href=\"http:\/\/student-rooms.eu\">Student rooms Europe<\/a><\/li>\n<li><a href=\"https:\/\/plombiers.be\">Plombiers<\/a><\/li>\n<li><a href=\"https:\/\/loodgietersbelgie.be\">Loodgieters Belgi\u00eb<\/a><\/li>\n<li><a href=\"https:\/\/electriciens.be\">Electriciens<\/a><\/li>\n<li><a href=\"https:\/\/comptables.be\">Comptables<\/a><\/li>\n<li><a href=\"https:\/\/architects.be\">Architects<\/a><\/li>\n<\/ul>\n<\/div>\n<div>\n<div>Quelques sites utiles sur les \u00e9v\u00e9nements annuels et les <strong>divertissements<\/strong> (culture, sorties, hobbies, f\u00eates, &#8230;) :<\/div>\n<ul>\n<li><a href=\"http:\/\/st-valentin.be\">St Valentin<\/a><\/li>\n<li><a href=\"https:\/\/discotheques.be\">Discotheques<\/a><\/li>\n<li><a href=\"http:\/\/discotheques-belgique.be\">Discotheques Belgique<\/a><\/li>\n<li><a href=\"http:\/\/newyear.be\">Newyear in Belgium<\/a><\/li>\n<li><a href=\"http:\/\/new-year.be\">New year in Belgium<\/a><\/li>\n<li><a href=\"http:\/\/nieuwjaar.be\">Nieuwjaar<\/a><\/li>\n<li><a href=\"http:\/\/nouvel-an.be\">Nouvel An<\/a><\/li>\n<li><a href=\"http:\/\/nouvelleannee.be\">Nouvelle ann\u00e9e<\/a><\/li>\n<li><a href=\"http:\/\/audiogids.be\">Audiogids<\/a><\/li>\n<li><a href=\"http:\/\/audiogidsen.be\">Audiogidsen<\/a><\/li>\n<li><a href=\"http:\/\/audioguides.be\">Audioguides<\/a><\/li>\n<li><a href=\"http:\/\/guidesaudio.be\">Guides audio<\/a><\/li>\n<\/ul>\n<\/div>\n<div>\n<div>Toutes les informations explications sur les cryptomonnaies, la <strong>blockchain<\/strong>, le <strong>bitcoin<\/strong> et leurs innovations :<\/div>\n<ul>\n<li><a href=\"https:\/\/cryptomonnaies.be\">Cryptomonnaies<\/a><\/li>\n<li><a href=\"https:\/\/cryptosphere.be\">Cryptosphere<\/a><\/li>\n<li><a href=\"http:\/\/tokenized.be\">Tokenized<\/a><\/li>\n<li><a href=\"http:\/\/blockstrat.be\">Blockstrat<\/a><\/li>\n<li><a href=\"http:\/\/blockstrat.fr\">Blockstrat<\/a><\/li>\n<li><a href=\"https:\/\/blockstrat.io\">Blockstrat<\/a><\/li>\n<li><a href=\"http:\/\/blockstrat.eu\">Blockstrat<\/a><\/li>\n<li><a href=\"https:\/\/blockchainstrategy.be\">Blockchain strategy<\/a><\/li>\n<li><a href=\"http:\/\/blockchainstrategy.eu\">Blockchain strategy<\/a><\/li>\n<li><a href=\"http:\/\/blockchainstrategy.fr\">Blockchain strategy France<\/a><\/li>\n<li><a href=\"https:\/\/blockchainmarketing.be\">Blockchain marketing<\/a><\/li>\n<li><a href=\"http:\/\/blockchainmarketing.eu\">Blockchain marketing<\/a><\/li>\n<li><a href=\"http:\/\/blockchainmarketing.fr\">Blockchain marketing<\/a><\/li>\n<\/ul>\n<\/div>\n<div>\n<div>Les sites shopping et de <strong>bonnes affaires<\/strong>, <strong>promotions<\/strong>, <strong>coupons de r\u00e9duction<\/strong> et <strong>soldes<\/strong> toute l&#8217;ann\u00e9e :<\/div>\n<ul>\n<li><a href=\"https:\/\/soldes.be\">Soldes<\/a><\/li>\n<li><a href=\"http:\/\/socialshop.be\">Social shop<\/a><\/li>\n<li><a href=\"http:\/\/social-shop.be\">Social shop<\/a><\/li>\n<li><a href=\"http:\/\/socialshopping.be\">Social shopping<\/a><\/li>\n<li><a href=\"http:\/\/social-shopping.be\">Social shopping<\/a><\/li>\n<li><a href=\"http:\/\/codespromotions.be\">Codes promotions Belgique<\/a><\/li>\n<li><a href=\"http:\/\/codespromos.be\">Codes promos<\/a><\/li>\n<li><a href=\"http:\/\/codes-promo.be\">Codes promo<\/a><\/li>\n<li><a href=\"http:\/\/foiresauxvins.be\">Foires aux vins<\/a><\/li>\n<li><a href=\"http:\/\/wijnfestivals.be\">Wijnfestivals<\/a><\/li>\n<li><a href=\"http:\/\/wijnbeurzen.be\">Wijnbeurzen<\/a><\/li>\n<li><a href=\"http:\/\/wijnbeurzen.com\">Wijnbeurzen<\/a><\/li>\n<\/ul>\n<\/div>\n<div>\n<div>Pages sur des sites \u00e0 propos des casinos en <strong>Belgique<\/strong>, en <strong>Europe<\/strong> et dans le monde, en ligne ou traditionnels :<\/div>\n<ul>\n<li><a href=\"https:\/\/grand-casino.be\">Grand Casino Brussels<\/a><\/li>\n<li><a href=\"http:\/\/brussels-casino-hotel.be\">Brussels casino hotel<\/a><\/li>\n<li><a href=\"http:\/\/grandcasinobrussel.be\">Grand Casino Brussel<\/a><\/li>\n<li><a href=\"http:\/\/grand-casino-brussel.be\">Grand Casino Brussel<\/a><\/li>\n<li><a href=\"http:\/\/brussels-casino.be\">Brussels Casino<\/a><\/li>\n<li><a href=\"http:\/\/grandcasinobruxelles.be\">Grand Casino Bruxelles<\/a><\/li>\n<li><a href=\"http:\/\/grand-casino-bruxelles.be\">Grand Casino Bruxelles<\/a><\/li>\n<li><a href=\"http:\/\/www.belgium-casino.be\">Casino Belgium<\/a><\/li>\n<li><a href=\"http:\/\/www.belgium-casinos.be\">Casinos Belgium<\/a><\/li>\n<\/ul>\n<\/div>\n<div>\n<div>Sites internet \u00e0 propos de sujets d&#8217;<strong>information<\/strong> divers (soci\u00e9t\u00e9, loisirs, hobbies, sports, &#8230;) :<\/div>\n<ul>\n<li><a href=\"https:\/\/innovation.be\">Innovation<\/a><\/li>\n<li><a href=\"https:\/\/bars.be\">Bars<\/a><\/li>\n<li><a href=\"http:\/\/mixologie.be\">Mixologie<\/a><\/li>\n<li><a href=\"http:\/\/ingang.be\">Ingang<\/a><\/li>\n<li><a href=\"https:\/\/enterrement.be\">Enterrement<\/a><\/li>\n<li><a href=\"http:\/\/jogging.be\">Jogging<\/a><\/li>\n<li><a href=\"http:\/\/dinde.be\">Dinde<\/a><\/li>\n<li><a href=\"https:\/\/calvitie.be\">Calvitie<\/a><\/li>\n<li><a href=\"http:\/\/microgreffes.be\">Microgreffes<\/a><\/li>\n<li><a href=\"https:\/\/dentelle.be\">Dentelle<\/a><\/li>\n<li><a href=\"https:\/\/lace.be\">Lace<\/a><\/li>\n<li><a href=\"https:\/\/crystal.be\">Crystal<\/a><\/li>\n<li><a href=\"https:\/\/comics.be\">Comics<\/a><\/li>\n<li><a href=\"https:\/\/films.be\">Films<\/a><\/li>\n<li><a href=\"http:\/\/autobiographie.be\">Autobiographie<\/a><\/li>\n<\/ul>\n<\/div>\n<div>\n<div>Liens utiles en rapport avec le <strong>bien-\u00eatre<\/strong>, les <strong>m\u00e9decines douces<\/strong> et les m\u00e9thodes pour se soigner de fa\u00e7on naturelle :<\/div>\n<ul>\n<li><a href=\"https:\/\/medecines.be\">Medecines naturelles<\/a><\/li>\n<li><a href=\"https:\/\/medecins.be\">M\u00e9decins<\/a><\/li>\n<li><a href=\"http:\/\/www.pharmacieinternet.be\">Pharmacie internet<\/a><\/li>\n<li><a href=\"http:\/\/www.pharmacie-internet.be\">Pharmacie internet<\/a><\/li>\n<li><a href=\"http:\/\/www.pharmacie-enligne.be\">Pharmacie en ligne<\/a><\/li>\n<li><a href=\"http:\/\/www.pharmacie-online.be\">Pharmacie online<\/a><\/li>\n<li><a href=\"http:\/\/www.apotheek-internet.be\">Apotheek internet<\/a><\/li>\n<li><a href=\"http:\/\/www.medicamentsinternet.be\">M\u00e9dicaments internet<\/a><\/li>\n<li><a href=\"http:\/\/www.medicaments-internet.be\">M\u00e9dicaments internet<\/a><\/li>\n<li><a href=\"http:\/\/regimes-alimentaires.be\">R\u00e9gimes alimentaires<\/a><\/li>\n<li><a href=\"http:\/\/conseils-regimes.be\">Conseils r\u00e9gimes<\/a><\/li>\n<li><a href=\"http:\/\/regimes-minceur.be\">R\u00e9gimes minceur<\/a><\/li>\n<li><a href=\"http:\/\/recettes-regimes.be\">Recettes r\u00e9gimes<\/a><\/li>\n<\/ul>\n<\/div>\n","protected":false},"excerpt":{"rendered":"<p>Festivals Agenda des festivals en Belgique, infos pratiques et achat de tickets : Festivals Festivals Belgique Festivals Belgi\u00eb Festival Vlaanderen Festivals Vlaanderen Festival TV Festivals TV Festival TV Festivals TV &hellip; <a href=\"https:\/\/www.festivals.be\/festivals-belgie\/links\/\" class=\"more-link\">Lees verder<span class=\"screen-reader-text\"> &#8220;Links&#8221;<\/span><\/a><\/p>\n","protected":false},"author":1,"featured_media":0,"parent":0,"menu_order":0,"comment_status":"closed","ping_status":"closed","template":"","meta":{"footnotes":""},"class_list":["post-238","page","type-page","status-publish","hentry"],"jetpack_sharing_enabled":true,"jetpack_shortlink":"https:\/\/wp.me\/P7GcfU-3Q","jetpack-related-posts":[],"jetpack_likes_enabled":true,"_links":{"self":[{"href":"https:\/\/www.festivals.be\/festivals-belgie\/wp-json\/wp\/v2\/pages\/238","targetHints":{"allow":["GET"]}}],"collection":[{"href":"https:\/\/www.festivals.be\/festivals-belgie\/wp-json\/wp\/v2\/pages"}],"about":[{"href":"https:\/\/www.festivals.be\/festivals-belgie\/wp-json\/wp\/v2\/types\/page"}],"author":[{"embeddable":true,"href":"https:\/\/www.festivals.be\/festivals-belgie\/wp-json\/wp\/v2\/users\/1"}],"replies":[{"embeddable":true,"href":"https:\/\/www.festivals.be\/festivals-belgie\/wp-json\/wp\/v2\/comments?post=238"}],"version-history":[{"count":1,"href":"https:\/\/www.festivals.be\/festivals-belgie\/wp-json\/wp\/v2\/pages\/238\/revisions"}],"predecessor-version":[{"id":240,"href":"https:\/\/www.festivals.be\/festivals-belgie\/wp-json\/wp\/v2\/pages\/238\/revisions\/240"}],"wp:attachment":[{"href":"https:\/\/www.festivals.be\/festivals-belgie\/wp-json\/wp\/v2\/media?parent=238"}],"curies":[{"name":"wp","href":"https:\/\/api.w.org\/{rel}","templated":true}]}}