{"id":114,"date":"2016-07-23T22:43:42","date_gmt":"2016-07-23T20:43:42","guid":{"rendered":"http:\/\/www.festivals.be\/festivals-belgique\/?page_id=114"},"modified":"2016-07-25T11:23:42","modified_gmt":"2016-07-25T09:23:42","slug":"tomorrowland","status":"publish","type":"page","link":"https:\/\/www.festivals.be\/festivals-belgique\/festivals\/musique\/electro-et-dance\/tomorrowland\/","title":{"rendered":"Tomorrowland"},"content":{"rendered":"<p>Tomorrowland est LA r\u00e9f\u00e9rence mondiale des festivals electro. Vainqueur du titre de meilleur festival du monde \u00e0 plusieurs reprises, c&rsquo;est un des festivals incontournables &#8230; de la plan\u00e8te. Chaque ann\u00e9e les organisateurs ajoutent de nouvelles id\u00e9es folles pour en faire le rendez-vous de l&rsquo;ann\u00e9e. Et les dizaines de milliers de tickets d&rsquo;entr\u00e9e s&rsquo;\u00e9coulent en quelques minutes \u00e0 peine !<\/p>\n<p>Website : <a href=\"http:\/\/www.tomorrowland.be\">http:\/\/www.tomorrowland.be<\/a><\/p>\n<p>&nbsp;<\/p>\n","protected":false},"excerpt":{"rendered":"<p>Tomorrowland est LA r\u00e9f\u00e9rence mondiale des festivals electro. Vainqueur du titre de meilleur festival du monde \u00e0 plusieurs reprises, c&rsquo;est un des festivals incontournables &#8230; de la plan\u00e8te. Chaque ann\u00e9e &hellip; <a href=\"https:\/\/www.festivals.be\/festivals-belgique\/festivals\/musique\/electro-et-dance\/tomorrowland\/\" class=\"more-link\">Continuer la lecture<span class=\"screen-reader-text\"> de &laquo;&nbsp;Tomorrowland&nbsp;&raquo;<\/span><\/a><\/p>\n","protected":false},"author":1,"featured_media":0,"parent":46,"menu_order":0,"comment_status":"closed","ping_status":"closed","template":"","meta":{"footnotes":""},"class_list":["post-114","page","type-page","status-publish","hentry"],"aioseo_notices":[],"jetpack_sharing_enabled":true,"jetpack_shortlink":"https:\/\/wp.me\/P7Iv6j-1Q","jetpack_likes_enabled":true,"jetpack-related-posts":[{"id":136,"url":"https:\/\/www.festivals.be\/festivals-belgique\/festivals\/musique\/rock-et-divers\/ronquieres\/","url_meta":{"origin":114,"position":0},"title":"Ronqui\u00e8res","author":"Admin","date":"18 ao\u00fbt 2016","format":false,"excerpt":"Un plan inclin\u00e9 ? Un site pas comme les autres ! Voil\u00e0 une premi\u00e8re particularit\u00e9 qui permet au festival de Ronqui\u00e8res de sortir du lot et de se faire remarquer. Une chose est claire : ces derni\u00e8res ann\u00e9es le festival se donne une ambition grandissante, avec un affiche de plus\u2026","rel":"","context":"Article similaire","block_context":{"text":"Article similaire","link":""},"img":{"alt_text":"","src":"","width":0,"height":0},"classes":[]},{"id":247,"url":"https:\/\/www.festivals.be\/festivals-belgique\/festivals\/musique\/metal\/alcatraz-metal-festival\/","url_meta":{"origin":114,"position":1},"title":"Alcatraz Metal Festival","author":"Admin","date":"2 mars 2017","format":false,"excerpt":"Alcatraz est un festival de m\u00e9tal qui a vu le jour en 2009. Le festival n'a fait que grandir tout au long de ces derni\u00e8res ann\u00e9es avec une affiche de plus en plus qualitative, accueillant des groupes \u00e0 la renomm\u00e9e internationale et donnant de la visibilit\u00e9 aux groupes belges. Une\u2026","rel":"","context":"Article similaire","block_context":{"text":"Article similaire","link":""},"img":{"alt_text":"Alcatraz Metal Festival","src":"https:\/\/i0.wp.com\/www.festivals.be\/festivals-belgique\/wp-content\/uploads\/2017\/03\/Alcatraz-300x90.jpg?resize=350%2C200","width":350,"height":200,"srcset":"https:\/\/i0.wp.com\/www.festivals.be\/festivals-belgique\/wp-content\/uploads\/2017\/03\/Alcatraz-300x90.jpg?resize=350%2C200 1x, https:\/\/i0.wp.com\/www.festivals.be\/festivals-belgique\/wp-content\/uploads\/2017\/03\/Alcatraz-300x90.jpg?resize=525%2C300 1.5x, https:\/\/i0.wp.com\/www.festivals.be\/festivals-belgique\/wp-content\/uploads\/2017\/03\/Alcatraz-300x90.jpg?resize=700%2C400 2x"},"classes":[]},{"id":531,"url":"https:\/\/www.festivals.be\/festivals-belgique\/festivals\/gastronomie\/food-truck-festival\/","url_meta":{"origin":114,"position":2},"title":"Food Truck Festival","author":"Admin","date":"5 mai 2017","format":false,"excerpt":"Le Brussels Food Truck Festival se d\u00e9roule depuis 2014 \u00e0 Bruxelles, maintenant sur le site de Tour & Taxis. Une centaine de Food Trucks s\u00e9lectionn\u00e9s vous proposent des menus du monde entier dans un un esprit convivial. Le festival est aussi l'occasion de remettre chaque ann\u00e9e les \"awards\" aux meilleurs\u2026","rel":"","context":"Article similaire","block_context":{"text":"Article similaire","link":""},"img":{"alt_text":"Food trucks festival","src":"https:\/\/i0.wp.com\/www.festivals.be\/festivals-belgique\/wp-content\/uploads\/2017\/05\/Food-Truck-Festival-300x300.jpg?resize=350%2C200","width":350,"height":200},"classes":[]},{"id":217,"url":"https:\/\/www.festivals.be\/festivals-belgique\/festivals\/musique\/classique\/festival-de-wallonie\/","url_meta":{"origin":114,"position":3},"title":"Festival de Wallonie","author":"Admin","date":"1 mars 2017","format":false,"excerpt":"Le Festival de Wallonie est un festival de musique classique qui s'\u00e9tend sur plus de quatre mois et propose plus de 150 concerts lors de sept festivals diff\u00e9rents, r\u00e9partis sur l\u2019ensemble du territoire de la Wallonie et \u00e0 Bruxelles. Chaque ann\u00e9e le\u00a0programme ravit le public\u00a0\u00e0 Namur, Mons, Li\u00e8ge, Stavelot, Tournai,\u2026","rel":"","context":"Article similaire","block_context":{"text":"Article similaire","link":""},"img":{"alt_text":"","src":"","width":0,"height":0},"classes":[]},{"id":344,"url":"https:\/\/www.festivals.be\/festivals-belgique\/festivals\/musique\/jazz\/django-a-liberchies\/","url_meta":{"origin":114,"position":4},"title":"Django \u00e0 Liberchies","author":"Admin","date":"3 mars 2017","format":false,"excerpt":"Un festival unique qui rassemble depuis une quinzaine d'ann\u00e9e les amateurs de jazz manouche. Le festival Django se tient l'espace d'un week-end dans le village de Liberchies, lieu de naissance de Django Reinhardt, le plus grand guitariste de jazz manouche belge. Le festival accueille \u00e9galement plusieurs bals et s'est inscrit\u2026","rel":"","context":"Article similaire","block_context":{"text":"Article similaire","link":""},"img":{"alt_text":"","src":"","width":0,"height":0},"classes":[]},{"id":300,"url":"https:\/\/www.festivals.be\/festivals-belgique\/festivals\/musique\/rock-et-divers\/cactus-festival\/","url_meta":{"origin":114,"position":5},"title":"Cactus Festival","author":"Admin","date":"2 mars 2017","format":false,"excerpt":"Le Cactusfestival se d\u00e9roule chaque ann\u00e9e pendant le premier weekend de juillet dans la ville de Bruges. Il propose sur deux jours une s\u00e9rie de grand noms internationaux du rock et de l'\u00e9lectro. C'est avant tout un bon festival de taille moyenne, accessible aux amateurs de musique de tous les\u2026","rel":"","context":"Article similaire","block_context":{"text":"Article similaire","link":""},"img":{"alt_text":"Cactus Festival","src":"https:\/\/i0.wp.com\/www.festivals.be\/festivals-belgique\/wp-content\/uploads\/2017\/03\/cactus-festival-300x103.jpg?resize=350%2C200","width":350,"height":200},"classes":[]}],"_links":{"self":[{"href":"https:\/\/www.festivals.be\/festivals-belgique\/wp-json\/wp\/v2\/pages\/114","targetHints":{"allow":["GET"]}}],"collection":[{"href":"https:\/\/www.festivals.be\/festivals-belgique\/wp-json\/wp\/v2\/pages"}],"about":[{"href":"https:\/\/www.festivals.be\/festivals-belgique\/wp-json\/wp\/v2\/types\/page"}],"author":[{"embeddable":true,"href":"https:\/\/www.festivals.be\/festivals-belgique\/wp-json\/wp\/v2\/users\/1"}],"replies":[{"embeddable":true,"href":"https:\/\/www.festivals.be\/festivals-belgique\/wp-json\/wp\/v2\/comments?post=114"}],"version-history":[{"count":1,"href":"https:\/\/www.festivals.be\/festivals-belgique\/wp-json\/wp\/v2\/pages\/114\/revisions"}],"predecessor-version":[{"id":115,"href":"https:\/\/www.festivals.be\/festivals-belgique\/wp-json\/wp\/v2\/pages\/114\/revisions\/115"}],"up":[{"embeddable":true,"href":"https:\/\/www.festivals.be\/festivals-belgique\/wp-json\/wp\/v2\/pages\/46"}],"wp:attachment":[{"href":"https:\/\/www.festivals.be\/festivals-belgique\/wp-json\/wp\/v2\/media?parent=114"}],"curies":[{"name":"wp","href":"https:\/\/api.w.org\/{rel}","templated":true}]}}