{"id":118,"date":"2016-08-18T14:32:56","date_gmt":"2016-08-18T12:32:56","guid":{"rendered":"http:\/\/www.festivals.be\/festivals-belgique\/?page_id=118"},"modified":"2017-06-22T12:12:56","modified_gmt":"2017-06-22T10:12:56","slug":"francofolies-de-spa","status":"publish","type":"page","link":"https:\/\/www.festivals.be\/festivals-belgique\/festivals\/musique\/rock-et-divers\/francofolies-de-spa\/","title":{"rendered":"Francofolies de Spa"},"content":{"rendered":"<h2>En fran\u00e7ais &#8230; et en famille.<\/h2>\n<figure id=\"attachment_551\" aria-describedby=\"caption-attachment-551\" style=\"width: 300px\" class=\"wp-caption alignleft\"><img data-recalc-dims=\"1\" loading=\"lazy\" decoding=\"async\" class=\"size-medium wp-image-551\" src=\"https:\/\/i0.wp.com\/www.festivals.be\/festivals-belgique\/wp-content\/uploads\/2016\/08\/Francofolies-300x300.jpg?resize=300%2C300\" alt=\"Francofolies\" width=\"300\" height=\"300\" srcset=\"https:\/\/i0.wp.com\/www.festivals.be\/festivals-belgique\/wp-content\/uploads\/2016\/08\/Francofolies.jpg?resize=300%2C300&amp;ssl=1 300w, https:\/\/i0.wp.com\/www.festivals.be\/festivals-belgique\/wp-content\/uploads\/2016\/08\/Francofolies.jpg?resize=150%2C150&amp;ssl=1 150w, https:\/\/i0.wp.com\/www.festivals.be\/festivals-belgique\/wp-content\/uploads\/2016\/08\/Francofolies.jpg?w=512&amp;ssl=1 512w\" sizes=\"auto, (max-width: 300px) 85vw, 300px\" \/><figcaption id=\"caption-attachment-551\" class=\"wp-caption-text\">Francofolies<\/figcaption><\/figure>\n<p>La ville de <strong>Spa<\/strong> accueille chaque ann\u00e9e durant le mois de juillet le festival tr\u00e8s familial des <strong>Francofolies<\/strong>, aussi bien connu sous le petit nom : \u00ab\u00a0<strong>Les Francos<\/strong>\u00a0\u00bb !<\/p>\n<p>Inspir\u00e9 par le festival fran\u00e7ais les <strong>Francofolies de La Rochelle<\/strong>, cr\u00e9\u00e9 en 1985, la version belge des <strong>Francos<\/strong> a lieu dans la ville de <strong>Spa<\/strong> depuis 1994. La ville r\u00e9put\u00e9e mondialement pour ses cures de thalassoth\u00e9rapie accueillait auparavant le \u00ab\u00a0Festival International de la Chanson Fran\u00e7aise\u00a0\u00bb &#8230; un intitul\u00e9 beaucoup moins glamour. Les Francofolies de Spa figurent parmi les 10\u00a0plus grands festivals musicaux en Belgique et se veulent avant tout un festival grand public. On s&rsquo;y rend en famille ou entre amis pour passer un moment de convivialit\u00e9 autour de la musique &#8230; pas toujours \u00ab\u00a0francophone\u00a0\u00bb.<\/p>\n<h3>Une balade musicale au milieu\u00a0de l&rsquo;\u00e9t\u00e9<\/h3>\n<p>Le festival se d\u00e9roule sur <strong>4 jours<\/strong>\u00a0\u00e0 la fin du mois de <strong>juillet\u00a0<\/strong>et propose une programmation\u00a0de plus de 60 noms sur diff\u00e9rentes sc\u00e8nes \u00e0 travers la ville. Il est principalement tourn\u00e9 vers les artistes qui chantent en\u00a0langue fran\u00e7aise ou sont issus de pays francophones. Durant toutes ces ann\u00e9es, les plus grands noms se sont succ\u00e9d\u00e9s \u00e0 l&rsquo;affiche : Johnny Hallyday, Francis Cabrel, Vanessa Paradis, Indochine, B\u00e9nabar, Stromae, &#8230; mais le festival est aussi l&rsquo;occasion pour des artistes moins exp\u00e9riment\u00e9s de se produire devant un public tr\u00e8s large. Lors de chaque \u00e9dition\u00a0le festival fait \u00e9galement la part belle aux artistes belges, qui repr\u00e9sentent jusqu&rsquo;\u00e0 la moiti\u00e9 de la programmation.<\/p>\n<p><img data-recalc-dims=\"1\" loading=\"lazy\" decoding=\"async\" class=\"alignleft size-medium wp-image-552\" src=\"https:\/\/i0.wp.com\/www.festivals.be\/festivals-belgique\/wp-content\/uploads\/2016\/08\/Sce%CC%80ne-Proximus-Hollywood-Porn-Stars-%C2%A9-Gilles-Charlier-ID-0060-300x200.jpg?resize=300%2C200\" alt=\"\" width=\"300\" height=\"200\" srcset=\"https:\/\/i0.wp.com\/www.festivals.be\/festivals-belgique\/wp-content\/uploads\/2016\/08\/Sce%CC%80ne-Proximus-Hollywood-Porn-Stars-%C2%A9-Gilles-Charlier-ID-0060.jpg?resize=300%2C200&amp;ssl=1 300w, https:\/\/i0.wp.com\/www.festivals.be\/festivals-belgique\/wp-content\/uploads\/2016\/08\/Sce%CC%80ne-Proximus-Hollywood-Porn-Stars-%C2%A9-Gilles-Charlier-ID-0060.jpg?resize=768%2C512&amp;ssl=1 768w, https:\/\/i0.wp.com\/www.festivals.be\/festivals-belgique\/wp-content\/uploads\/2016\/08\/Sce%CC%80ne-Proximus-Hollywood-Porn-Stars-%C2%A9-Gilles-Charlier-ID-0060.jpg?w=1024&amp;ssl=1 1024w\" sizes=\"auto, (max-width: 300px) 85vw, 300px\" \/>Les styles musicaux repr\u00e9sent\u00e9s sont tr\u00e8s vari\u00e9s : de la chanson fran\u00e7aise, de la pop, du rock, du rap, &#8230; et de l&rsquo;\u00e9lectro \u00e0 la touche \u00ab\u00a0franco\u00a0\u00bb.<\/p>\n<p>Une sc\u00e8ne situ\u00e9e Place de l&rsquo;H\u00f4tel de Ville porte le nom de <strong>Pierre Rapsat<\/strong>, en hommage \u00e0 l&rsquo;artiste belge d\u00e9c\u00e9d\u00e9 il y a quelques ann\u00e9es.<\/p>\n<p>&nbsp;<\/p>\n<p><img data-recalc-dims=\"1\" loading=\"lazy\" decoding=\"async\" class=\"alignleft size-medium wp-image-553\" src=\"https:\/\/i0.wp.com\/www.festivals.be\/festivals-belgique\/wp-content\/uploads\/2016\/08\/Sce%CC%80ne-Pierre-Rapsat-Kendji-Girac-%C2%A9-Michel-Hocks-ID-1175-300x200.jpg?resize=300%2C200\" alt=\"\" width=\"300\" height=\"200\" srcset=\"https:\/\/i0.wp.com\/www.festivals.be\/festivals-belgique\/wp-content\/uploads\/2016\/08\/Sce%CC%80ne-Pierre-Rapsat-Kendji-Girac-%C2%A9-Michel-Hocks-ID-1175.jpg?resize=300%2C200&amp;ssl=1 300w, https:\/\/i0.wp.com\/www.festivals.be\/festivals-belgique\/wp-content\/uploads\/2016\/08\/Sce%CC%80ne-Pierre-Rapsat-Kendji-Girac-%C2%A9-Michel-Hocks-ID-1175.jpg?resize=768%2C512&amp;ssl=1 768w, https:\/\/i0.wp.com\/www.festivals.be\/festivals-belgique\/wp-content\/uploads\/2016\/08\/Sce%CC%80ne-Pierre-Rapsat-Kendji-Girac-%C2%A9-Michel-Hocks-ID-1175.jpg?w=1024&amp;ssl=1 1024w\" sizes=\"auto, (max-width: 300px) 85vw, 300px\" \/>Le \u00ab\u00a0<strong>Village Francofou<\/strong>\u00ab\u00a0, dont l&rsquo;acc\u00e8s est principalement gratuit, rassemble plusieurs sc\u00e8nes organis\u00e9es par des partenaires de l&rsquo;\u00e9v\u00e9nement (Proximus, la Sabam, Red Bull, &#8230;).<\/p>\n<p>Depuis plus de 20 ans les \u00e9v\u00e9nements \u00ab\u00a0Francos Juniors\u00a0\u00bb pr\u00e9sentent \u00e9galement des spectacles gratuits \u00e0 destinations des enfants.<\/p>\n<div class=\"jetpack-video-wrapper\"><span class=\"embed-youtube\" style=\"text-align:center; display: block;\"><iframe loading=\"lazy\" class=\"youtube-player\" width=\"840\" height=\"473\" src=\"https:\/\/www.youtube.com\/embed\/YigkckAQxpc?version=3&#038;rel=1&#038;showsearch=0&#038;showinfo=1&#038;iv_load_policy=1&#038;fs=1&#038;hl=fr-BE&#038;autohide=2&#038;wmode=transparent\" allowfullscreen=\"true\" style=\"border:0;\" sandbox=\"allow-scripts allow-same-origin allow-popups allow-presentation allow-popups-to-escape-sandbox\"><\/iframe><\/span><\/div>\n<h4>Prochaine \u00e9dition<\/h4>\n<p>Voir dans l&rsquo;agenda :<strong>\u00a0<a href=\"http:\/\/www.festivals.be\/festivals-belgique\/festivals\/musique\/rock-et-divers\/francofolies-de-spa\/\">Francofolies 2017, du 20 au 23 juillet 2017<\/a><\/strong><\/p>\n<h4>Prix des tickets<\/h4>\n<p>Plusieurs formules de pass ou d&rsquo;acc\u00e8s \u00e0 la journ\u00e9e, environ 156 euros pour le pass complet des 4 jours, 53 euros pour le pass avec acc\u00e8s limit\u00e9 et 30 euros \u00e0 la journ\u00e9e. Des tickets sont \u00e9galement disponibles en solo pour les concerts des t\u00eates d&rsquo;affiches.<\/p>\n<ul>\n<li>Parking : gratuit<\/li>\n<li>Camping : oui, \u00e0 quelques centaines de m\u00e8tres du festival, environ 25 euros par personne pour toute la dur\u00e9e du festival.<\/li>\n<li>Acc\u00e8s VIP : oui, diff\u00e9rentes formules aves loges et catering.<\/li>\n<\/ul>\n<p><strong><a href=\"https:\/\/www.francofolies.be\/tickets\/\" target=\"_blank\" rel=\"noopener\"><span style=\"color: #ff0000;\">ACHETER DES TICKETS<\/span><\/a>\u00a0<\/strong><\/p>\n<h4>Fr\u00e9quentation<\/h4>\n<ul>\n<li>Environ 170.000 festivaliers\u00a0sur l&rsquo;ensemble des 4 jours (en 2016)<\/li>\n<li>Type de public : tous publics, familles, enfants<\/li>\n<li>Nombre de sc\u00e8nes : 5 plus des sc\u00e8nes annexes dont l&rsquo;acc\u00e8s est gratuit<\/li>\n<li>Nombre d&rsquo;artistes, de concerts : environ 60<\/li>\n<\/ul>\n<h4>Kids welcome<\/h4>\n<ul>\n<li>Le festival se veut \u00e0 destination d&rsquo;un public familial. De nombreuses infrastructures, services et activit\u00e9s sont donc pr\u00e9vus pour le public plus jeune.<\/li>\n<\/ul>\n<h4>Services<\/h4>\n<ul>\n<li>Camping<\/li>\n<li>Parking gratuit<\/li>\n<li>Bars et restauration<\/li>\n<li>Merchandising shop<\/li>\n<li>Casiers et consignes<\/li>\n<li>Recharge GSM<\/li>\n<li>Casques anti-bruits en location pour les enfants<\/li>\n<li>Acc\u00e8s pour personnes \u00e0 mobilit\u00e9 r\u00e9duite (PMR)<\/li>\n<li>&#8230;<\/li>\n<\/ul>\n<h4>Contact<\/h4>\n<p>Site officiel : <strong><a href=\"http:\/\/www.francofolies.be\" target=\"_blank\" rel=\"noopener noreferrer\">Les Francofolies de Spa<\/a>\u00a0<\/strong><\/p>\n<p>Organisateurs : Les Francofolies de Spa, rue Rogier 2b \u00e0 4900 Spa.<\/p>\n","protected":false},"excerpt":{"rendered":"<p>En fran\u00e7ais &#8230; et en famille. La ville de Spa accueille chaque ann\u00e9e durant le mois de juillet le festival tr\u00e8s familial des Francofolies, aussi bien connu sous le petit &hellip; <a href=\"https:\/\/www.festivals.be\/festivals-belgique\/festivals\/musique\/rock-et-divers\/francofolies-de-spa\/\" class=\"more-link\">Continuer la lecture<span class=\"screen-reader-text\"> de &laquo;&nbsp;Francofolies de Spa&nbsp;&raquo;<\/span><\/a><\/p>\n","protected":false},"author":1,"featured_media":0,"parent":18,"menu_order":0,"comment_status":"closed","ping_status":"closed","template":"","meta":{"jetpack_post_was_ever_published":false,"footnotes":""},"class_list":["post-118","page","type-page","status-publish","hentry"],"aioseo_notices":[],"jetpack_sharing_enabled":true,"jetpack_shortlink":"https:\/\/wp.me\/P7Iv6j-1U","jetpack_likes_enabled":true,"jetpack-related-posts":[{"id":13,"url":"https:\/\/www.festivals.be\/festivals-belgique\/festivals\/","url_meta":{"origin":118,"position":0},"title":"Festivals","author":"Admin","date":"13 juillet 2016","format":false,"excerpt":"Tous les festivals en Belgique. Agenda des festivals en Belgique Senneffe\u00a0 Waterlol\u00a0 Rock system\u00a0 Un festival\u00a0 Belzik\u00a0 Listen\u00a0 La smalla\u00a0 Avril en ville\u00a0 Confluent jazz festival\u00a0 Forest Sounds\u00a0 Kikk\u00a0 Into the blue\u00a0 Vibrations \u00e0 Malmedy Le refuge\u00a0 Fiestacity verviers\u00a0 Brdcst - broadcast \u00e0 l' Ancienne Belgique\u00a0 Le jour le plus\u2026","rel":"","context":"Article similaire","block_context":{"text":"Article similaire","link":""},"img":{"alt_text":"","src":"","width":0,"height":0},"classes":[]},{"id":265,"url":"https:\/\/www.festivals.be\/festivals-belgique\/festivals\/musique\/rock-et-divers\/genk-on-stage\/","url_meta":{"origin":118,"position":1},"title":"Genk on Stage","author":"Admin","date":"2 mars 2017","format":false,"excerpt":"Comme son nom l'indique, le festival Genk on Stage se d\u00e9roule dans la ville limbourgeoise de Genk. Il a lieu chaque ann\u00e9e \u00e0 la fin du mois de juin et est organis\u00e9 par la ville de Genk. Le festival rassemble plus d'une centaine de groupes, dont certains noms \u00e0 la\u2026","rel":"","context":"Article similaire","block_context":{"text":"Article similaire","link":""},"img":{"alt_text":"","src":"","width":0,"height":0},"classes":[]},{"id":247,"url":"https:\/\/www.festivals.be\/festivals-belgique\/festivals\/musique\/metal\/alcatraz-metal-festival\/","url_meta":{"origin":118,"position":2},"title":"Alcatraz Metal Festival","author":"Admin","date":"2 mars 2017","format":false,"excerpt":"Alcatraz est un festival de m\u00e9tal qui a vu le jour en 2009. Le festival n'a fait que grandir tout au long de ces derni\u00e8res ann\u00e9es avec une affiche de plus en plus qualitative, accueillant des groupes \u00e0 la renomm\u00e9e internationale et donnant de la visibilit\u00e9 aux groupes belges. Une\u2026","rel":"","context":"Article similaire","block_context":{"text":"Article similaire","link":""},"img":{"alt_text":"Alcatraz Metal Festival","src":"https:\/\/i0.wp.com\/www.festivals.be\/festivals-belgique\/wp-content\/uploads\/2017\/03\/Alcatraz-300x90.jpg?resize=350%2C200","width":350,"height":200,"srcset":"https:\/\/i0.wp.com\/www.festivals.be\/festivals-belgique\/wp-content\/uploads\/2017\/03\/Alcatraz-300x90.jpg?resize=350%2C200 1x, https:\/\/i0.wp.com\/www.festivals.be\/festivals-belgique\/wp-content\/uploads\/2017\/03\/Alcatraz-300x90.jpg?resize=525%2C300 1.5x, https:\/\/i0.wp.com\/www.festivals.be\/festivals-belgique\/wp-content\/uploads\/2017\/03\/Alcatraz-300x90.jpg?resize=700%2C400 2x"},"classes":[]},{"id":426,"url":"https:\/\/www.festivals.be\/festivals-belgique\/festivals\/films-et-cinema\/la-caravane-du-court\/","url_meta":{"origin":118,"position":3},"title":"La Caravane du Court","author":"Admin","date":"23 mars 2017","format":false,"excerpt":"Lanc\u00e9 en 2015 par les organisateurs du FIFF de Namur, La Caravane du Court est comme son nom l'indique un festival itin\u00e9rant, entre plus de dix\u00a0villes de trois provinces : Namur, Li\u00e8ge et Luxembourg. Le festival est organis\u00e9 en collaboration avec le bureau d'accueil des tournages CLAP! et les provinces\u2026","rel":"","context":"Article similaire","block_context":{"text":"Article similaire","link":""},"img":{"alt_text":"Caravane du court","src":"https:\/\/i0.wp.com\/www.festivals.be\/festivals-belgique\/wp-content\/uploads\/2017\/03\/caravane-logo-black_reference-300x75.jpg?resize=350%2C200","width":350,"height":200},"classes":[]},{"id":300,"url":"https:\/\/www.festivals.be\/festivals-belgique\/festivals\/musique\/rock-et-divers\/cactus-festival\/","url_meta":{"origin":118,"position":4},"title":"Cactus Festival","author":"Admin","date":"2 mars 2017","format":false,"excerpt":"Le Cactusfestival se d\u00e9roule chaque ann\u00e9e pendant le premier weekend de juillet dans la ville de Bruges. Il propose sur deux jours une s\u00e9rie de grand noms internationaux du rock et de l'\u00e9lectro. C'est avant tout un bon festival de taille moyenne, accessible aux amateurs de musique de tous les\u2026","rel":"","context":"Article similaire","block_context":{"text":"Article similaire","link":""},"img":{"alt_text":"Cactus Festival","src":"https:\/\/i0.wp.com\/www.festivals.be\/festivals-belgique\/wp-content\/uploads\/2017\/03\/cactus-festival-300x103.jpg?resize=350%2C200","width":350,"height":200},"classes":[]},{"id":446,"url":"https:\/\/www.festivals.be\/festivals-belgique\/festivals\/musique\/rock-et-divers\/belzik\/","url_meta":{"origin":118,"position":5},"title":"Belzik","author":"Admin","date":"23 mars 2017","format":false,"excerpt":"Le festival Bel'Zik se d\u00e9roule \u00e0 Herve sur 4 jours. Pendant ce long weekend le festival accueille des artistes rock et de chanson fran\u00e7aise \"grand public\" et se veut un \u00e9v\u00e9nement tr\u00e8s familial. L'entr\u00e9e est gratuite pour les enfants de moins de 10 ans. La premi\u00e8re \u00e9dition du festival a\u2026","rel":"","context":"Article similaire","block_context":{"text":"Article similaire","link":""},"img":{"alt_text":"Belzik","src":"https:\/\/i0.wp.com\/www.festivals.be\/festivals-belgique\/wp-content\/uploads\/2017\/03\/logoBelzik.png?resize=350%2C200","width":350,"height":200},"classes":[]}],"_links":{"self":[{"href":"https:\/\/www.festivals.be\/festivals-belgique\/wp-json\/wp\/v2\/pages\/118","targetHints":{"allow":["GET"]}}],"collection":[{"href":"https:\/\/www.festivals.be\/festivals-belgique\/wp-json\/wp\/v2\/pages"}],"about":[{"href":"https:\/\/www.festivals.be\/festivals-belgique\/wp-json\/wp\/v2\/types\/page"}],"author":[{"embeddable":true,"href":"https:\/\/www.festivals.be\/festivals-belgique\/wp-json\/wp\/v2\/users\/1"}],"replies":[{"embeddable":true,"href":"https:\/\/www.festivals.be\/festivals-belgique\/wp-json\/wp\/v2\/comments?post=118"}],"version-history":[{"count":13,"href":"https:\/\/www.festivals.be\/festivals-belgique\/wp-json\/wp\/v2\/pages\/118\/revisions"}],"predecessor-version":[{"id":558,"href":"https:\/\/www.festivals.be\/festivals-belgique\/wp-json\/wp\/v2\/pages\/118\/revisions\/558"}],"up":[{"embeddable":true,"href":"https:\/\/www.festivals.be\/festivals-belgique\/wp-json\/wp\/v2\/pages\/18"}],"wp:attachment":[{"href":"https:\/\/www.festivals.be\/festivals-belgique\/wp-json\/wp\/v2\/media?parent=118"}],"curies":[{"name":"wp","href":"https:\/\/api.w.org\/{rel}","templated":true}]}}