{"id":121,"date":"2016-08-18T14:36:50","date_gmt":"2016-08-18T12:36:50","guid":{"rendered":"http:\/\/www.festivals.be\/festivals-belgique\/?page_id=121"},"modified":"2016-08-18T14:36:50","modified_gmt":"2016-08-18T12:36:50","slug":"rock-werchter","status":"publish","type":"page","link":"https:\/\/www.festivals.be\/festivals-belgique\/festivals\/musique\/rock-et-divers\/rock-werchter\/","title":{"rendered":"Rock Werchter"},"content":{"rendered":"<p>Chaque ann\u00e9e plus de 80.000 festivaliers par jour, Rock Werchter est LE festival rock incontournable en Belgique.<\/p>\n","protected":false},"excerpt":{"rendered":"<p>Chaque ann\u00e9e plus de 80.000 festivaliers par jour, Rock Werchter est LE festival rock incontournable en Belgique.<\/p>\n","protected":false},"author":1,"featured_media":0,"parent":18,"menu_order":0,"comment_status":"closed","ping_status":"closed","template":"","meta":{"footnotes":""},"class_list":["post-121","page","type-page","status-publish","hentry"],"aioseo_notices":[],"jetpack_sharing_enabled":true,"jetpack_shortlink":"https:\/\/wp.me\/P7Iv6j-1X","jetpack_likes_enabled":true,"jetpack-related-posts":[{"id":212,"url":"https:\/\/www.festivals.be\/festivals-belgique\/festivals\/musique\/rock-et-divers\/pukkelpop\/","url_meta":{"origin":121,"position":0},"title":"Pukkelpop","author":"Admin","date":"1 mars 2017","format":false,"excerpt":"Un des festivals de musique les plus attendu chaque ann\u00e9e ! Le Pukkelpop c'est 4 jours de folie et des dizaines de milliers de festivaliers qui se baladent entre de nombreuses sc\u00e8nes pour acclamer des artistes confirm\u00e9s ou des futures stars nationales et internationales. Du rock, de la pop, de\u2026","rel":"","context":"Article similaire","block_context":{"text":"Article similaire","link":""},"img":{"alt_text":"","src":"","width":0,"height":0},"classes":[]},{"id":13,"url":"https:\/\/www.festivals.be\/festivals-belgique\/festivals\/","url_meta":{"origin":121,"position":1},"title":"Festivals","author":"Admin","date":"13 juillet 2016","format":false,"excerpt":"Tous les festivals en Belgique. Agenda des festivals en Belgique Senneffe\u00a0 Waterlol\u00a0 Rock system\u00a0 Un festival\u00a0 Belzik\u00a0 Listen\u00a0 La smalla\u00a0 Avril en ville\u00a0 Confluent jazz festival\u00a0 Forest Sounds\u00a0 Kikk\u00a0 Into the blue\u00a0 Vibrations \u00e0 Malmedy Le refuge\u00a0 Fiestacity verviers\u00a0 Brdcst - broadcast \u00e0 l' Ancienne Belgique\u00a0 Le jour le plus\u2026","rel":"","context":"Article similaire","block_context":{"text":"Article similaire","link":""},"img":{"alt_text":"","src":"","width":0,"height":0},"classes":[]},{"id":240,"url":"https:\/\/www.festivals.be\/festivals-belgique\/festivals\/musique\/rock-et-divers\/dranouter\/","url_meta":{"origin":121,"position":2},"title":"Dranouter","author":"Admin","date":"1 mars 2017","format":false,"excerpt":"Le Festival Dranouter, anciennement connu sous le nom de Folkfestival Dranouter,\u00a0se d\u00e9roule durant le premier week-end d'ao\u00fbt. Plus de 80.000 personnes se rendent alors dans le petit village de Dranouter, en Flandre occidentale pour vivre cette ambiance unique et tr\u00e8s acoustique ! \"Folk\" Dranouter est le plus grand festival folk\u2026","rel":"","context":"Article similaire","block_context":{"text":"Article similaire","link":""},"img":{"alt_text":"Dranouter","src":"https:\/\/i0.wp.com\/www.festivals.be\/festivals-belgique\/wp-content\/uploads\/2017\/03\/Dranouter-300x168.jpg?resize=350%2C200","width":350,"height":200},"classes":[]},{"id":151,"url":"https:\/\/www.festivals.be\/festivals-belgique\/festivals\/musique\/rock-et-divers\/wardin-rock\/","url_meta":{"origin":121,"position":3},"title":"Ward&rsquo;in Rock","author":"Admin","date":"5 septembre 2016","format":false,"excerpt":"Le festival Ward'in Rock se tient depuis 1996 dans la petite ville de Wardin, pr\u00e8s de Bastogne dans les Ardennes. Lors de l'\u00e9dition 2016, 9.000 festivaliers ont assist\u00e9 au Ward'in Rock. Website : wardinrock.be","rel":"","context":"Article similaire","block_context":{"text":"Article similaire","link":""},"img":{"alt_text":"","src":"","width":0,"height":0},"classes":[]},{"id":118,"url":"https:\/\/www.festivals.be\/festivals-belgique\/festivals\/musique\/rock-et-divers\/francofolies-de-spa\/","url_meta":{"origin":121,"position":4},"title":"Francofolies de Spa","author":"Admin","date":"18 ao\u00fbt 2016","format":false,"excerpt":"En fran\u00e7ais ... et en famille. La ville de Spa accueille chaque ann\u00e9e durant le mois de juillet le festival tr\u00e8s familial des Francofolies, aussi bien connu sous le petit nom : \"Les Francos\" ! Inspir\u00e9 par le festival fran\u00e7ais les Francofolies de La Rochelle, cr\u00e9\u00e9 en 1985, la version\u2026","rel":"","context":"Article similaire","block_context":{"text":"Article similaire","link":""},"img":{"alt_text":"Francofolies","src":"https:\/\/i0.wp.com\/www.festivals.be\/festivals-belgique\/wp-content\/uploads\/2016\/08\/Francofolies-300x300.jpg?resize=350%2C200","width":350,"height":200},"classes":[]},{"id":310,"url":"https:\/\/www.festivals.be\/festivals-belgique\/festivals\/musique\/rock-et-divers\/tw-classic\/","url_meta":{"origin":121,"position":5},"title":"TW Classic","author":"Admin","date":"2 mars 2017","format":false,"excerpt":"Le festival TW Classic est un festival d'un jour. Chaque ann\u00e9e une t\u00eate d'affiche de tr\u00e8s haut vol donne le ton \u00e0 une journ\u00e9e traditionnellement tr\u00e8s \"rock\" ! Date de la prochaine \u00e9dition : TW Classic 2017, le 24 juin 2017 Site internet : TW Classic \u00a0","rel":"","context":"Article similaire","block_context":{"text":"Article similaire","link":""},"img":{"alt_text":"","src":"","width":0,"height":0},"classes":[]}],"_links":{"self":[{"href":"https:\/\/www.festivals.be\/festivals-belgique\/wp-json\/wp\/v2\/pages\/121","targetHints":{"allow":["GET"]}}],"collection":[{"href":"https:\/\/www.festivals.be\/festivals-belgique\/wp-json\/wp\/v2\/pages"}],"about":[{"href":"https:\/\/www.festivals.be\/festivals-belgique\/wp-json\/wp\/v2\/types\/page"}],"author":[{"embeddable":true,"href":"https:\/\/www.festivals.be\/festivals-belgique\/wp-json\/wp\/v2\/users\/1"}],"replies":[{"embeddable":true,"href":"https:\/\/www.festivals.be\/festivals-belgique\/wp-json\/wp\/v2\/comments?post=121"}],"version-history":[{"count":1,"href":"https:\/\/www.festivals.be\/festivals-belgique\/wp-json\/wp\/v2\/pages\/121\/revisions"}],"predecessor-version":[{"id":122,"href":"https:\/\/www.festivals.be\/festivals-belgique\/wp-json\/wp\/v2\/pages\/121\/revisions\/122"}],"up":[{"embeddable":true,"href":"https:\/\/www.festivals.be\/festivals-belgique\/wp-json\/wp\/v2\/pages\/18"}],"wp:attachment":[{"href":"https:\/\/www.festivals.be\/festivals-belgique\/wp-json\/wp\/v2\/media?parent=121"}],"curies":[{"name":"wp","href":"https:\/\/api.w.org\/{rel}","templated":true}]}}