{"id":125,"date":"2016-08-18T14:42:22","date_gmt":"2016-08-18T12:42:22","guid":{"rendered":"http:\/\/www.festivals.be\/festivals-belgique\/?page_id=125"},"modified":"2016-08-18T14:44:01","modified_gmt":"2016-08-18T12:44:01","slug":"lasemo","status":"publish","type":"page","link":"https:\/\/www.festivals.be\/festivals-belgique\/festivals\/musique\/rock-et-divers\/lasemo\/","title":{"rendered":"Lasemo"},"content":{"rendered":"<p>Le \u00ab\u00a0petit-gros\u00a0\u00bb festival qui monte ! Lanc\u00e9 en 2008 comme un petit festival alternatif r\u00e9gional, Lasemo offre une approche diff\u00e9rente, destin\u00e9e \u00e0 un public engag\u00e9. Le festival est de plus en plus s\u00e9rieux et professionnel, mais veut garder une image \u00e9loign\u00e9e des \u00ab\u00a0grosses machines\u00a0\u00bb belges du genre. On vient \u00e0 Enghien pour se &#8230; \u00ab\u00a0rassembler autrement\u00a0\u00bb et \u00e9couter d&rsquo;autres artistes.<\/p>\n","protected":false},"excerpt":{"rendered":"<p>Le \u00ab\u00a0petit-gros\u00a0\u00bb festival qui monte ! Lanc\u00e9 en 2008 comme un petit festival alternatif r\u00e9gional, Lasemo offre une approche diff\u00e9rente, destin\u00e9e \u00e0 un public engag\u00e9. Le festival est de plus &hellip; <a href=\"https:\/\/www.festivals.be\/festivals-belgique\/festivals\/musique\/rock-et-divers\/lasemo\/\" class=\"more-link\">Continuer la lecture<span class=\"screen-reader-text\"> de &laquo;&nbsp;Lasemo&nbsp;&raquo;<\/span><\/a><\/p>\n","protected":false},"author":1,"featured_media":0,"parent":18,"menu_order":0,"comment_status":"closed","ping_status":"closed","template":"","meta":{"jetpack_post_was_ever_published":false,"footnotes":""},"class_list":["post-125","page","type-page","status-publish","hentry"],"aioseo_notices":[],"jetpack_sharing_enabled":true,"jetpack_shortlink":"https:\/\/wp.me\/P7Iv6j-21","jetpack_likes_enabled":true,"jetpack-related-posts":[{"id":240,"url":"https:\/\/www.festivals.be\/festivals-belgique\/festivals\/musique\/rock-et-divers\/dranouter\/","url_meta":{"origin":125,"position":0},"title":"Dranouter","author":"Admin","date":"1 mars 2017","format":false,"excerpt":"Le Festival Dranouter, anciennement connu sous le nom de Folkfestival Dranouter,\u00a0se d\u00e9roule durant le premier week-end d'ao\u00fbt. Plus de 80.000 personnes se rendent alors dans le petit village de Dranouter, en Flandre occidentale pour vivre cette ambiance unique et tr\u00e8s acoustique ! \"Folk\" Dranouter est le plus grand festival folk\u2026","rel":"","context":"Article similaire","block_context":{"text":"Article similaire","link":""},"img":{"alt_text":"Dranouter","src":"https:\/\/i0.wp.com\/www.festivals.be\/festivals-belgique\/wp-content\/uploads\/2017\/03\/Dranouter-300x168.jpg?resize=350%2C200","width":350,"height":200},"classes":[]},{"id":118,"url":"https:\/\/www.festivals.be\/festivals-belgique\/festivals\/musique\/rock-et-divers\/francofolies-de-spa\/","url_meta":{"origin":125,"position":1},"title":"Francofolies de Spa","author":"Admin","date":"18 ao\u00fbt 2016","format":false,"excerpt":"En fran\u00e7ais ... et en famille. La ville de Spa accueille chaque ann\u00e9e durant le mois de juillet le festival tr\u00e8s familial des Francofolies, aussi bien connu sous le petit nom : \"Les Francos\" ! Inspir\u00e9 par le festival fran\u00e7ais les Francofolies de La Rochelle, cr\u00e9\u00e9 en 1985, la version\u2026","rel":"","context":"Article similaire","block_context":{"text":"Article similaire","link":""},"img":{"alt_text":"Francofolies","src":"https:\/\/i0.wp.com\/www.festivals.be\/festivals-belgique\/wp-content\/uploads\/2016\/08\/Francofolies-300x300.jpg?resize=350%2C200","width":350,"height":200},"classes":[]},{"id":381,"url":"https:\/\/www.festivals.be\/festivals-belgique\/festivals\/autres\/banad-festival\/","url_meta":{"origin":125,"position":2},"title":"BANAD Festival","author":"Admin","date":"9 mars 2017","format":false,"excerpt":"En mars 2017 a lieu la premi\u00e8re \u00e9dition de ce festival bruxellois de l'Art Nouveau et de l'Art D\u00e9co, anciennement la biennale Art Nouveau et Art D\u00e9co. Durant 15 jours de printemps diff\u00e9rents lieux de la Capitale ouvrent leurs portes pour accueillir visites, promenades \u00e0 pied et en v\u00e9lo, concerts,\u2026","rel":"","context":"Article similaire","block_context":{"text":"Article similaire","link":""},"img":{"alt_text":"","src":"","width":0,"height":0},"classes":[]},{"id":479,"url":"https:\/\/www.festivals.be\/festivals-belgique\/festivals\/theatre\/festival-du-rire-de-rochefort\/","url_meta":{"origin":125,"position":3},"title":"Festival du Rire de Rochefort","author":"Admin","date":"27 avril 2017","format":false,"excerpt":"Le Festival International du Rire de Rochefort est une v\u00e9ritable institution. Tout le monde le connait et il a vu d\u00e9filer les plus grands noms parmi les humoristes, les stand-ups et autres imitateurs, ... Ce festival fait de Rochefort la capitale francophone du rire ! Prochaine \u00e9dition : Festival du\u2026","rel":"","context":"Article similaire","block_context":{"text":"Article similaire","link":""},"img":{"alt_text":"Festival International du Rire de Rochefort","src":"https:\/\/i0.wp.com\/www.festivals.be\/festivals-belgique\/wp-content\/uploads\/2017\/04\/Banner-abo-300x221.jpg?resize=350%2C200","width":350,"height":200},"classes":[]},{"id":136,"url":"https:\/\/www.festivals.be\/festivals-belgique\/festivals\/musique\/rock-et-divers\/ronquieres\/","url_meta":{"origin":125,"position":4},"title":"Ronqui\u00e8res","author":"Admin","date":"18 ao\u00fbt 2016","format":false,"excerpt":"Un plan inclin\u00e9 ? Un site pas comme les autres ! Voil\u00e0 une premi\u00e8re particularit\u00e9 qui permet au festival de Ronqui\u00e8res de sortir du lot et de se faire remarquer. Une chose est claire : ces derni\u00e8res ann\u00e9es le festival se donne une ambition grandissante, avec un affiche de plus\u2026","rel":"","context":"Article similaire","block_context":{"text":"Article similaire","link":""},"img":{"alt_text":"","src":"","width":0,"height":0},"classes":[]},{"id":222,"url":"https:\/\/www.festivals.be\/festivals-belgique\/festivals\/musique\/musique-du-monde\/afro-latino-festival\/","url_meta":{"origin":125,"position":5},"title":"Afro-Latino Festival","author":"Admin","date":"1 mars 2017","format":false,"excerpt":"Le festival de musique du monde Afro-Latino est organis\u00e9 \u00e0 Bree et propose chaque ann\u00e9e une affiche innovante, compos\u00e9e d'artistes internationaux renomm\u00e9s venant d'Afrique, d'Am\u00e9rique latine, des Cara\u00efbes et d'Europe du Sud. Au total, c'est plus de 40 groupes et DJ qui sont programm\u00e9s, ainsi qu'une dizaine d'animations de danse\u2026","rel":"","context":"Article similaire","block_context":{"text":"Article similaire","link":""},"img":{"alt_text":"Afro Latino","src":"https:\/\/i0.wp.com\/www.festivals.be\/festivals-belgique\/wp-content\/uploads\/2017\/03\/Afro-Latino-300x200.jpg?resize=350%2C200","width":350,"height":200},"classes":[]}],"_links":{"self":[{"href":"https:\/\/www.festivals.be\/festivals-belgique\/wp-json\/wp\/v2\/pages\/125","targetHints":{"allow":["GET"]}}],"collection":[{"href":"https:\/\/www.festivals.be\/festivals-belgique\/wp-json\/wp\/v2\/pages"}],"about":[{"href":"https:\/\/www.festivals.be\/festivals-belgique\/wp-json\/wp\/v2\/types\/page"}],"author":[{"embeddable":true,"href":"https:\/\/www.festivals.be\/festivals-belgique\/wp-json\/wp\/v2\/users\/1"}],"replies":[{"embeddable":true,"href":"https:\/\/www.festivals.be\/festivals-belgique\/wp-json\/wp\/v2\/comments?post=125"}],"version-history":[{"count":3,"href":"https:\/\/www.festivals.be\/festivals-belgique\/wp-json\/wp\/v2\/pages\/125\/revisions"}],"predecessor-version":[{"id":128,"href":"https:\/\/www.festivals.be\/festivals-belgique\/wp-json\/wp\/v2\/pages\/125\/revisions\/128"}],"up":[{"embeddable":true,"href":"https:\/\/www.festivals.be\/festivals-belgique\/wp-json\/wp\/v2\/pages\/18"}],"wp:attachment":[{"href":"https:\/\/www.festivals.be\/festivals-belgique\/wp-json\/wp\/v2\/media?parent=125"}],"curies":[{"name":"wp","href":"https:\/\/api.w.org\/{rel}","templated":true}]}}