{"id":134,"date":"2016-08-18T15:00:41","date_gmt":"2016-08-18T13:00:41","guid":{"rendered":"http:\/\/www.festivals.be\/festivals-belgique\/?page_id=134"},"modified":"2017-03-01T18:04:19","modified_gmt":"2017-03-01T17:04:19","slug":"couleur-cafe","status":"publish","type":"page","link":"https:\/\/www.festivals.be\/festivals-belgique\/festivals\/musique\/musique-du-monde\/couleur-cafe\/","title":{"rendered":"Couleur Caf\u00e9"},"content":{"rendered":"<p>World Music ?!?! Non, &#8230; disons plut\u00f4t \u00ab\u00a0m\u00e9lange des genres et des cultures\u00a0\u00bb. Au fil des ann\u00e9es, <strong>Couleur Caf\u00e9<\/strong> s&rsquo;est install\u00e9 comme un rassemblement se voulant diff\u00e9rent des grosses machines rock : du rap, de la world, du rock (un peu), de la chanson, &#8230; disons tout simplement de l&rsquo;alternatif (m\u00eame si on d\u00e9teste ce mot). On y vient aussi pour manger, papoter, boire un mojito &#8230; c&rsquo;est un v\u00e9ritable \u00e9v\u00e9nement de rassemblement culturel, un peu la grand messe du bobo-isme bruxellois.<\/p>\n<p>Dates de la prochaine \u00e9dition Couleur Caf\u00e9 2017 : du 30\/6 au 2\/7\/2017<\/p>\n<p>Site internet : <a href=\"https:\/\/www.couleurcafe.be\/\">Couleur Caf\u00e9<\/a><\/p>\n<p>&nbsp;<\/p>\n","protected":false},"excerpt":{"rendered":"<p>World Music ?!?! Non, &#8230; disons plut\u00f4t \u00ab\u00a0m\u00e9lange des genres et des cultures\u00a0\u00bb. Au fil des ann\u00e9es, Couleur Caf\u00e9 s&rsquo;est install\u00e9 comme un rassemblement se voulant diff\u00e9rent des grosses machines &hellip; <a href=\"https:\/\/www.festivals.be\/festivals-belgique\/festivals\/musique\/musique-du-monde\/couleur-cafe\/\" class=\"more-link\">Continuer la lecture<span class=\"screen-reader-text\"> de &laquo;&nbsp;Couleur Caf\u00e9&nbsp;&raquo;<\/span><\/a><\/p>\n","protected":false},"author":1,"featured_media":0,"parent":52,"menu_order":0,"comment_status":"closed","ping_status":"closed","template":"","meta":{"footnotes":""},"class_list":["post-134","page","type-page","status-publish","hentry"],"aioseo_notices":[],"jetpack_sharing_enabled":true,"jetpack_shortlink":"https:\/\/wp.me\/P7Iv6j-2a","jetpack_likes_enabled":true,"jetpack-related-posts":[{"id":272,"url":"https:\/\/www.festivals.be\/festivals-belgique\/festivals\/musique\/rock-et-divers\/fete-de-la-musique\/","url_meta":{"origin":134,"position":0},"title":"F\u00eate de la Musique","author":"Admin","date":"2 mars 2017","format":false,"excerpt":"Organis\u00e9e par la F\u00e9d\u00e9ration Wallonie - Bruxelles, la F\u00eate de la Musique existe depuis plus de 30 ans. C'est donc un des plus anciens festivals belges. Elle rassemble chaque ann\u00e9e des dizaines d'artistes dans les principales villes wallones et \u00e0 Bruxelles. Dates de la prochaine \u00e9dition : F\u00eate de la\u2026","rel":"","context":"Article similaire","block_context":{"text":"Article similaire","link":""},"img":{"alt_text":"","src":"","width":0,"height":0},"classes":[]},{"id":265,"url":"https:\/\/www.festivals.be\/festivals-belgique\/festivals\/musique\/rock-et-divers\/genk-on-stage\/","url_meta":{"origin":134,"position":1},"title":"Genk on Stage","author":"Admin","date":"2 mars 2017","format":false,"excerpt":"Comme son nom l'indique, le festival Genk on Stage se d\u00e9roule dans la ville limbourgeoise de Genk. Il a lieu chaque ann\u00e9e \u00e0 la fin du mois de juin et est organis\u00e9 par la ville de Genk. Le festival rassemble plus d'une centaine de groupes, dont certains noms \u00e0 la\u2026","rel":"","context":"Article similaire","block_context":{"text":"Article similaire","link":""},"img":{"alt_text":"","src":"","width":0,"height":0},"classes":[]},{"id":118,"url":"https:\/\/www.festivals.be\/festivals-belgique\/festivals\/musique\/rock-et-divers\/francofolies-de-spa\/","url_meta":{"origin":134,"position":2},"title":"Francofolies de Spa","author":"Admin","date":"18 ao\u00fbt 2016","format":false,"excerpt":"En fran\u00e7ais ... et en famille. La ville de Spa accueille chaque ann\u00e9e durant le mois de juillet le festival tr\u00e8s familial des Francofolies, aussi bien connu sous le petit nom : \"Les Francos\" ! Inspir\u00e9 par le festival fran\u00e7ais les Francofolies de La Rochelle, cr\u00e9\u00e9 en 1985, la version\u2026","rel":"","context":"Article similaire","block_context":{"text":"Article similaire","link":""},"img":{"alt_text":"Francofolies","src":"https:\/\/i0.wp.com\/www.festivals.be\/festivals-belgique\/wp-content\/uploads\/2016\/08\/Francofolies-300x300.jpg?resize=350%2C200","width":350,"height":200},"classes":[]},{"id":125,"url":"https:\/\/www.festivals.be\/festivals-belgique\/festivals\/musique\/rock-et-divers\/lasemo\/","url_meta":{"origin":134,"position":3},"title":"Lasemo","author":"Admin","date":"18 ao\u00fbt 2016","format":false,"excerpt":"Le \"petit-gros\" festival qui monte ! Lanc\u00e9 en 2008 comme un petit festival alternatif r\u00e9gional, Lasemo offre une approche diff\u00e9rente, destin\u00e9e \u00e0 un public engag\u00e9. Le festival est de plus en plus s\u00e9rieux et professionnel, mais veut garder une image \u00e9loign\u00e9e des \"grosses machines\" belges du genre. On vient \u00e0\u2026","rel":"","context":"Article similaire","block_context":{"text":"Article similaire","link":""},"img":{"alt_text":"","src":"","width":0,"height":0},"classes":[]},{"id":446,"url":"https:\/\/www.festivals.be\/festivals-belgique\/festivals\/musique\/rock-et-divers\/belzik\/","url_meta":{"origin":134,"position":4},"title":"Belzik","author":"Admin","date":"23 mars 2017","format":false,"excerpt":"Le festival Bel'Zik se d\u00e9roule \u00e0 Herve sur 4 jours. Pendant ce long weekend le festival accueille des artistes rock et de chanson fran\u00e7aise \"grand public\" et se veut un \u00e9v\u00e9nement tr\u00e8s familial. L'entr\u00e9e est gratuite pour les enfants de moins de 10 ans. La premi\u00e8re \u00e9dition du festival a\u2026","rel":"","context":"Article similaire","block_context":{"text":"Article similaire","link":""},"img":{"alt_text":"Belzik","src":"https:\/\/i0.wp.com\/www.festivals.be\/festivals-belgique\/wp-content\/uploads\/2017\/03\/logoBelzik.png?resize=350%2C200","width":350,"height":200},"classes":[]},{"id":310,"url":"https:\/\/www.festivals.be\/festivals-belgique\/festivals\/musique\/rock-et-divers\/tw-classic\/","url_meta":{"origin":134,"position":5},"title":"TW Classic","author":"Admin","date":"2 mars 2017","format":false,"excerpt":"Le festival TW Classic est un festival d'un jour. Chaque ann\u00e9e une t\u00eate d'affiche de tr\u00e8s haut vol donne le ton \u00e0 une journ\u00e9e traditionnellement tr\u00e8s \"rock\" ! Date de la prochaine \u00e9dition : TW Classic 2017, le 24 juin 2017 Site internet : TW Classic \u00a0","rel":"","context":"Article similaire","block_context":{"text":"Article similaire","link":""},"img":{"alt_text":"","src":"","width":0,"height":0},"classes":[]}],"_links":{"self":[{"href":"https:\/\/www.festivals.be\/festivals-belgique\/wp-json\/wp\/v2\/pages\/134","targetHints":{"allow":["GET"]}}],"collection":[{"href":"https:\/\/www.festivals.be\/festivals-belgique\/wp-json\/wp\/v2\/pages"}],"about":[{"href":"https:\/\/www.festivals.be\/festivals-belgique\/wp-json\/wp\/v2\/types\/page"}],"author":[{"embeddable":true,"href":"https:\/\/www.festivals.be\/festivals-belgique\/wp-json\/wp\/v2\/users\/1"}],"replies":[{"embeddable":true,"href":"https:\/\/www.festivals.be\/festivals-belgique\/wp-json\/wp\/v2\/comments?post=134"}],"version-history":[{"count":3,"href":"https:\/\/www.festivals.be\/festivals-belgique\/wp-json\/wp\/v2\/pages\/134\/revisions"}],"predecessor-version":[{"id":183,"href":"https:\/\/www.festivals.be\/festivals-belgique\/wp-json\/wp\/v2\/pages\/134\/revisions\/183"}],"up":[{"embeddable":true,"href":"https:\/\/www.festivals.be\/festivals-belgique\/wp-json\/wp\/v2\/pages\/52"}],"wp:attachment":[{"href":"https:\/\/www.festivals.be\/festivals-belgique\/wp-json\/wp\/v2\/media?parent=134"}],"curies":[{"name":"wp","href":"https:\/\/api.w.org\/{rel}","templated":true}]}}