{"id":136,"date":"2016-08-18T15:05:32","date_gmt":"2016-08-18T13:05:32","guid":{"rendered":"http:\/\/www.festivals.be\/festivals-belgique\/?page_id=136"},"modified":"2016-08-18T15:05:32","modified_gmt":"2016-08-18T13:05:32","slug":"ronquieres","status":"publish","type":"page","link":"https:\/\/www.festivals.be\/festivals-belgique\/festivals\/musique\/rock-et-divers\/ronquieres\/","title":{"rendered":"Ronqui\u00e8res"},"content":{"rendered":"<p>Un plan inclin\u00e9 ? Un site pas comme les autres ! Voil\u00e0 une premi\u00e8re particularit\u00e9 qui permet au festival de Ronqui\u00e8res de sortir du lot et de se faire remarquer.<\/p>\n<p>Une chose est claire : ces derni\u00e8res ann\u00e9es le festival se donne une ambition grandissante, avec un affiche de plus en plus impressionnante pour un festival qui reste abordable. De ce point de vue, l&rsquo;\u00e9dition 2016 et son succ\u00e8s resterons certainement comme un tournant important. Essai \u00e0 transformer dans les ann\u00e9es \u00e0 venir pour un festival dont l&rsquo;identit\u00e9 artistique doit encore se d\u00e9finir dans la continuit\u00e9.<\/p>\n","protected":false},"excerpt":{"rendered":"<p>Un plan inclin\u00e9 ? Un site pas comme les autres ! Voil\u00e0 une premi\u00e8re particularit\u00e9 qui permet au festival de Ronqui\u00e8res de sortir du lot et de se faire remarquer. &hellip; <a href=\"https:\/\/www.festivals.be\/festivals-belgique\/festivals\/musique\/rock-et-divers\/ronquieres\/\" class=\"more-link\">Continuer la lecture<span class=\"screen-reader-text\"> de &laquo;&nbsp;Ronqui\u00e8res&nbsp;&raquo;<\/span><\/a><\/p>\n","protected":false},"author":1,"featured_media":0,"parent":18,"menu_order":0,"comment_status":"closed","ping_status":"closed","template":"","meta":{"jetpack_post_was_ever_published":false,"footnotes":""},"class_list":["post-136","page","type-page","status-publish","hentry"],"aioseo_notices":[],"jetpack_sharing_enabled":true,"jetpack_shortlink":"https:\/\/wp.me\/P7Iv6j-2c","jetpack_likes_enabled":true,"jetpack-related-posts":[{"id":212,"url":"https:\/\/www.festivals.be\/festivals-belgique\/festivals\/musique\/rock-et-divers\/pukkelpop\/","url_meta":{"origin":136,"position":0},"title":"Pukkelpop","author":"Admin","date":"1 mars 2017","format":false,"excerpt":"Un des festivals de musique les plus attendu chaque ann\u00e9e ! Le Pukkelpop c'est 4 jours de folie et des dizaines de milliers de festivaliers qui se baladent entre de nombreuses sc\u00e8nes pour acclamer des artistes confirm\u00e9s ou des futures stars nationales et internationales. Du rock, de la pop, de\u2026","rel":"","context":"Article similaire","block_context":{"text":"Article similaire","link":""},"img":{"alt_text":"","src":"","width":0,"height":0},"classes":[]},{"id":217,"url":"https:\/\/www.festivals.be\/festivals-belgique\/festivals\/musique\/classique\/festival-de-wallonie\/","url_meta":{"origin":136,"position":1},"title":"Festival de Wallonie","author":"Admin","date":"1 mars 2017","format":false,"excerpt":"Le Festival de Wallonie est un festival de musique classique qui s'\u00e9tend sur plus de quatre mois et propose plus de 150 concerts lors de sept festivals diff\u00e9rents, r\u00e9partis sur l\u2019ensemble du territoire de la Wallonie et \u00e0 Bruxelles. Chaque ann\u00e9e le\u00a0programme ravit le public\u00a0\u00e0 Namur, Mons, Li\u00e8ge, Stavelot, Tournai,\u2026","rel":"","context":"Article similaire","block_context":{"text":"Article similaire","link":""},"img":{"alt_text":"","src":"","width":0,"height":0},"classes":[]},{"id":64,"url":"https:\/\/www.festivals.be\/festivals-belgique\/a-propos\/","url_meta":{"origin":136,"position":2},"title":"A propos","author":"Admin","date":"13 juillet 2016","format":false,"excerpt":"Festivals.be : n\u00b01 sur les Festivals en Belgique ! En ligne\u00a0depuis 2001, le site Festivals .be s'est rapidement impos\u00e9 comme le premier site sur les festivals en Belgique. Avec des dizaines de milliers de pages vues et de visiteurs uniques par mois, il attire une grande partie de l'audience des\u2026","rel":"","context":"Article similaire","block_context":{"text":"Article similaire","link":""},"img":{"alt_text":"","src":"","width":0,"height":0},"classes":[]},{"id":188,"url":"https:\/\/www.festivals.be\/festivals-belgique\/festivals\/theatre\/festival-de-liege\/","url_meta":{"origin":136,"position":3},"title":"Festival de Li\u00e8ge","author":"Admin","date":"1 mars 2017","format":false,"excerpt":"Le Festival de Li\u00e8ge rassemble des spectacles de th\u00e9\u00e2tre, danse et musique. Comme son nom l'indique il a lieu chaque ann\u00e9e dans la ville de Li\u00e8ge, durant le mois de f\u00e9vrier. Date de la prochaine \u00e9dition : Festival de Li\u00e8ge 2018 (\u00e0 confirmer) Site internet : Festival de Li\u00e8ge \u00a0","rel":"","context":"Article similaire","block_context":{"text":"Article similaire","link":""},"img":{"alt_text":"","src":"","width":0,"height":0},"classes":[]},{"id":205,"url":"https:\/\/www.festivals.be\/festivals-belgique\/festivals\/films-et-cinema\/anima\/","url_meta":{"origin":136,"position":4},"title":"Anima","author":"Admin","date":"1 mars 2017","format":false,"excerpt":"Ev\u00e9nement incroyable et d'une v\u00e9ritable qualit\u00e9 internationale, le festival Anima rassemble chaque ann\u00e9e les meilleurs films d'animation venus du monde entier. Qu'ils soient \u00e0 destination d'un public jeune, familial ou adulte, les films se succ\u00e8dent dans les salles de Flagey \u00e0 Bruxelles durant toute une semaine. Des dizaines de projections,\u2026","rel":"","context":"Article similaire","block_context":{"text":"Article similaire","link":""},"img":{"alt_text":"","src":"","width":0,"height":0},"classes":[]},{"id":265,"url":"https:\/\/www.festivals.be\/festivals-belgique\/festivals\/musique\/rock-et-divers\/genk-on-stage\/","url_meta":{"origin":136,"position":5},"title":"Genk on Stage","author":"Admin","date":"2 mars 2017","format":false,"excerpt":"Comme son nom l'indique, le festival Genk on Stage se d\u00e9roule dans la ville limbourgeoise de Genk. Il a lieu chaque ann\u00e9e \u00e0 la fin du mois de juin et est organis\u00e9 par la ville de Genk. Le festival rassemble plus d'une centaine de groupes, dont certains noms \u00e0 la\u2026","rel":"","context":"Article similaire","block_context":{"text":"Article similaire","link":""},"img":{"alt_text":"","src":"","width":0,"height":0},"classes":[]}],"_links":{"self":[{"href":"https:\/\/www.festivals.be\/festivals-belgique\/wp-json\/wp\/v2\/pages\/136","targetHints":{"allow":["GET"]}}],"collection":[{"href":"https:\/\/www.festivals.be\/festivals-belgique\/wp-json\/wp\/v2\/pages"}],"about":[{"href":"https:\/\/www.festivals.be\/festivals-belgique\/wp-json\/wp\/v2\/types\/page"}],"author":[{"embeddable":true,"href":"https:\/\/www.festivals.be\/festivals-belgique\/wp-json\/wp\/v2\/users\/1"}],"replies":[{"embeddable":true,"href":"https:\/\/www.festivals.be\/festivals-belgique\/wp-json\/wp\/v2\/comments?post=136"}],"version-history":[{"count":1,"href":"https:\/\/www.festivals.be\/festivals-belgique\/wp-json\/wp\/v2\/pages\/136\/revisions"}],"predecessor-version":[{"id":137,"href":"https:\/\/www.festivals.be\/festivals-belgique\/wp-json\/wp\/v2\/pages\/136\/revisions\/137"}],"up":[{"embeddable":true,"href":"https:\/\/www.festivals.be\/festivals-belgique\/wp-json\/wp\/v2\/pages\/18"}],"wp:attachment":[{"href":"https:\/\/www.festivals.be\/festivals-belgique\/wp-json\/wp\/v2\/media?parent=136"}],"curies":[{"name":"wp","href":"https:\/\/api.w.org\/{rel}","templated":true}]}}