{"id":153,"date":"2016-09-05T13:37:16","date_gmt":"2016-09-05T11:37:16","guid":{"rendered":"http:\/\/www.festivals.be\/festivals-belgique\/?page_id=153"},"modified":"2016-09-05T13:37:16","modified_gmt":"2016-09-05T11:37:16","slug":"eat-brussels","status":"publish","type":"page","link":"https:\/\/www.festivals.be\/festivals-belgique\/festivals\/gastronomie\/eat-brussels\/","title":{"rendered":"Eat! Brussels"},"content":{"rendered":"<p>Traditionnellement organis\u00e9 durant le mois de septembre dans le Parc Royal de Bruxelles, face au palais, le <strong>food festival Eat!<\/strong> est un concept unique qui permet aux amateurs de d\u00e9couvrir une multitude de go\u00fbts dans une ambiance festive. Le festival existe depuis 2012.<\/p>\n<p>L&rsquo;id\u00e9e du <strong>festival culinaire<\/strong> Eat! : des grands chefs se succ\u00e8dent pour vous faire d\u00e9couvrir leurs plats signatures. Il s&rsquo;agit d&rsquo;une v\u00e9ritable promenade gourmande \u00e0 travers le parc, o\u00f9 les d\u00e9gustations se succ\u00e8dent.<\/p>\n<p>Site internet : <a href=\"https:\/\/visit.brussels\/fr\/sites\/eatbrussels#\"><strong>Eat! Brussels<\/strong><\/a><\/p>\n","protected":false},"excerpt":{"rendered":"<p>Traditionnellement organis\u00e9 durant le mois de septembre dans le Parc Royal de Bruxelles, face au palais, le food festival Eat! est un concept unique qui permet aux amateurs de d\u00e9couvrir &hellip; <a href=\"https:\/\/www.festivals.be\/festivals-belgique\/festivals\/gastronomie\/eat-brussels\/\" class=\"more-link\">Continuer la lecture<span class=\"screen-reader-text\"> de &laquo;&nbsp;Eat! Brussels&nbsp;&raquo;<\/span><\/a><\/p>\n","protected":false},"author":1,"featured_media":0,"parent":24,"menu_order":0,"comment_status":"closed","ping_status":"closed","template":"","meta":{"jetpack_post_was_ever_published":false,"footnotes":""},"class_list":["post-153","page","type-page","status-publish","hentry"],"aioseo_notices":[],"jetpack_sharing_enabled":true,"jetpack_shortlink":"https:\/\/wp.me\/P7Iv6j-2t","jetpack_likes_enabled":true,"jetpack-related-posts":[{"id":132,"url":"https:\/\/www.festivals.be\/festivals-belgique\/festivals\/musique\/rock-et-divers\/brussels-summer-festival\/","url_meta":{"origin":153,"position":0},"title":"Brussels Summer Festival","author":"Admin","date":"18 ao\u00fbt 2016","format":false,"excerpt":"Le Brussels Summer Festival, aussi connu sous le nom de \"BSF\" est le festival grand-public par excellence. De grand noms, de toutes les sc\u00e8nes, belges, fran\u00e7aises et internationales, ... se succ\u00e8dent pendant 10 jours dans diff\u00e9rents lieux de la capitale.","rel":"","context":"Article similaire","block_context":{"text":"Article similaire","link":""},"img":{"alt_text":"","src":"","width":0,"height":0},"classes":[]},{"id":369,"url":"https:\/\/www.festivals.be\/festivals-belgique\/festivals\/musique\/jazz\/brussels-jazz-marathon\/","url_meta":{"origin":153,"position":1},"title":"Brussels Jazz Marathon","author":"Admin","date":"6 mars 2017","format":false,"excerpt":"Le Jazz Marathon de Bruxelles c'est depuis plus de 20 ans un rendez-vous incroyable qui plonge notre capitale dans une ambiance jazzy, des plus grandes places de la ville aux plus petits clubs et bars : plus de 150 concerts et plus de 450 groupes se succ\u00e8dent durant 3 jours.\u2026","rel":"","context":"Article similaire","block_context":{"text":"Article similaire","link":""},"img":{"alt_text":"Jazz Marathon","src":"https:\/\/i0.wp.com\/www.festivals.be\/festivals-belgique\/wp-content\/uploads\/2017\/03\/bjm16.generiek-218x300.png?resize=350%2C200","width":350,"height":200},"classes":[]},{"id":562,"url":"https:\/\/www.festivals.be\/festivals-belgique\/festivals\/gastronomie\/brussels-beer-fest\/","url_meta":{"origin":153,"position":2},"title":"Brussels Beer Fest","author":"Admin","date":"22 ao\u00fbt 2017","format":false,"excerpt":"La f\u00eate de la bi\u00e8re ... dans la capitale de la bi\u00e8re ! Site internet : Brussels Beer Fest Envergure internationale BXLBeerFest a des ambitions internationales, tant au niveau des brasseries invit\u00e9es que du public vis\u00e9. Les passionn\u00e9s de bi\u00e8res des 4 coins du monde sont convi\u00e9s \u00e0 venir d\u00e9couvrir\u2026","rel":"","context":"Article similaire","block_context":{"text":"Article similaire","link":""},"img":{"alt_text":"","src":"","width":0,"height":0},"classes":[]},{"id":436,"url":"https:\/\/www.festivals.be\/festivals-belgique\/festivals\/theatre\/kermezzoo\/","url_meta":{"origin":153,"position":3},"title":"Kermezzoo","author":"Admin","date":"23 mars 2017","format":false,"excerpt":"Le festival Kermezzoo est la biennale bruxelloise consacr\u00e9e \u00e0 l'humour sous toutes ses formes : spectacles, one man shows, stand up, ... un m\u00e9lange des styles est des genres dont le point commun est de d\u00e9rider les Bruxellois \u00e0 l'arriv\u00e9e des beaux jours. Durant 3 semaines, des shows in\u00e9dits et\u2026","rel":"","context":"Article similaire","block_context":{"text":"Article similaire","link":""},"img":{"alt_text":"Kermezzoo","src":"https:\/\/i0.wp.com\/www.festivals.be\/festivals-belgique\/wp-content\/uploads\/2017\/03\/tent-300x235.png?resize=350%2C200","width":350,"height":200},"classes":[]},{"id":701,"url":"https:\/\/www.festivals.be\/festivals-belgique\/liens\/","url_meta":{"origin":153,"position":4},"title":"Liens","author":"Admin","date":"17 d\u00e9cembre 2019","format":false,"excerpt":"Festivals Agenda des festivals en Belgique, infos pratiques et achat de tickets : Festivals Festivals Belgique Festivals Belgi\u00eb Festival Vlaanderen Festivals Vlaanderen Festival TV Festivals TV Festival TV Festivals TV Festivals Europe Festivals Europe Festivals Europe Concerts agenda Concerts Belgique Concerten Belgi\u00eb Concerten agenda Hotels, voyages et vacances Le plus\u2026","rel":"","context":"Article similaire","block_context":{"text":"Article similaire","link":""},"img":{"alt_text":"","src":"","width":0,"height":0},"classes":[]},{"id":13,"url":"https:\/\/www.festivals.be\/festivals-belgique\/festivals\/","url_meta":{"origin":153,"position":5},"title":"Festivals","author":"Admin","date":"13 juillet 2016","format":false,"excerpt":"Tous les festivals en Belgique. Agenda des festivals en Belgique Senneffe\u00a0 Waterlol\u00a0 Rock system\u00a0 Un festival\u00a0 Belzik\u00a0 Listen\u00a0 La smalla\u00a0 Avril en ville\u00a0 Confluent jazz festival\u00a0 Forest Sounds\u00a0 Kikk\u00a0 Into the blue\u00a0 Vibrations \u00e0 Malmedy Le refuge\u00a0 Fiestacity verviers\u00a0 Brdcst - broadcast \u00e0 l' Ancienne Belgique\u00a0 Le jour le plus\u2026","rel":"","context":"Article similaire","block_context":{"text":"Article similaire","link":""},"img":{"alt_text":"","src":"","width":0,"height":0},"classes":[]}],"_links":{"self":[{"href":"https:\/\/www.festivals.be\/festivals-belgique\/wp-json\/wp\/v2\/pages\/153","targetHints":{"allow":["GET"]}}],"collection":[{"href":"https:\/\/www.festivals.be\/festivals-belgique\/wp-json\/wp\/v2\/pages"}],"about":[{"href":"https:\/\/www.festivals.be\/festivals-belgique\/wp-json\/wp\/v2\/types\/page"}],"author":[{"embeddable":true,"href":"https:\/\/www.festivals.be\/festivals-belgique\/wp-json\/wp\/v2\/users\/1"}],"replies":[{"embeddable":true,"href":"https:\/\/www.festivals.be\/festivals-belgique\/wp-json\/wp\/v2\/comments?post=153"}],"version-history":[{"count":1,"href":"https:\/\/www.festivals.be\/festivals-belgique\/wp-json\/wp\/v2\/pages\/153\/revisions"}],"predecessor-version":[{"id":154,"href":"https:\/\/www.festivals.be\/festivals-belgique\/wp-json\/wp\/v2\/pages\/153\/revisions\/154"}],"up":[{"embeddable":true,"href":"https:\/\/www.festivals.be\/festivals-belgique\/wp-json\/wp\/v2\/pages\/24"}],"wp:attachment":[{"href":"https:\/\/www.festivals.be\/festivals-belgique\/wp-json\/wp\/v2\/media?parent=153"}],"curies":[{"name":"wp","href":"https:\/\/api.w.org\/{rel}","templated":true}]}}