{"id":178,"date":"2017-03-01T17:56:04","date_gmt":"2017-03-01T16:56:04","guid":{"rendered":"http:\/\/www.festivals.be\/festivals-belgique\/?page_id=178"},"modified":"2017-03-01T17:56:04","modified_gmt":"2017-03-01T16:56:04","slug":"les-nuits-botanique","status":"publish","type":"page","link":"https:\/\/www.festivals.be\/festivals-belgique\/festivals\/musique\/rock-et-divers\/les-nuits-botanique\/","title":{"rendered":"Les Nuits Botanique"},"content":{"rendered":"<p>Le festival <strong>Les Nuits Botaniques<\/strong>, que les intimes appellent \u00ab\u00a0<strong>Les Nuits<\/strong>\u00a0\u00bb est une magnifique vitrine annuelle sur ce que la pop, le rock, l&rsquo;\u00e9lectro et toutes les autres musiques proposent de plus prometteur.<\/p>\n<p>Des artistes confirm\u00e9s comme des jeunes pousses belges et internationales se succ\u00e8dent sur l&rsquo;ensemble des sc\u00e8nes du <strong>Botanique<\/strong>.<\/p>\n<p>Dates de la prochaine \u00e9dition : Les Nuits Botanique 2017, du 11 au 24\/5\/2017<\/p>\n<p>Site internet : <a href=\"http:\/\/www.botanique.be\">Botanique.be <\/a><\/p>\n<p>&nbsp;<\/p>\n","protected":false},"excerpt":{"rendered":"<p>Le festival Les Nuits Botaniques, que les intimes appellent \u00ab\u00a0Les Nuits\u00a0\u00bb est une magnifique vitrine annuelle sur ce que la pop, le rock, l&rsquo;\u00e9lectro et toutes les autres musiques proposent &hellip; <a href=\"https:\/\/www.festivals.be\/festivals-belgique\/festivals\/musique\/rock-et-divers\/les-nuits-botanique\/\" class=\"more-link\">Continuer la lecture<span class=\"screen-reader-text\"> de &laquo;&nbsp;Les Nuits Botanique&nbsp;&raquo;<\/span><\/a><\/p>\n","protected":false},"author":1,"featured_media":0,"parent":18,"menu_order":0,"comment_status":"closed","ping_status":"closed","template":"","meta":{"footnotes":""},"class_list":["post-178","page","type-page","status-publish","hentry"],"aioseo_notices":[],"jetpack_sharing_enabled":true,"jetpack_shortlink":"https:\/\/wp.me\/P7Iv6j-2S","jetpack_likes_enabled":true,"jetpack-related-posts":[{"id":387,"url":"https:\/\/www.festivals.be\/festivals-belgique\/festivals\/autres\/museum-night-fever\/","url_meta":{"origin":178,"position":0},"title":"Museum Night Fever","author":"Admin","date":"9 mars 2017","format":false,"excerpt":"C'est la f\u00eate annuelle des mus\u00e9es bruxellois ! Chaque ann\u00e9e depuis 2007, le temps d'une soir\u00e9e et d'une nuit, de nombreux mus\u00e9es de la capitale prennent un coup de folie et ouvrent leurs portes aux noctambules pour des visites \u00a0guid\u00e9es hors du commun, des \u00e9v\u00e9nements, des animations, des performances live,\u2026","rel":"","context":"Article similaire","block_context":{"text":"Article similaire","link":""},"img":{"alt_text":"","src":"","width":0,"height":0},"classes":[]},{"id":323,"url":"https:\/\/www.festivals.be\/festivals-belgique\/festivals\/musique\/electro-et-dance\/ten-days-off\/","url_meta":{"origin":178,"position":1},"title":"Ten Days Off","author":"Admin","date":"2 mars 2017","format":false,"excerpt":"Organis\u00e9 dans la ville de Gand, dans et autour de la salle mythique du Vooruit le festival 10 Days Off est un rendez-vous majeur de l'\u00e9lectro en Belgique. Les plus grands nom et les artistes les plus underground se relaient pendant 10 jours sur sc\u00e8ne, jour et nuit ! Ce\u2026","rel":"","context":"Article similaire","block_context":{"text":"Article similaire","link":""},"img":{"alt_text":"10 Days Off","src":"https:\/\/i0.wp.com\/www.festivals.be\/festivals-belgique\/wp-content\/uploads\/2017\/03\/be-10daysoff-hawtin-300x198.jpg?resize=350%2C200","width":350,"height":200},"classes":[]},{"id":13,"url":"https:\/\/www.festivals.be\/festivals-belgique\/festivals\/","url_meta":{"origin":178,"position":2},"title":"Festivals","author":"Admin","date":"13 juillet 2016","format":false,"excerpt":"Tous les festivals en Belgique. Agenda des festivals en Belgique Senneffe\u00a0 Waterlol\u00a0 Rock system\u00a0 Un festival\u00a0 Belzik\u00a0 Listen\u00a0 La smalla\u00a0 Avril en ville\u00a0 Confluent jazz festival\u00a0 Forest Sounds\u00a0 Kikk\u00a0 Into the blue\u00a0 Vibrations \u00e0 Malmedy Le refuge\u00a0 Fiestacity verviers\u00a0 Brdcst - broadcast \u00e0 l' Ancienne Belgique\u00a0 Le jour le plus\u2026","rel":"","context":"Article similaire","block_context":{"text":"Article similaire","link":""},"img":{"alt_text":"","src":"","width":0,"height":0},"classes":[]},{"id":358,"url":"https:\/\/www.festivals.be\/festivals-belgique\/festivals\/musique\/electro-et-dance\/frontline-festival\/","url_meta":{"origin":178,"position":3},"title":"Frontline Festival","author":"Admin","date":"6 mars 2017","format":false,"excerpt":"Le festival Frontline a vu le jour en 2013. Il s'agit d'un festival de musique \u00e9lectronique qui grandit chaque ann\u00e9e. En 2016 il a rassembl\u00e9 plus de 2.000 festivaliers autour de DJ locaux \u00e0 Zonnebeke, pr\u00e8s de Ypres. Dates de la prochaine \u00e9dition : Frontline Festival 2017, le 19 ao\u00fbt\u2026","rel":"","context":"Article similaire","block_context":{"text":"Article similaire","link":""},"img":{"alt_text":"Frontline Festival","src":"https:\/\/i0.wp.com\/www.festivals.be\/festivals-belgique\/wp-content\/uploads\/2017\/03\/Frontline-Festival-300x300.png?resize=350%2C200","width":350,"height":200},"classes":[]},{"id":381,"url":"https:\/\/www.festivals.be\/festivals-belgique\/festivals\/autres\/banad-festival\/","url_meta":{"origin":178,"position":4},"title":"BANAD Festival","author":"Admin","date":"9 mars 2017","format":false,"excerpt":"En mars 2017 a lieu la premi\u00e8re \u00e9dition de ce festival bruxellois de l'Art Nouveau et de l'Art D\u00e9co, anciennement la biennale Art Nouveau et Art D\u00e9co. Durant 15 jours de printemps diff\u00e9rents lieux de la Capitale ouvrent leurs portes pour accueillir visites, promenades \u00e0 pied et en v\u00e9lo, concerts,\u2026","rel":"","context":"Article similaire","block_context":{"text":"Article similaire","link":""},"img":{"alt_text":"","src":"","width":0,"height":0},"classes":[]},{"id":353,"url":"https:\/\/www.festivals.be\/festivals-belgique\/festivals\/musique\/musique-du-monde\/jamin-jette\/","url_meta":{"origin":178,"position":5},"title":"Jam&rsquo;in Jette","author":"Admin","date":"3 mars 2017","format":false,"excerpt":"Dates de la prochaine \u00e9dition : Jam'in Jette 2017, les 12 et 13 mai 2017 Site internet : Jam'in Jette","rel":"","context":"Article similaire","block_context":{"text":"Article similaire","link":""},"img":{"alt_text":"Jam'in Jette","src":"https:\/\/i0.wp.com\/jaminjette.be\/wp-content\/uploads\/2017\/02\/13243949_585689461598928_7638618773152824583_o-e1486308730711.jpg?resize=350%2C200","width":350,"height":200,"srcset":"https:\/\/i0.wp.com\/jaminjette.be\/wp-content\/uploads\/2017\/02\/13243949_585689461598928_7638618773152824583_o-e1486308730711.jpg?resize=350%2C200 1x, https:\/\/i0.wp.com\/jaminjette.be\/wp-content\/uploads\/2017\/02\/13243949_585689461598928_7638618773152824583_o-e1486308730711.jpg?resize=525%2C300 1.5x"},"classes":[]}],"_links":{"self":[{"href":"https:\/\/www.festivals.be\/festivals-belgique\/wp-json\/wp\/v2\/pages\/178","targetHints":{"allow":["GET"]}}],"collection":[{"href":"https:\/\/www.festivals.be\/festivals-belgique\/wp-json\/wp\/v2\/pages"}],"about":[{"href":"https:\/\/www.festivals.be\/festivals-belgique\/wp-json\/wp\/v2\/types\/page"}],"author":[{"embeddable":true,"href":"https:\/\/www.festivals.be\/festivals-belgique\/wp-json\/wp\/v2\/users\/1"}],"replies":[{"embeddable":true,"href":"https:\/\/www.festivals.be\/festivals-belgique\/wp-json\/wp\/v2\/comments?post=178"}],"version-history":[{"count":1,"href":"https:\/\/www.festivals.be\/festivals-belgique\/wp-json\/wp\/v2\/pages\/178\/revisions"}],"predecessor-version":[{"id":179,"href":"https:\/\/www.festivals.be\/festivals-belgique\/wp-json\/wp\/v2\/pages\/178\/revisions\/179"}],"up":[{"embeddable":true,"href":"https:\/\/www.festivals.be\/festivals-belgique\/wp-json\/wp\/v2\/pages\/18"}],"wp:attachment":[{"href":"https:\/\/www.festivals.be\/festivals-belgique\/wp-json\/wp\/v2\/media?parent=178"}],"curies":[{"name":"wp","href":"https:\/\/api.w.org\/{rel}","templated":true}]}}