{"id":195,"date":"2017-03-01T18:52:05","date_gmt":"2017-03-01T17:52:05","guid":{"rendered":"http:\/\/www.festivals.be\/festivals-belgique\/?page_id=195"},"modified":"2017-03-01T18:52:48","modified_gmt":"2017-03-01T17:52:48","slug":"chassepiere","status":"publish","type":"page","link":"https:\/\/www.festivals.be\/festivals-belgique\/festivals\/theatre\/chassepiere\/","title":{"rendered":"Chassepi\u00e8re"},"content":{"rendered":"<p>Certainement un des moments les plus magiques de la saison des festivals en Belgique. Tout le village de <strong>Chassepi\u00e8re<\/strong>, situ\u00e9 dans les Ardennes non loin de Florenville, se transforme l&rsquo;espace d&rsquo;un week-end en une \u00e9norme f\u00eate \u00e0 la gloire des arts de la rue : acrobates, jongleurs, clowns, musiciens, danseurs, magiciens, &#8230; Chaque ann\u00e9e des artistes du monde entier se retrouvent \u00e0 <strong>Chassepi\u00e8re<\/strong> pour ce <strong>Festival International des Arts de la Rue<\/strong>.<\/p>\n<p>Dates de la prochaine \u00e9dition : <strong>Chassepi\u00e8re 2017<\/strong>, les 19 et 20 ao\u00fbt 2017<\/p>\n<p>Site internet : <a href=\"http:\/\/www.chassepierre.be\/\">Chassepi\u00e8re<\/a><\/p>\n<p>&nbsp;<\/p>\n","protected":false},"excerpt":{"rendered":"<p>Certainement un des moments les plus magiques de la saison des festivals en Belgique. Tout le village de Chassepi\u00e8re, situ\u00e9 dans les Ardennes non loin de Florenville, se transforme l&rsquo;espace &hellip; <a href=\"https:\/\/www.festivals.be\/festivals-belgique\/festivals\/theatre\/chassepiere\/\" class=\"more-link\">Continuer la lecture<span class=\"screen-reader-text\"> de &laquo;&nbsp;Chassepi\u00e8re&nbsp;&raquo;<\/span><\/a><\/p>\n","protected":false},"author":1,"featured_media":0,"parent":20,"menu_order":0,"comment_status":"closed","ping_status":"closed","template":"","meta":{"footnotes":""},"class_list":["post-195","page","type-page","status-publish","hentry"],"aioseo_notices":[],"jetpack_sharing_enabled":true,"jetpack_shortlink":"https:\/\/wp.me\/P7Iv6j-39","jetpack_likes_enabled":true,"jetpack-related-posts":[{"id":381,"url":"https:\/\/www.festivals.be\/festivals-belgique\/festivals\/autres\/banad-festival\/","url_meta":{"origin":195,"position":0},"title":"BANAD Festival","author":"Admin","date":"9 mars 2017","format":false,"excerpt":"En mars 2017 a lieu la premi\u00e8re \u00e9dition de ce festival bruxellois de l'Art Nouveau et de l'Art D\u00e9co, anciennement la biennale Art Nouveau et Art D\u00e9co. Durant 15 jours de printemps diff\u00e9rents lieux de la Capitale ouvrent leurs portes pour accueillir visites, promenades \u00e0 pied et en v\u00e9lo, concerts,\u2026","rel":"","context":"Article similaire","block_context":{"text":"Article similaire","link":""},"img":{"alt_text":"","src":"","width":0,"height":0},"classes":[]},{"id":20,"url":"https:\/\/www.festivals.be\/festivals-belgique\/festivals\/theatre\/","url_meta":{"origin":195,"position":1},"title":"Th\u00e9\u00e2tre","author":"Admin","date":"13 juillet 2016","format":false,"excerpt":"Tous les festivals de th\u00e9\u00e2tre, cirque et arts de la rue.","rel":"","context":"Article similaire","block_context":{"text":"Article similaire","link":""},"img":{"alt_text":"","src":"","width":0,"height":0},"classes":[]},{"id":13,"url":"https:\/\/www.festivals.be\/festivals-belgique\/festivals\/","url_meta":{"origin":195,"position":2},"title":"Festivals","author":"Admin","date":"13 juillet 2016","format":false,"excerpt":"Tous les festivals en Belgique. Agenda des festivals en Belgique Senneffe\u00a0 Waterlol\u00a0 Rock system\u00a0 Un festival\u00a0 Belzik\u00a0 Listen\u00a0 La smalla\u00a0 Avril en ville\u00a0 Confluent jazz festival\u00a0 Forest Sounds\u00a0 Kikk\u00a0 Into the blue\u00a0 Vibrations \u00e0 Malmedy Le refuge\u00a0 Fiestacity verviers\u00a0 Brdcst - broadcast \u00e0 l' Ancienne Belgique\u00a0 Le jour le plus\u2026","rel":"","context":"Article similaire","block_context":{"text":"Article similaire","link":""},"img":{"alt_text":"","src":"","width":0,"height":0},"classes":[]},{"id":392,"url":"https:\/\/www.festivals.be\/festivals-belgique\/festivals\/musique\/electro-et-dance\/listen-festival\/","url_meta":{"origin":195,"position":3},"title":"Listen Festival","author":"Admin","date":"9 mars 2017","format":false,"excerpt":"Avec sa premi\u00e8re \u00e9dition r\u00e9ussie en 2016 avec des milliers de festivaliers, le festival Listen ! est le nouveau venu des festivals \u00e9lectro \u00e0 Bruxelles. Durant 3 jours, des DJs se succ\u00e8dent sur plusieurs sc\u00e8nes majeures de la capitale pour animer cet \u00e9v\u00e9nement qui se veut celui des \"musiques du\u2026","rel":"","context":"Article similaire","block_context":{"text":"Article similaire","link":""},"img":{"alt_text":"Listen Festival","src":"https:\/\/i0.wp.com\/www.festivals.be\/festivals-belgique\/wp-content\/uploads\/2017\/03\/layer4A-300x300.png?resize=350%2C200","width":350,"height":200},"classes":[]},{"id":118,"url":"https:\/\/www.festivals.be\/festivals-belgique\/festivals\/musique\/rock-et-divers\/francofolies-de-spa\/","url_meta":{"origin":195,"position":4},"title":"Francofolies de Spa","author":"Admin","date":"18 ao\u00fbt 2016","format":false,"excerpt":"En fran\u00e7ais ... et en famille. La ville de Spa accueille chaque ann\u00e9e durant le mois de juillet le festival tr\u00e8s familial des Francofolies, aussi bien connu sous le petit nom : \"Les Francos\" ! Inspir\u00e9 par le festival fran\u00e7ais les Francofolies de La Rochelle, cr\u00e9\u00e9 en 1985, la version\u2026","rel":"","context":"Article similaire","block_context":{"text":"Article similaire","link":""},"img":{"alt_text":"Francofolies","src":"https:\/\/i0.wp.com\/www.festivals.be\/festivals-belgique\/wp-content\/uploads\/2016\/08\/Francofolies-300x300.jpg?resize=350%2C200","width":350,"height":200},"classes":[]},{"id":358,"url":"https:\/\/www.festivals.be\/festivals-belgique\/festivals\/musique\/electro-et-dance\/frontline-festival\/","url_meta":{"origin":195,"position":5},"title":"Frontline Festival","author":"Admin","date":"6 mars 2017","format":false,"excerpt":"Le festival Frontline a vu le jour en 2013. Il s'agit d'un festival de musique \u00e9lectronique qui grandit chaque ann\u00e9e. En 2016 il a rassembl\u00e9 plus de 2.000 festivaliers autour de DJ locaux \u00e0 Zonnebeke, pr\u00e8s de Ypres. Dates de la prochaine \u00e9dition : Frontline Festival 2017, le 19 ao\u00fbt\u2026","rel":"","context":"Article similaire","block_context":{"text":"Article similaire","link":""},"img":{"alt_text":"Frontline Festival","src":"https:\/\/i0.wp.com\/www.festivals.be\/festivals-belgique\/wp-content\/uploads\/2017\/03\/Frontline-Festival-300x300.png?resize=350%2C200","width":350,"height":200},"classes":[]}],"_links":{"self":[{"href":"https:\/\/www.festivals.be\/festivals-belgique\/wp-json\/wp\/v2\/pages\/195","targetHints":{"allow":["GET"]}}],"collection":[{"href":"https:\/\/www.festivals.be\/festivals-belgique\/wp-json\/wp\/v2\/pages"}],"about":[{"href":"https:\/\/www.festivals.be\/festivals-belgique\/wp-json\/wp\/v2\/types\/page"}],"author":[{"embeddable":true,"href":"https:\/\/www.festivals.be\/festivals-belgique\/wp-json\/wp\/v2\/users\/1"}],"replies":[{"embeddable":true,"href":"https:\/\/www.festivals.be\/festivals-belgique\/wp-json\/wp\/v2\/comments?post=195"}],"version-history":[{"count":2,"href":"https:\/\/www.festivals.be\/festivals-belgique\/wp-json\/wp\/v2\/pages\/195\/revisions"}],"predecessor-version":[{"id":197,"href":"https:\/\/www.festivals.be\/festivals-belgique\/wp-json\/wp\/v2\/pages\/195\/revisions\/197"}],"up":[{"embeddable":true,"href":"https:\/\/www.festivals.be\/festivals-belgique\/wp-json\/wp\/v2\/pages\/20"}],"wp:attachment":[{"href":"https:\/\/www.festivals.be\/festivals-belgique\/wp-json\/wp\/v2\/media?parent=195"}],"curies":[{"name":"wp","href":"https:\/\/api.w.org\/{rel}","templated":true}]}}