{"id":205,"date":"2017-03-01T20:49:35","date_gmt":"2017-03-01T19:49:35","guid":{"rendered":"http:\/\/www.festivals.be\/festivals-belgique\/?page_id=205"},"modified":"2017-03-01T20:50:33","modified_gmt":"2017-03-01T19:50:33","slug":"anima","status":"publish","type":"page","link":"https:\/\/www.festivals.be\/festivals-belgique\/festivals\/films-et-cinema\/anima\/","title":{"rendered":"Anima"},"content":{"rendered":"<p>Ev\u00e9nement incroyable et d&rsquo;une v\u00e9ritable qualit\u00e9 internationale, le <strong>festival Anima<\/strong> rassemble chaque ann\u00e9e les meilleurs films d&rsquo;animation venus du monde entier. Qu&rsquo;ils soient \u00e0 destination d&rsquo;un public jeune, familial ou adulte, les films se succ\u00e8dent dans les salles de Flagey \u00e0 Bruxelles durant toute une semaine.<\/p>\n<p>Des dizaines de projections, des films grand public ou intimistes, des d\u00e9couvertes ou des red\u00e9couvertes, <strong>Anima<\/strong> propose \u00e9galement des ateliers pour les enfants et bien d&rsquo;autres activit\u00e9s ludiques ou plus studieuses comme des expositions, des stages, des rencontres avec les r\u00e9alisateurs &#8230; et bien s\u00fbr la remise de prix internationaux des films d&rsquo;animation. Un des moments de l&rsquo;ann\u00e9e \u00e0 ne pas rater.<\/p>\n<p>Dates de la prochaine \u00e9dition : Anima 2018 (\u00e0 confirmer)<\/p>\n<p>Site internet : <a href=\"http:\/\/www.animafestival.be\">Festival Anima<\/a><\/p>\n<p>&nbsp;<\/p>\n<p>&nbsp;<\/p>\n","protected":false},"excerpt":{"rendered":"<p>Ev\u00e9nement incroyable et d&rsquo;une v\u00e9ritable qualit\u00e9 internationale, le festival Anima rassemble chaque ann\u00e9e les meilleurs films d&rsquo;animation venus du monde entier. Qu&rsquo;ils soient \u00e0 destination d&rsquo;un public jeune, familial ou &hellip; <a href=\"https:\/\/www.festivals.be\/festivals-belgique\/festivals\/films-et-cinema\/anima\/\" class=\"more-link\">Continuer la lecture<span class=\"screen-reader-text\"> de &laquo;&nbsp;Anima&nbsp;&raquo;<\/span><\/a><\/p>\n","protected":false},"author":1,"featured_media":0,"parent":30,"menu_order":0,"comment_status":"closed","ping_status":"closed","template":"","meta":{"footnotes":""},"class_list":["post-205","page","type-page","status-publish","hentry"],"aioseo_notices":[],"jetpack_sharing_enabled":true,"jetpack_shortlink":"https:\/\/wp.me\/P7Iv6j-3j","jetpack_likes_enabled":true,"jetpack-related-posts":[{"id":222,"url":"https:\/\/www.festivals.be\/festivals-belgique\/festivals\/musique\/musique-du-monde\/afro-latino-festival\/","url_meta":{"origin":205,"position":0},"title":"Afro-Latino Festival","author":"Admin","date":"1 mars 2017","format":false,"excerpt":"Le festival de musique du monde Afro-Latino est organis\u00e9 \u00e0 Bree et propose chaque ann\u00e9e une affiche innovante, compos\u00e9e d'artistes internationaux renomm\u00e9s venant d'Afrique, d'Am\u00e9rique latine, des Cara\u00efbes et d'Europe du Sud. Au total, c'est plus de 40 groupes et DJ qui sont programm\u00e9s, ainsi qu'une dizaine d'animations de danse\u2026","rel":"","context":"Article similaire","block_context":{"text":"Article similaire","link":""},"img":{"alt_text":"Afro Latino","src":"https:\/\/i0.wp.com\/www.festivals.be\/festivals-belgique\/wp-content\/uploads\/2017\/03\/Afro-Latino-300x200.jpg?resize=350%2C200","width":350,"height":200},"classes":[]},{"id":387,"url":"https:\/\/www.festivals.be\/festivals-belgique\/festivals\/autres\/museum-night-fever\/","url_meta":{"origin":205,"position":1},"title":"Museum Night Fever","author":"Admin","date":"9 mars 2017","format":false,"excerpt":"C'est la f\u00eate annuelle des mus\u00e9es bruxellois ! Chaque ann\u00e9e depuis 2007, le temps d'une soir\u00e9e et d'une nuit, de nombreux mus\u00e9es de la capitale prennent un coup de folie et ouvrent leurs portes aux noctambules pour des visites \u00a0guid\u00e9es hors du commun, des \u00e9v\u00e9nements, des animations, des performances live,\u2026","rel":"","context":"Article similaire","block_context":{"text":"Article similaire","link":""},"img":{"alt_text":"","src":"","width":0,"height":0},"classes":[]},{"id":292,"url":"https:\/\/www.festivals.be\/festivals-belgique\/festivals\/musique\/rock-et-divers\/les-solidarites\/","url_meta":{"origin":205,"position":2},"title":"Les Solidarit\u00e9s","author":"Admin","date":"2 mars 2017","format":false,"excerpt":"La F\u00eate des Solidarit\u00e9s se d\u00e9roule pendant un week-end de la fin du mois d'ao\u00fbt dans le cadre fantastique de la citadelle de Namur. Il accueille principalement des artistes francophone, grands noms actuels ou en devenir du paysage de la chanson. Il s'agit d'un festival familial qui fait la part\u2026","rel":"","context":"Article similaire","block_context":{"text":"Article similaire","link":""},"img":{"alt_text":"Festival des solidarit\u00e9s","src":"https:\/\/i0.wp.com\/www.festivals.be\/festivals-belgique\/wp-content\/uploads\/2017\/03\/Festivals-des-solidarites-300x100.png?resize=350%2C200","width":350,"height":200},"classes":[]},{"id":392,"url":"https:\/\/www.festivals.be\/festivals-belgique\/festivals\/musique\/electro-et-dance\/listen-festival\/","url_meta":{"origin":205,"position":3},"title":"Listen Festival","author":"Admin","date":"9 mars 2017","format":false,"excerpt":"Avec sa premi\u00e8re \u00e9dition r\u00e9ussie en 2016 avec des milliers de festivaliers, le festival Listen ! est le nouveau venu des festivals \u00e9lectro \u00e0 Bruxelles. Durant 3 jours, des DJs se succ\u00e8dent sur plusieurs sc\u00e8nes majeures de la capitale pour animer cet \u00e9v\u00e9nement qui se veut celui des \"musiques du\u2026","rel":"","context":"Article similaire","block_context":{"text":"Article similaire","link":""},"img":{"alt_text":"Listen Festival","src":"https:\/\/i0.wp.com\/www.festivals.be\/festivals-belgique\/wp-content\/uploads\/2017\/03\/layer4A-300x300.png?resize=350%2C200","width":350,"height":200},"classes":[]},{"id":191,"url":"https:\/\/www.festivals.be\/festivals-belgique\/festivals\/films-et-cinema\/festival-du-film-damour-de-mons\/","url_meta":{"origin":205,"position":4},"title":"Festival du Film d&rsquo;Amour de Mons","author":"Admin","date":"1 mars 2017","format":false,"excerpt":"Le Festival International du Film d'Amour de Mons est aussi connu sous le nom de FIFA. Il se tient chaque ann\u00e9e dans la cit\u00e9e du Doudou aux alentours de ... la Saint Valentin bien s\u00fbr ! Le festival se d\u00e9roule durant une semaine et accueille des films du monde entier.\u2026","rel":"","context":"Article similaire","block_context":{"text":"Article similaire","link":""},"img":{"alt_text":"","src":"","width":0,"height":0},"classes":[]},{"id":411,"url":"https:\/\/www.festivals.be\/festivals-belgique\/festivals\/films-et-cinema\/festival-international-du-film-francophone\/","url_meta":{"origin":205,"position":5},"title":"Festival International du Film Francophone","author":"Admin","date":"23 mars 2017","format":false,"excerpt":"Le Festival International du Film Francophone de Namur, ou FIFF pour les intimes, existe depuis 1986. Il est reconnu et fr\u00e9quent\u00e9 par l'ensemble du monde du cin\u00e9ma francophone et chaque ann\u00e9e par des milliers de spectateurs. Les jurys du FIFF remettent dans diff\u00e9rentes cat\u00e9gories des \"Bayards\", prix destin\u00e9s \u00e0 r\u00e9compenser\u2026","rel":"","context":"Article similaire","block_context":{"text":"Article similaire","link":""},"img":{"alt_text":"FIFF","src":"https:\/\/i0.wp.com\/www.festivals.be\/festivals-belgique\/wp-content\/uploads\/2017\/03\/FIFF.png?resize=350%2C200","width":350,"height":200},"classes":[]}],"_links":{"self":[{"href":"https:\/\/www.festivals.be\/festivals-belgique\/wp-json\/wp\/v2\/pages\/205","targetHints":{"allow":["GET"]}}],"collection":[{"href":"https:\/\/www.festivals.be\/festivals-belgique\/wp-json\/wp\/v2\/pages"}],"about":[{"href":"https:\/\/www.festivals.be\/festivals-belgique\/wp-json\/wp\/v2\/types\/page"}],"author":[{"embeddable":true,"href":"https:\/\/www.festivals.be\/festivals-belgique\/wp-json\/wp\/v2\/users\/1"}],"replies":[{"embeddable":true,"href":"https:\/\/www.festivals.be\/festivals-belgique\/wp-json\/wp\/v2\/comments?post=205"}],"version-history":[{"count":2,"href":"https:\/\/www.festivals.be\/festivals-belgique\/wp-json\/wp\/v2\/pages\/205\/revisions"}],"predecessor-version":[{"id":207,"href":"https:\/\/www.festivals.be\/festivals-belgique\/wp-json\/wp\/v2\/pages\/205\/revisions\/207"}],"up":[{"embeddable":true,"href":"https:\/\/www.festivals.be\/festivals-belgique\/wp-json\/wp\/v2\/pages\/30"}],"wp:attachment":[{"href":"https:\/\/www.festivals.be\/festivals-belgique\/wp-json\/wp\/v2\/media?parent=205"}],"curies":[{"name":"wp","href":"https:\/\/api.w.org\/{rel}","templated":true}]}}