{"id":212,"date":"2017-03-01T21:02:32","date_gmt":"2017-03-01T20:02:32","guid":{"rendered":"http:\/\/www.festivals.be\/festivals-belgique\/?page_id=212"},"modified":"2023-06-27T16:34:00","modified_gmt":"2023-06-27T14:34:00","slug":"pukkelpop","status":"publish","type":"page","link":"https:\/\/www.festivals.be\/festivals-belgique\/festivals\/musique\/rock-et-divers\/pukkelpop\/","title":{"rendered":"Pukkelpop"},"content":{"rendered":"\n<p>Un des <strong>festivals de musique<\/strong> les plus attendu chaque ann\u00e9e ! Le <strong>Pukkelpop<\/strong> c&rsquo;est 4 jours de folie et des dizaines de milliers de festivaliers qui se baladent entre de nombreuses sc\u00e8nes pour acclamer des artistes confirm\u00e9s ou des futures stars nationales et internationales. Du rock, de la pop, de l&rsquo;\u00e9lectro, &#8230; un bon festival grand public dans la plus pure tradition estivale.<\/p>\n\n\n\n<p>Le <strong>festival Pukkelpop<\/strong> est l&rsquo;un des \u00e9v\u00e9nements musicaux les plus populaires en Belgique. Il se d\u00e9roule chaque ann\u00e9e \u00e0 Kiewit, pr\u00e8s de Hasselt. Le festival a commenc\u00e9 en 1985 et depuis lors, il a gagn\u00e9 une r\u00e9putation mondiale pour sa programmation \u00e9clectique et son atmosph\u00e8re anim\u00e9e.<\/p>\n\n\n\n<p><strong>Pukkelpop<\/strong> propose une grande vari\u00e9t\u00e9 de genres musicaux, allant du rock et de l&rsquo;indie au hip-hop, \u00e0 l&rsquo;\u00e9lectronique et au punk. Les festivaliers peuvent profiter de performances \u00e9nergiques sur plusieurs sc\u00e8nes, avec des artistes internationaux et locaux de renom.<\/p>\n\n\n\n<p>Outre la musique, Pukkelpop offre \u00e9galement d&rsquo;autres activit\u00e9s et exp\u00e9riences. Il y a des zones de d\u00e9tente, des expositions artistiques, des installations interactives et des stands de restauration proposant une vari\u00e9t\u00e9 de cuisines. Le festival est \u00e9galement connu pour son engagement envers la durabilit\u00e9 et met en place des initiatives pour r\u00e9duire son impact sur l&rsquo;environnement.<\/p>\n\n\n\n<p>L&rsquo;ambiance \u00e0 Pukkelpop est g\u00e9n\u00e9ralement \u00e9lectrique, avec une communaut\u00e9 de festivaliers passionn\u00e9s et une atmosph\u00e8re festive. Le festival dure plusieurs jours, cr\u00e9ant ainsi une exp\u00e9rience immersive pour les fans de musique.<\/p>\n\n\n\n<p>Il convient de noter que Pukkelpop a connu des \u00e9volutions et des changements au fil des ans pour r\u00e9pondre aux attentes et aux go\u00fbts changeants du public. Cependant, il reste un rendez-vous incontournable pour les amateurs de musique en Belgique et au-del\u00e0.<\/p>\n\n\n<form role=\"search\" method=\"get\" action=\"https:\/\/www.festivals.be\/festivals-belgique\/\" class=\"wp-block-search__button-outside wp-block-search__text-button wp-block-search\"    ><label class=\"wp-block-search__label\" for=\"wp-block-search__input-1\" >Rechercher la prochaine \u00e9dition du festival Pukkelpop<\/label><div class=\"wp-block-search__inside-wrapper\" ><input class=\"wp-block-search__input\" id=\"wp-block-search__input-1\" placeholder=\"Pukkelpop\" value=\"\" type=\"search\" name=\"s\" required \/><button aria-label=\"Recherche\" class=\"wp-block-search__button wp-element-button\" type=\"submit\" >Recherche<\/button><\/div><\/form>\n\n\n<p>Dates de la prochaine \u00e9dition : <strong>Pukkelpop 2017<\/strong> du 16 au 19\/8\/2017<\/p>\n\n\n\n<p>Site internet : <a href=\"https:\/\/www.pukkelpop.be\" target=\"_blank\" rel=\"noopener\" title=\"\">Pukkelpop<\/a><\/p>\n","protected":false},"excerpt":{"rendered":"<p>Un des festivals de musique les plus attendu chaque ann\u00e9e ! Le Pukkelpop c&rsquo;est 4 jours de folie et des dizaines de milliers de festivaliers qui se baladent entre de &hellip; <a href=\"https:\/\/www.festivals.be\/festivals-belgique\/festivals\/musique\/rock-et-divers\/pukkelpop\/\" class=\"more-link\">Continuer la lecture<span class=\"screen-reader-text\"> de &laquo;&nbsp;Pukkelpop&nbsp;&raquo;<\/span><\/a><\/p>\n","protected":false},"author":1,"featured_media":0,"parent":18,"menu_order":0,"comment_status":"closed","ping_status":"closed","template":"","meta":{"jetpack_post_was_ever_published":false,"footnotes":""},"class_list":["post-212","page","type-page","status-publish","hentry"],"aioseo_notices":[],"jetpack_sharing_enabled":true,"jetpack_shortlink":"https:\/\/wp.me\/P7Iv6j-3q","jetpack_likes_enabled":true,"jetpack-related-posts":[{"id":118,"url":"https:\/\/www.festivals.be\/festivals-belgique\/festivals\/musique\/rock-et-divers\/francofolies-de-spa\/","url_meta":{"origin":212,"position":0},"title":"Francofolies de Spa","author":"Admin","date":"18 ao\u00fbt 2016","format":false,"excerpt":"En fran\u00e7ais ... et en famille. La ville de Spa accueille chaque ann\u00e9e durant le mois de juillet le festival tr\u00e8s familial des Francofolies, aussi bien connu sous le petit nom : \"Les Francos\" ! Inspir\u00e9 par le festival fran\u00e7ais les Francofolies de La Rochelle, cr\u00e9\u00e9 en 1985, la version\u2026","rel":"","context":"Article similaire","block_context":{"text":"Article similaire","link":""},"img":{"alt_text":"Francofolies","src":"https:\/\/i0.wp.com\/www.festivals.be\/festivals-belgique\/wp-content\/uploads\/2016\/08\/Francofolies-300x300.jpg?resize=350%2C200","width":350,"height":200},"classes":[]},{"id":121,"url":"https:\/\/www.festivals.be\/festivals-belgique\/festivals\/musique\/rock-et-divers\/rock-werchter\/","url_meta":{"origin":212,"position":1},"title":"Rock Werchter","author":"Admin","date":"18 ao\u00fbt 2016","format":false,"excerpt":"Chaque ann\u00e9e plus de 80.000 festivaliers par jour, Rock Werchter est LE festival rock incontournable en Belgique.","rel":"","context":"Article similaire","block_context":{"text":"Article similaire","link":""},"img":{"alt_text":"","src":"","width":0,"height":0},"classes":[]},{"id":175,"url":"https:\/\/www.festivals.be\/festivals-belgique\/festivals\/musique\/metal\/graspop-metal-meeting\/","url_meta":{"origin":212,"position":2},"title":"Graspop Metal Meeting","author":"Admin","date":"1 mars 2017","format":false,"excerpt":"Le Graspop Metal Meeting (ou Graspop)\u00a0est LE festival incontournable pour les fans de metal en Belgique. Chaque ann\u00e9e des dizaines de milliers de festivaliers arpentent les plaines du Graspop \u00e0 Dessel dans le Limbourg. De plus en plus de groupes, de plus en plus de sc\u00e8nes durant les 3 jours\u2026","rel":"","context":"Article similaire","block_context":{"text":"Article similaire","link":""},"img":{"alt_text":"","src":"","width":0,"height":0},"classes":[]},{"id":151,"url":"https:\/\/www.festivals.be\/festivals-belgique\/festivals\/musique\/rock-et-divers\/wardin-rock\/","url_meta":{"origin":212,"position":3},"title":"Ward&rsquo;in Rock","author":"Admin","date":"5 septembre 2016","format":false,"excerpt":"Le festival Ward'in Rock se tient depuis 1996 dans la petite ville de Wardin, pr\u00e8s de Bastogne dans les Ardennes. Lors de l'\u00e9dition 2016, 9.000 festivaliers ont assist\u00e9 au Ward'in Rock. Website : wardinrock.be","rel":"","context":"Article similaire","block_context":{"text":"Article similaire","link":""},"img":{"alt_text":"","src":"","width":0,"height":0},"classes":[]},{"id":265,"url":"https:\/\/www.festivals.be\/festivals-belgique\/festivals\/musique\/rock-et-divers\/genk-on-stage\/","url_meta":{"origin":212,"position":4},"title":"Genk on Stage","author":"Admin","date":"2 mars 2017","format":false,"excerpt":"Comme son nom l'indique, le festival Genk on Stage se d\u00e9roule dans la ville limbourgeoise de Genk. Il a lieu chaque ann\u00e9e \u00e0 la fin du mois de juin et est organis\u00e9 par la ville de Genk. Le festival rassemble plus d'une centaine de groupes, dont certains noms \u00e0 la\u2026","rel":"","context":"Article similaire","block_context":{"text":"Article similaire","link":""},"img":{"alt_text":"","src":"","width":0,"height":0},"classes":[]},{"id":358,"url":"https:\/\/www.festivals.be\/festivals-belgique\/festivals\/musique\/electro-et-dance\/frontline-festival\/","url_meta":{"origin":212,"position":5},"title":"Frontline Festival","author":"Admin","date":"6 mars 2017","format":false,"excerpt":"Le festival Frontline a vu le jour en 2013. Il s'agit d'un festival de musique \u00e9lectronique qui grandit chaque ann\u00e9e. En 2016 il a rassembl\u00e9 plus de 2.000 festivaliers autour de DJ locaux \u00e0 Zonnebeke, pr\u00e8s de Ypres. Dates de la prochaine \u00e9dition : Frontline Festival 2017, le 19 ao\u00fbt\u2026","rel":"","context":"Article similaire","block_context":{"text":"Article similaire","link":""},"img":{"alt_text":"Frontline Festival","src":"https:\/\/i0.wp.com\/www.festivals.be\/festivals-belgique\/wp-content\/uploads\/2017\/03\/Frontline-Festival-300x300.png?resize=350%2C200","width":350,"height":200},"classes":[]}],"_links":{"self":[{"href":"https:\/\/www.festivals.be\/festivals-belgique\/wp-json\/wp\/v2\/pages\/212","targetHints":{"allow":["GET"]}}],"collection":[{"href":"https:\/\/www.festivals.be\/festivals-belgique\/wp-json\/wp\/v2\/pages"}],"about":[{"href":"https:\/\/www.festivals.be\/festivals-belgique\/wp-json\/wp\/v2\/types\/page"}],"author":[{"embeddable":true,"href":"https:\/\/www.festivals.be\/festivals-belgique\/wp-json\/wp\/v2\/users\/1"}],"replies":[{"embeddable":true,"href":"https:\/\/www.festivals.be\/festivals-belgique\/wp-json\/wp\/v2\/comments?post=212"}],"version-history":[{"count":2,"href":"https:\/\/www.festivals.be\/festivals-belgique\/wp-json\/wp\/v2\/pages\/212\/revisions"}],"predecessor-version":[{"id":748,"href":"https:\/\/www.festivals.be\/festivals-belgique\/wp-json\/wp\/v2\/pages\/212\/revisions\/748"}],"up":[{"embeddable":true,"href":"https:\/\/www.festivals.be\/festivals-belgique\/wp-json\/wp\/v2\/pages\/18"}],"wp:attachment":[{"href":"https:\/\/www.festivals.be\/festivals-belgique\/wp-json\/wp\/v2\/media?parent=212"}],"curies":[{"name":"wp","href":"https:\/\/api.w.org\/{rel}","templated":true}]}}