{"id":222,"date":"2017-03-01T23:34:58","date_gmt":"2017-03-01T22:34:58","guid":{"rendered":"http:\/\/www.festivals.be\/festivals-belgique\/?page_id=222"},"modified":"2017-05-03T20:48:26","modified_gmt":"2017-05-03T18:48:26","slug":"afro-latino-festival","status":"publish","type":"page","link":"https:\/\/www.festivals.be\/festivals-belgique\/festivals\/musique\/musique-du-monde\/afro-latino-festival\/","title":{"rendered":"Afro-Latino Festival"},"content":{"rendered":"<figure id=\"attachment_520\" aria-describedby=\"caption-attachment-520\" style=\"width: 300px\" class=\"wp-caption alignleft\"><img data-recalc-dims=\"1\" loading=\"lazy\" decoding=\"async\" class=\"size-medium wp-image-520\" src=\"https:\/\/i0.wp.com\/www.festivals.be\/festivals-belgique\/wp-content\/uploads\/2017\/03\/Afro-Latino-300x200.jpg?resize=300%2C200\" alt=\"Afro Latino\" width=\"300\" height=\"200\" srcset=\"https:\/\/i0.wp.com\/www.festivals.be\/festivals-belgique\/wp-content\/uploads\/2017\/03\/Afro-Latino.jpg?resize=300%2C200&amp;ssl=1 300w, https:\/\/i0.wp.com\/www.festivals.be\/festivals-belgique\/wp-content\/uploads\/2017\/03\/Afro-Latino.jpg?resize=768%2C512&amp;ssl=1 768w, https:\/\/i0.wp.com\/www.festivals.be\/festivals-belgique\/wp-content\/uploads\/2017\/03\/Afro-Latino.jpg?w=1000&amp;ssl=1 1000w\" sizes=\"auto, (max-width: 300px) 85vw, 300px\" \/><figcaption id=\"caption-attachment-520\" class=\"wp-caption-text\">Afro Latino<\/figcaption><\/figure>\n<p>Le <strong>festival<\/strong> de musique du monde <strong>Afro-Latino<\/strong> est organis\u00e9 \u00e0 Bree et propose chaque ann\u00e9e une affiche innovante, compos\u00e9e d&rsquo;artistes internationaux renomm\u00e9s venant d&rsquo;Afrique, d&rsquo;Am\u00e9rique latine, des Cara\u00efbes et d&rsquo;Europe du Sud.<\/p>\n<p>Au total, c&rsquo;est plus de 40 groupes et DJ qui sont programm\u00e9s, ainsi qu&rsquo;une dizaine d&rsquo;animations de danse et autres activit\u00e9s sur le site du festival.<\/p>\n<p>Pendant 3 jours, <strong>Afro-Latino<\/strong> offre le meilleur de la musique des tropiques sur trois sc\u00e8nes install\u00e9es sous de grands et luxueux chapiteaux, eux-m\u00eames pourvus de pistes de danse.<\/p>\n<p>Dates de la prochaine \u00e9dition : <strong>Afro-Latino Bree 2017<\/strong>, du 7 au 9 juillet 2017<\/p>\n<p>Site internet : <a href=\"http:\/\/www.afro-latino.be\">Afro Latino<\/a><\/p>\n<p>&nbsp;<\/p>\n","protected":false},"excerpt":{"rendered":"<p>Le festival de musique du monde Afro-Latino est organis\u00e9 \u00e0 Bree et propose chaque ann\u00e9e une affiche innovante, compos\u00e9e d&rsquo;artistes internationaux renomm\u00e9s venant d&rsquo;Afrique, d&rsquo;Am\u00e9rique latine, des Cara\u00efbes et d&rsquo;Europe &hellip; <a href=\"https:\/\/www.festivals.be\/festivals-belgique\/festivals\/musique\/musique-du-monde\/afro-latino-festival\/\" class=\"more-link\">Continuer la lecture<span class=\"screen-reader-text\"> de &laquo;&nbsp;Afro-Latino Festival&nbsp;&raquo;<\/span><\/a><\/p>\n","protected":false},"author":1,"featured_media":0,"parent":52,"menu_order":0,"comment_status":"closed","ping_status":"closed","template":"","meta":{"footnotes":""},"class_list":["post-222","page","type-page","status-publish","hentry"],"aioseo_notices":[],"jetpack_sharing_enabled":true,"jetpack_shortlink":"https:\/\/wp.me\/P7Iv6j-3A","jetpack_likes_enabled":true,"jetpack-related-posts":[{"id":13,"url":"https:\/\/www.festivals.be\/festivals-belgique\/festivals\/","url_meta":{"origin":222,"position":0},"title":"Festivals","author":"Admin","date":"13 juillet 2016","format":false,"excerpt":"Tous les festivals en Belgique. Agenda des festivals en Belgique Senneffe\u00a0 Waterlol\u00a0 Rock system\u00a0 Un festival\u00a0 Belzik\u00a0 Listen\u00a0 La smalla\u00a0 Avril en ville\u00a0 Confluent jazz festival\u00a0 Forest Sounds\u00a0 Kikk\u00a0 Into the blue\u00a0 Vibrations \u00e0 Malmedy Le refuge\u00a0 Fiestacity verviers\u00a0 Brdcst - broadcast \u00e0 l' Ancienne Belgique\u00a0 Le jour le plus\u2026","rel":"","context":"Article similaire","block_context":{"text":"Article similaire","link":""},"img":{"alt_text":"","src":"","width":0,"height":0},"classes":[]},{"id":331,"url":"https:\/\/www.festivals.be\/festivals-belgique\/festivals\/musique\/musique-du-monde\/pole-pole\/","url_meta":{"origin":222,"position":1},"title":"Pol\u00e9 Pol\u00e9","author":"Admin","date":"2 mars 2017","format":false,"excerpt":"Un festival des musiques du monde o\u00f9 la danse et la f\u00eate sont irr\u00e9sistibles ! Le festival Pol\u00e9 Pol\u00e9 de Gand se d\u00e9roule pendant les \"f\u00eates de Gand\" chaque ann\u00e9e durant le mois de juillet. Dates de la prochaine \u00e9dition : Pol\u00e9 Pol\u00e9 2017, du 14 au 23 juillet 2017\u2026","rel":"","context":"Article similaire","block_context":{"text":"Article similaire","link":""},"img":{"alt_text":"Pole Pole","src":"https:\/\/i0.wp.com\/www.festivals.be\/festivals-belgique\/wp-content\/uploads\/2017\/03\/pole-pole-festival-300x97.jpg?resize=350%2C200","width":350,"height":200,"srcset":"https:\/\/i0.wp.com\/www.festivals.be\/festivals-belgique\/wp-content\/uploads\/2017\/03\/pole-pole-festival-300x97.jpg?resize=350%2C200 1x, https:\/\/i0.wp.com\/www.festivals.be\/festivals-belgique\/wp-content\/uploads\/2017\/03\/pole-pole-festival-300x97.jpg?resize=525%2C300 1.5x"},"classes":[]},{"id":387,"url":"https:\/\/www.festivals.be\/festivals-belgique\/festivals\/autres\/museum-night-fever\/","url_meta":{"origin":222,"position":2},"title":"Museum Night Fever","author":"Admin","date":"9 mars 2017","format":false,"excerpt":"C'est la f\u00eate annuelle des mus\u00e9es bruxellois ! Chaque ann\u00e9e depuis 2007, le temps d'une soir\u00e9e et d'une nuit, de nombreux mus\u00e9es de la capitale prennent un coup de folie et ouvrent leurs portes aux noctambules pour des visites \u00a0guid\u00e9es hors du commun, des \u00e9v\u00e9nements, des animations, des performances live,\u2026","rel":"","context":"Article similaire","block_context":{"text":"Article similaire","link":""},"img":{"alt_text":"","src":"","width":0,"height":0},"classes":[]},{"id":188,"url":"https:\/\/www.festivals.be\/festivals-belgique\/festivals\/theatre\/festival-de-liege\/","url_meta":{"origin":222,"position":3},"title":"Festival de Li\u00e8ge","author":"Admin","date":"1 mars 2017","format":false,"excerpt":"Le Festival de Li\u00e8ge rassemble des spectacles de th\u00e9\u00e2tre, danse et musique. Comme son nom l'indique il a lieu chaque ann\u00e9e dans la ville de Li\u00e8ge, durant le mois de f\u00e9vrier. Date de la prochaine \u00e9dition : Festival de Li\u00e8ge 2018 (\u00e0 confirmer) Site internet : Festival de Li\u00e8ge \u00a0","rel":"","context":"Article similaire","block_context":{"text":"Article similaire","link":""},"img":{"alt_text":"","src":"","width":0,"height":0},"classes":[]},{"id":272,"url":"https:\/\/www.festivals.be\/festivals-belgique\/festivals\/musique\/rock-et-divers\/fete-de-la-musique\/","url_meta":{"origin":222,"position":4},"title":"F\u00eate de la Musique","author":"Admin","date":"2 mars 2017","format":false,"excerpt":"Organis\u00e9e par la F\u00e9d\u00e9ration Wallonie - Bruxelles, la F\u00eate de la Musique existe depuis plus de 30 ans. C'est donc un des plus anciens festivals belges. Elle rassemble chaque ann\u00e9e des dizaines d'artistes dans les principales villes wallones et \u00e0 Bruxelles. Dates de la prochaine \u00e9dition : F\u00eate de la\u2026","rel":"","context":"Article similaire","block_context":{"text":"Article similaire","link":""},"img":{"alt_text":"","src":"","width":0,"height":0},"classes":[]},{"id":358,"url":"https:\/\/www.festivals.be\/festivals-belgique\/festivals\/musique\/electro-et-dance\/frontline-festival\/","url_meta":{"origin":222,"position":5},"title":"Frontline Festival","author":"Admin","date":"6 mars 2017","format":false,"excerpt":"Le festival Frontline a vu le jour en 2013. Il s'agit d'un festival de musique \u00e9lectronique qui grandit chaque ann\u00e9e. En 2016 il a rassembl\u00e9 plus de 2.000 festivaliers autour de DJ locaux \u00e0 Zonnebeke, pr\u00e8s de Ypres. Dates de la prochaine \u00e9dition : Frontline Festival 2017, le 19 ao\u00fbt\u2026","rel":"","context":"Article similaire","block_context":{"text":"Article similaire","link":""},"img":{"alt_text":"Frontline Festival","src":"https:\/\/i0.wp.com\/www.festivals.be\/festivals-belgique\/wp-content\/uploads\/2017\/03\/Frontline-Festival-300x300.png?resize=350%2C200","width":350,"height":200},"classes":[]}],"_links":{"self":[{"href":"https:\/\/www.festivals.be\/festivals-belgique\/wp-json\/wp\/v2\/pages\/222","targetHints":{"allow":["GET"]}}],"collection":[{"href":"https:\/\/www.festivals.be\/festivals-belgique\/wp-json\/wp\/v2\/pages"}],"about":[{"href":"https:\/\/www.festivals.be\/festivals-belgique\/wp-json\/wp\/v2\/types\/page"}],"author":[{"embeddable":true,"href":"https:\/\/www.festivals.be\/festivals-belgique\/wp-json\/wp\/v2\/users\/1"}],"replies":[{"embeddable":true,"href":"https:\/\/www.festivals.be\/festivals-belgique\/wp-json\/wp\/v2\/comments?post=222"}],"version-history":[{"count":2,"href":"https:\/\/www.festivals.be\/festivals-belgique\/wp-json\/wp\/v2\/pages\/222\/revisions"}],"predecessor-version":[{"id":522,"href":"https:\/\/www.festivals.be\/festivals-belgique\/wp-json\/wp\/v2\/pages\/222\/revisions\/522"}],"up":[{"embeddable":true,"href":"https:\/\/www.festivals.be\/festivals-belgique\/wp-json\/wp\/v2\/pages\/52"}],"wp:attachment":[{"href":"https:\/\/www.festivals.be\/festivals-belgique\/wp-json\/wp\/v2\/media?parent=222"}],"curies":[{"name":"wp","href":"https:\/\/api.w.org\/{rel}","templated":true}]}}