{"id":24,"date":"2016-07-13T20:38:38","date_gmt":"2016-07-13T18:38:38","guid":{"rendered":"http:\/\/www.festivals.be\/festivals-belgique\/?page_id=24"},"modified":"2016-07-13T20:38:38","modified_gmt":"2016-07-13T18:38:38","slug":"gastronomie","status":"publish","type":"page","link":"https:\/\/www.festivals.be\/festivals-belgique\/festivals\/gastronomie\/","title":{"rendered":"Gastronomie"},"content":{"rendered":"<p>Tous les festivals de gastronomie et de la table.<\/p>\n","protected":false},"excerpt":{"rendered":"<p>Tous les festivals de gastronomie et de la table.<\/p>\n","protected":false},"author":1,"featured_media":0,"parent":13,"menu_order":0,"comment_status":"closed","ping_status":"closed","template":"","meta":{"jetpack_post_was_ever_published":false,"footnotes":""},"class_list":["post-24","page","type-page","status-publish","hentry"],"aioseo_notices":[],"jetpack_sharing_enabled":true,"jetpack_shortlink":"https:\/\/wp.me\/P7Iv6j-o","jetpack_likes_enabled":true,"jetpack-related-posts":[{"id":531,"url":"https:\/\/www.festivals.be\/festivals-belgique\/festivals\/gastronomie\/food-truck-festival\/","url_meta":{"origin":24,"position":0},"title":"Food Truck Festival","author":"Admin","date":"5 mai 2017","format":false,"excerpt":"Le Brussels Food Truck Festival se d\u00e9roule depuis 2014 \u00e0 Bruxelles, maintenant sur le site de Tour & Taxis. Une centaine de Food Trucks s\u00e9lectionn\u00e9s vous proposent des menus du monde entier dans un un esprit convivial. Le festival est aussi l'occasion de remettre chaque ann\u00e9e les \"awards\" aux meilleurs\u2026","rel":"","context":"Article similaire","block_context":{"text":"Article similaire","link":""},"img":{"alt_text":"Food trucks festival","src":"https:\/\/i0.wp.com\/www.festivals.be\/festivals-belgique\/wp-content\/uploads\/2017\/05\/Food-Truck-Festival-300x300.jpg?resize=350%2C200","width":350,"height":200},"classes":[]},{"id":562,"url":"https:\/\/www.festivals.be\/festivals-belgique\/festivals\/gastronomie\/brussels-beer-fest\/","url_meta":{"origin":24,"position":1},"title":"Brussels Beer Fest","author":"Admin","date":"22 ao\u00fbt 2017","format":false,"excerpt":"La f\u00eate de la bi\u00e8re ... dans la capitale de la bi\u00e8re ! Site internet : Brussels Beer Fest Envergure internationale BXLBeerFest a des ambitions internationales, tant au niveau des brasseries invit\u00e9es que du public vis\u00e9. Les passionn\u00e9s de bi\u00e8res des 4 coins du monde sont convi\u00e9s \u00e0 venir d\u00e9couvrir\u2026","rel":"","context":"Article similaire","block_context":{"text":"Article similaire","link":""},"img":{"alt_text":"","src":"","width":0,"height":0},"classes":[]},{"id":153,"url":"https:\/\/www.festivals.be\/festivals-belgique\/festivals\/gastronomie\/eat-brussels\/","url_meta":{"origin":24,"position":2},"title":"Eat! Brussels","author":"Admin","date":"5 septembre 2016","format":false,"excerpt":"Traditionnellement organis\u00e9 durant le mois de septembre dans le Parc Royal de Bruxelles, face au palais, le food festival Eat! est un concept unique qui permet aux amateurs de d\u00e9couvrir une multitude de go\u00fbts dans une ambiance festive. Le festival existe depuis 2012. L'id\u00e9e du festival culinaire Eat! : des\u2026","rel":"","context":"Article similaire","block_context":{"text":"Article similaire","link":""},"img":{"alt_text":"","src":"","width":0,"height":0},"classes":[]},{"id":300,"url":"https:\/\/www.festivals.be\/festivals-belgique\/festivals\/musique\/rock-et-divers\/cactus-festival\/","url_meta":{"origin":24,"position":3},"title":"Cactus Festival","author":"Admin","date":"2 mars 2017","format":false,"excerpt":"Le Cactusfestival se d\u00e9roule chaque ann\u00e9e pendant le premier weekend de juillet dans la ville de Bruges. Il propose sur deux jours une s\u00e9rie de grand noms internationaux du rock et de l'\u00e9lectro. C'est avant tout un bon festival de taille moyenne, accessible aux amateurs de musique de tous les\u2026","rel":"","context":"Article similaire","block_context":{"text":"Article similaire","link":""},"img":{"alt_text":"Cactus Festival","src":"https:\/\/i0.wp.com\/www.festivals.be\/festivals-belgique\/wp-content\/uploads\/2017\/03\/cactus-festival-300x103.jpg?resize=350%2C200","width":350,"height":200},"classes":[]},{"id":489,"url":"https:\/\/www.festivals.be\/festivals-belgique\/festivals\/musique\/classique\/brussels-international-guitar-festival\/","url_meta":{"origin":24,"position":4},"title":"Brussels International Guitar Festival","author":"Admin","date":"27 avril 2017","format":false,"excerpt":"Le Festival Internation de Guitare de Bruxelles a vu le jour en 2012. Il vous pr\u00e9sente tout simplement la guitare dans tous ses \u00e9tats.","rel":"","context":"Article similaire","block_context":{"text":"Article similaire","link":""},"img":{"alt_text":"","src":"","width":0,"height":0},"classes":[]},{"id":16,"url":"https:\/\/www.festivals.be\/festivals-belgique\/festivals\/musique\/","url_meta":{"origin":24,"position":5},"title":"Musique","author":"Admin","date":"13 juillet 2016","format":false,"excerpt":"Liste de tous les festivals de musique en Belgique.","rel":"","context":"Article similaire","block_context":{"text":"Article similaire","link":""},"img":{"alt_text":"","src":"","width":0,"height":0},"classes":[]}],"_links":{"self":[{"href":"https:\/\/www.festivals.be\/festivals-belgique\/wp-json\/wp\/v2\/pages\/24","targetHints":{"allow":["GET"]}}],"collection":[{"href":"https:\/\/www.festivals.be\/festivals-belgique\/wp-json\/wp\/v2\/pages"}],"about":[{"href":"https:\/\/www.festivals.be\/festivals-belgique\/wp-json\/wp\/v2\/types\/page"}],"author":[{"embeddable":true,"href":"https:\/\/www.festivals.be\/festivals-belgique\/wp-json\/wp\/v2\/users\/1"}],"replies":[{"embeddable":true,"href":"https:\/\/www.festivals.be\/festivals-belgique\/wp-json\/wp\/v2\/comments?post=24"}],"version-history":[{"count":1,"href":"https:\/\/www.festivals.be\/festivals-belgique\/wp-json\/wp\/v2\/pages\/24\/revisions"}],"predecessor-version":[{"id":25,"href":"https:\/\/www.festivals.be\/festivals-belgique\/wp-json\/wp\/v2\/pages\/24\/revisions\/25"}],"up":[{"embeddable":true,"href":"https:\/\/www.festivals.be\/festivals-belgique\/wp-json\/wp\/v2\/pages\/13"}],"wp:attachment":[{"href":"https:\/\/www.festivals.be\/festivals-belgique\/wp-json\/wp\/v2\/media?parent=24"}],"curies":[{"name":"wp","href":"https:\/\/api.w.org\/{rel}","templated":true}]}}