{"id":257,"date":"2017-03-02T00:29:42","date_gmt":"2017-03-01T23:29:42","guid":{"rendered":"http:\/\/www.festivals.be\/festivals-belgique\/?page_id=257"},"modified":"2017-03-02T00:30:52","modified_gmt":"2017-03-01T23:30:52","slug":"foire-du-livre-de-bruxelles","status":"publish","type":"page","link":"https:\/\/www.festivals.be\/festivals-belgique\/festivals\/litterature-et-bande-dessinee\/foire-du-livre-de-bruxelles\/","title":{"rendered":"Foire du Livre de Bruxelles"},"content":{"rendered":"<p>La <strong>Foire du Livre de Bruxelles<\/strong> est le rendez-vous annuel de tous les amateurs de lecture &#8230; sous toues ses formes, du roman \u00e0 la bande-dessin\u00e9e, des livres historiques \u00e0 la litt\u00e9rature pour enfants.<\/p>\n<p>Le festival se d\u00e9roule sur le site de Tour &amp; Taxis depuis quelques ann\u00e9es.<\/p>\n<p>Dates de la prochaine \u00e9dition : <strong>Foire du Livre 2017<\/strong>, du 9 au 13 mars 2017<\/p>\n<p>Site internet : <a href=\"http:\/\/www.flb.be\">Foire du Livre de Bruxelles<\/a><\/p>\n<p>&nbsp;<\/p>\n","protected":false},"excerpt":{"rendered":"<p>La Foire du Livre de Bruxelles est le rendez-vous annuel de tous les amateurs de lecture &#8230; sous toues ses formes, du roman \u00e0 la bande-dessin\u00e9e, des livres historiques \u00e0 &hellip; <a href=\"https:\/\/www.festivals.be\/festivals-belgique\/festivals\/litterature-et-bande-dessinee\/foire-du-livre-de-bruxelles\/\" class=\"more-link\">Continuer la lecture<span class=\"screen-reader-text\"> de &laquo;&nbsp;Foire du Livre de Bruxelles&nbsp;&raquo;<\/span><\/a><\/p>\n","protected":false},"author":1,"featured_media":0,"parent":26,"menu_order":0,"comment_status":"closed","ping_status":"closed","template":"","meta":{"jetpack_post_was_ever_published":false,"footnotes":""},"class_list":["post-257","page","type-page","status-publish","hentry"],"aioseo_notices":[],"jetpack_sharing_enabled":true,"jetpack_shortlink":"https:\/\/wp.me\/P7Iv6j-49","jetpack_likes_enabled":true,"jetpack-related-posts":[{"id":701,"url":"https:\/\/www.festivals.be\/festivals-belgique\/liens\/","url_meta":{"origin":257,"position":0},"title":"Liens","author":"Admin","date":"17 d\u00e9cembre 2019","format":false,"excerpt":"Festivals Agenda des festivals en Belgique, infos pratiques et achat de tickets : Festivals Festivals Belgique Festivals Belgi\u00eb Festival Vlaanderen Festivals Vlaanderen Festival TV Festivals TV Festival TV Festivals TV Festivals Europe Festivals Europe Festivals Europe Concerts agenda Concerts Belgique Concerten Belgi\u00eb Concerten agenda Hotels, voyages et vacances Le plus\u2026","rel":"","context":"Article similaire","block_context":{"text":"Article similaire","link":""},"img":{"alt_text":"","src":"","width":0,"height":0},"classes":[]},{"id":272,"url":"https:\/\/www.festivals.be\/festivals-belgique\/festivals\/musique\/rock-et-divers\/fete-de-la-musique\/","url_meta":{"origin":257,"position":1},"title":"F\u00eate de la Musique","author":"Admin","date":"2 mars 2017","format":false,"excerpt":"Organis\u00e9e par la F\u00e9d\u00e9ration Wallonie - Bruxelles, la F\u00eate de la Musique existe depuis plus de 30 ans. C'est donc un des plus anciens festivals belges. Elle rassemble chaque ann\u00e9e des dizaines d'artistes dans les principales villes wallones et \u00e0 Bruxelles. Dates de la prochaine \u00e9dition : F\u00eate de la\u2026","rel":"","context":"Article similaire","block_context":{"text":"Article similaire","link":""},"img":{"alt_text":"","src":"","width":0,"height":0},"classes":[]},{"id":369,"url":"https:\/\/www.festivals.be\/festivals-belgique\/festivals\/musique\/jazz\/brussels-jazz-marathon\/","url_meta":{"origin":257,"position":2},"title":"Brussels Jazz Marathon","author":"Admin","date":"6 mars 2017","format":false,"excerpt":"Le Jazz Marathon de Bruxelles c'est depuis plus de 20 ans un rendez-vous incroyable qui plonge notre capitale dans une ambiance jazzy, des plus grandes places de la ville aux plus petits clubs et bars : plus de 150 concerts et plus de 450 groupes se succ\u00e8dent durant 3 jours.\u2026","rel":"","context":"Article similaire","block_context":{"text":"Article similaire","link":""},"img":{"alt_text":"Jazz Marathon","src":"https:\/\/i0.wp.com\/www.festivals.be\/festivals-belgique\/wp-content\/uploads\/2017\/03\/bjm16.generiek-218x300.png?resize=350%2C200","width":350,"height":200},"classes":[]},{"id":436,"url":"https:\/\/www.festivals.be\/festivals-belgique\/festivals\/theatre\/kermezzoo\/","url_meta":{"origin":257,"position":3},"title":"Kermezzoo","author":"Admin","date":"23 mars 2017","format":false,"excerpt":"Le festival Kermezzoo est la biennale bruxelloise consacr\u00e9e \u00e0 l'humour sous toutes ses formes : spectacles, one man shows, stand up, ... un m\u00e9lange des styles est des genres dont le point commun est de d\u00e9rider les Bruxellois \u00e0 l'arriv\u00e9e des beaux jours. Durant 3 semaines, des shows in\u00e9dits et\u2026","rel":"","context":"Article similaire","block_context":{"text":"Article similaire","link":""},"img":{"alt_text":"Kermezzoo","src":"https:\/\/i0.wp.com\/www.festivals.be\/festivals-belgique\/wp-content\/uploads\/2017\/03\/tent-300x235.png?resize=350%2C200","width":350,"height":200},"classes":[]},{"id":217,"url":"https:\/\/www.festivals.be\/festivals-belgique\/festivals\/musique\/classique\/festival-de-wallonie\/","url_meta":{"origin":257,"position":4},"title":"Festival de Wallonie","author":"Admin","date":"1 mars 2017","format":false,"excerpt":"Le Festival de Wallonie est un festival de musique classique qui s'\u00e9tend sur plus de quatre mois et propose plus de 150 concerts lors de sept festivals diff\u00e9rents, r\u00e9partis sur l\u2019ensemble du territoire de la Wallonie et \u00e0 Bruxelles. Chaque ann\u00e9e le\u00a0programme ravit le public\u00a0\u00e0 Namur, Mons, Li\u00e8ge, Stavelot, Tournai,\u2026","rel":"","context":"Article similaire","block_context":{"text":"Article similaire","link":""},"img":{"alt_text":"","src":"","width":0,"height":0},"classes":[]},{"id":199,"url":"https:\/\/www.festivals.be\/festivals-belgique\/festivals\/theatre\/bruxellons\/","url_meta":{"origin":257,"position":5},"title":"Bruxellons","author":"Admin","date":"1 mars 2017","format":false,"excerpt":"Le festival de th\u00e9\u00e2tre Bruxellons ! a lieu chaque ann\u00e9e durant l'\u00e9t\u00e9 sur le site du chateau du Karreveld, \u00e0 Molenbeek. Ce festival donne la part belle aux cr\u00e9ations des artistes de la F\u00e9d\u00e9ration Wallonie - Bruxelles et pr\u00e9sente de nouveaux spectacles originaux parmi plus d'une centaine de repr\u00e9sentations. Dates\u2026","rel":"","context":"Article similaire","block_context":{"text":"Article similaire","link":""},"img":{"alt_text":"","src":"","width":0,"height":0},"classes":[]}],"_links":{"self":[{"href":"https:\/\/www.festivals.be\/festivals-belgique\/wp-json\/wp\/v2\/pages\/257","targetHints":{"allow":["GET"]}}],"collection":[{"href":"https:\/\/www.festivals.be\/festivals-belgique\/wp-json\/wp\/v2\/pages"}],"about":[{"href":"https:\/\/www.festivals.be\/festivals-belgique\/wp-json\/wp\/v2\/types\/page"}],"author":[{"embeddable":true,"href":"https:\/\/www.festivals.be\/festivals-belgique\/wp-json\/wp\/v2\/users\/1"}],"replies":[{"embeddable":true,"href":"https:\/\/www.festivals.be\/festivals-belgique\/wp-json\/wp\/v2\/comments?post=257"}],"version-history":[{"count":2,"href":"https:\/\/www.festivals.be\/festivals-belgique\/wp-json\/wp\/v2\/pages\/257\/revisions"}],"predecessor-version":[{"id":259,"href":"https:\/\/www.festivals.be\/festivals-belgique\/wp-json\/wp\/v2\/pages\/257\/revisions\/259"}],"up":[{"embeddable":true,"href":"https:\/\/www.festivals.be\/festivals-belgique\/wp-json\/wp\/v2\/pages\/26"}],"wp:attachment":[{"href":"https:\/\/www.festivals.be\/festivals-belgique\/wp-json\/wp\/v2\/media?parent=257"}],"curies":[{"name":"wp","href":"https:\/\/api.w.org\/{rel}","templated":true}]}}