{"id":265,"date":"2017-03-02T14:56:55","date_gmt":"2017-03-02T13:56:55","guid":{"rendered":"http:\/\/www.festivals.be\/festivals-belgique\/?page_id=265"},"modified":"2017-03-02T14:56:55","modified_gmt":"2017-03-02T13:56:55","slug":"genk-on-stage","status":"publish","type":"page","link":"https:\/\/www.festivals.be\/festivals-belgique\/festivals\/musique\/rock-et-divers\/genk-on-stage\/","title":{"rendered":"Genk on Stage"},"content":{"rendered":"<p>Comme son nom l&rsquo;indique, le festival <strong>Genk on Stage<\/strong> se d\u00e9roule dans la ville limbourgeoise de Genk. Il a lieu chaque ann\u00e9e \u00e0 la fin du mois de juin et est organis\u00e9 par la ville de Genk. Le festival rassemble plus d&rsquo;une centaine de groupes, dont certains noms \u00e0 la renomm\u00e9e internationale, sur 6\u00a0sc\u00e8nes \u00e0 travers la ville. Le festival accueille des groupes de tous les styles musicaux, avec une programmation tr\u00e8s grand public et familiale.<\/p>\n<p>Dates de la prochaine \u00e9dition : <strong>Genk on Stage 2017<\/strong>, du 23 au 25 juin 2017<\/p>\n<p>Site internet : <a href=\"http:\/\/www.genkonstage.be\">Genk on Stage<\/a><\/p>\n<p>&nbsp;<\/p>\n","protected":false},"excerpt":{"rendered":"<p>Comme son nom l&rsquo;indique, le festival Genk on Stage se d\u00e9roule dans la ville limbourgeoise de Genk. Il a lieu chaque ann\u00e9e \u00e0 la fin du mois de juin et &hellip; <a href=\"https:\/\/www.festivals.be\/festivals-belgique\/festivals\/musique\/rock-et-divers\/genk-on-stage\/\" class=\"more-link\">Continuer la lecture<span class=\"screen-reader-text\"> de &laquo;&nbsp;Genk on Stage&nbsp;&raquo;<\/span><\/a><\/p>\n","protected":false},"author":1,"featured_media":0,"parent":18,"menu_order":0,"comment_status":"closed","ping_status":"closed","template":"","meta":{"jetpack_post_was_ever_published":false,"footnotes":""},"class_list":["post-265","page","type-page","status-publish","hentry"],"aioseo_notices":[],"jetpack_sharing_enabled":true,"jetpack_shortlink":"https:\/\/wp.me\/P7Iv6j-4h","jetpack_likes_enabled":true,"jetpack-related-posts":[{"id":13,"url":"https:\/\/www.festivals.be\/festivals-belgique\/festivals\/","url_meta":{"origin":265,"position":0},"title":"Festivals","author":"Admin","date":"13 juillet 2016","format":false,"excerpt":"Tous les festivals en Belgique. Agenda des festivals en Belgique Senneffe\u00a0 Waterlol\u00a0 Rock system\u00a0 Un festival\u00a0 Belzik\u00a0 Listen\u00a0 La smalla\u00a0 Avril en ville\u00a0 Confluent jazz festival\u00a0 Forest Sounds\u00a0 Kikk\u00a0 Into the blue\u00a0 Vibrations \u00e0 Malmedy Le refuge\u00a0 Fiestacity verviers\u00a0 Brdcst - broadcast \u00e0 l' Ancienne Belgique\u00a0 Le jour le plus\u2026","rel":"","context":"Article similaire","block_context":{"text":"Article similaire","link":""},"img":{"alt_text":"","src":"","width":0,"height":0},"classes":[]},{"id":205,"url":"https:\/\/www.festivals.be\/festivals-belgique\/festivals\/films-et-cinema\/anima\/","url_meta":{"origin":265,"position":1},"title":"Anima","author":"Admin","date":"1 mars 2017","format":false,"excerpt":"Ev\u00e9nement incroyable et d'une v\u00e9ritable qualit\u00e9 internationale, le festival Anima rassemble chaque ann\u00e9e les meilleurs films d'animation venus du monde entier. Qu'ils soient \u00e0 destination d'un public jeune, familial ou adulte, les films se succ\u00e8dent dans les salles de Flagey \u00e0 Bruxelles durant toute une semaine. Des dizaines de projections,\u2026","rel":"","context":"Article similaire","block_context":{"text":"Article similaire","link":""},"img":{"alt_text":"","src":"","width":0,"height":0},"classes":[]},{"id":272,"url":"https:\/\/www.festivals.be\/festivals-belgique\/festivals\/musique\/rock-et-divers\/fete-de-la-musique\/","url_meta":{"origin":265,"position":2},"title":"F\u00eate de la Musique","author":"Admin","date":"2 mars 2017","format":false,"excerpt":"Organis\u00e9e par la F\u00e9d\u00e9ration Wallonie - Bruxelles, la F\u00eate de la Musique existe depuis plus de 30 ans. C'est donc un des plus anciens festivals belges. Elle rassemble chaque ann\u00e9e des dizaines d'artistes dans les principales villes wallones et \u00e0 Bruxelles. Dates de la prochaine \u00e9dition : F\u00eate de la\u2026","rel":"","context":"Article similaire","block_context":{"text":"Article similaire","link":""},"img":{"alt_text":"","src":"","width":0,"height":0},"classes":[]},{"id":282,"url":"https:\/\/www.festivals.be\/festivals-belgique\/festivals\/musique\/jazz\/gent-jazz\/","url_meta":{"origin":265,"position":3},"title":"Gent Jazz","author":"Admin","date":"2 mars 2017","format":false,"excerpt":"Le festival de jazz de Gand dure chaque ann\u00e9e une dizaine de jour et rassemble de tr\u00e8s grand noms du jazz mondial. Il est historiquement le premier festival au monde organis\u00e9 en collaboration avec le prestigieux label de jazz Blue Note, le premier \u00e0 pouvoir porter ce nom. Il a\u2026","rel":"","context":"Article similaire","block_context":{"text":"Article similaire","link":""},"img":{"alt_text":"","src":"","width":0,"height":0},"classes":[]},{"id":118,"url":"https:\/\/www.festivals.be\/festivals-belgique\/festivals\/musique\/rock-et-divers\/francofolies-de-spa\/","url_meta":{"origin":265,"position":4},"title":"Francofolies de Spa","author":"Admin","date":"18 ao\u00fbt 2016","format":false,"excerpt":"En fran\u00e7ais ... et en famille. La ville de Spa accueille chaque ann\u00e9e durant le mois de juillet le festival tr\u00e8s familial des Francofolies, aussi bien connu sous le petit nom : \"Les Francos\" ! Inspir\u00e9 par le festival fran\u00e7ais les Francofolies de La Rochelle, cr\u00e9\u00e9 en 1985, la version\u2026","rel":"","context":"Article similaire","block_context":{"text":"Article similaire","link":""},"img":{"alt_text":"Francofolies","src":"https:\/\/i0.wp.com\/www.festivals.be\/festivals-belgique\/wp-content\/uploads\/2016\/08\/Francofolies-300x300.jpg?resize=350%2C200","width":350,"height":200},"classes":[]},{"id":300,"url":"https:\/\/www.festivals.be\/festivals-belgique\/festivals\/musique\/rock-et-divers\/cactus-festival\/","url_meta":{"origin":265,"position":5},"title":"Cactus Festival","author":"Admin","date":"2 mars 2017","format":false,"excerpt":"Le Cactusfestival se d\u00e9roule chaque ann\u00e9e pendant le premier weekend de juillet dans la ville de Bruges. Il propose sur deux jours une s\u00e9rie de grand noms internationaux du rock et de l'\u00e9lectro. C'est avant tout un bon festival de taille moyenne, accessible aux amateurs de musique de tous les\u2026","rel":"","context":"Article similaire","block_context":{"text":"Article similaire","link":""},"img":{"alt_text":"Cactus Festival","src":"https:\/\/i0.wp.com\/www.festivals.be\/festivals-belgique\/wp-content\/uploads\/2017\/03\/cactus-festival-300x103.jpg?resize=350%2C200","width":350,"height":200},"classes":[]}],"_links":{"self":[{"href":"https:\/\/www.festivals.be\/festivals-belgique\/wp-json\/wp\/v2\/pages\/265","targetHints":{"allow":["GET"]}}],"collection":[{"href":"https:\/\/www.festivals.be\/festivals-belgique\/wp-json\/wp\/v2\/pages"}],"about":[{"href":"https:\/\/www.festivals.be\/festivals-belgique\/wp-json\/wp\/v2\/types\/page"}],"author":[{"embeddable":true,"href":"https:\/\/www.festivals.be\/festivals-belgique\/wp-json\/wp\/v2\/users\/1"}],"replies":[{"embeddable":true,"href":"https:\/\/www.festivals.be\/festivals-belgique\/wp-json\/wp\/v2\/comments?post=265"}],"version-history":[{"count":1,"href":"https:\/\/www.festivals.be\/festivals-belgique\/wp-json\/wp\/v2\/pages\/265\/revisions"}],"predecessor-version":[{"id":266,"href":"https:\/\/www.festivals.be\/festivals-belgique\/wp-json\/wp\/v2\/pages\/265\/revisions\/266"}],"up":[{"embeddable":true,"href":"https:\/\/www.festivals.be\/festivals-belgique\/wp-json\/wp\/v2\/pages\/18"}],"wp:attachment":[{"href":"https:\/\/www.festivals.be\/festivals-belgique\/wp-json\/wp\/v2\/media?parent=265"}],"curies":[{"name":"wp","href":"https:\/\/api.w.org\/{rel}","templated":true}]}}