{"id":272,"date":"2017-03-02T15:24:49","date_gmt":"2017-03-02T14:24:49","guid":{"rendered":"http:\/\/www.festivals.be\/festivals-belgique\/?page_id=272"},"modified":"2017-03-02T15:24:49","modified_gmt":"2017-03-02T14:24:49","slug":"fete-de-la-musique","status":"publish","type":"page","link":"https:\/\/www.festivals.be\/festivals-belgique\/festivals\/musique\/rock-et-divers\/fete-de-la-musique\/","title":{"rendered":"F\u00eate de la Musique"},"content":{"rendered":"<p>Organis\u00e9e par la F\u00e9d\u00e9ration Wallonie &#8211; Bruxelles, la <strong>F\u00eate de la Musique<\/strong> existe depuis plus de 30 ans. C&rsquo;est donc un des plus anciens festivals belges. Elle rassemble chaque ann\u00e9e des dizaines d&rsquo;artistes dans les principales villes wallones et \u00e0 Bruxelles.<\/p>\n<p>Dates de la prochaine \u00e9dition : <strong>F\u00eate de la Musique 2017<\/strong>, du 21 au 25 juin 2017<\/p>\n<p>Site internet : <a href=\"http:\/\/www.fetedelamusique.be\">F\u00eate de la Musique<\/a><\/p>\n<p>&nbsp;<\/p>\n<p>&nbsp;<\/p>\n","protected":false},"excerpt":{"rendered":"<p>Organis\u00e9e par la F\u00e9d\u00e9ration Wallonie &#8211; Bruxelles, la F\u00eate de la Musique existe depuis plus de 30 ans. C&rsquo;est donc un des plus anciens festivals belges. Elle rassemble chaque ann\u00e9e &hellip; <a href=\"https:\/\/www.festivals.be\/festivals-belgique\/festivals\/musique\/rock-et-divers\/fete-de-la-musique\/\" class=\"more-link\">Continuer la lecture<span class=\"screen-reader-text\"> de &laquo;&nbsp;F\u00eate de la Musique&nbsp;&raquo;<\/span><\/a><\/p>\n","protected":false},"author":1,"featured_media":0,"parent":18,"menu_order":0,"comment_status":"closed","ping_status":"closed","template":"","meta":{"footnotes":""},"class_list":["post-272","page","type-page","status-publish","hentry"],"aioseo_notices":[],"jetpack_sharing_enabled":true,"jetpack_shortlink":"https:\/\/wp.me\/P7Iv6j-4o","jetpack_likes_enabled":true,"jetpack-related-posts":[{"id":217,"url":"https:\/\/www.festivals.be\/festivals-belgique\/festivals\/musique\/classique\/festival-de-wallonie\/","url_meta":{"origin":272,"position":0},"title":"Festival de Wallonie","author":"Admin","date":"1 mars 2017","format":false,"excerpt":"Le Festival de Wallonie est un festival de musique classique qui s'\u00e9tend sur plus de quatre mois et propose plus de 150 concerts lors de sept festivals diff\u00e9rents, r\u00e9partis sur l\u2019ensemble du territoire de la Wallonie et \u00e0 Bruxelles. Chaque ann\u00e9e le\u00a0programme ravit le public\u00a0\u00e0 Namur, Mons, Li\u00e8ge, Stavelot, Tournai,\u2026","rel":"","context":"Article similaire","block_context":{"text":"Article similaire","link":""},"img":{"alt_text":"","src":"","width":0,"height":0},"classes":[]},{"id":229,"url":"https:\/\/www.festivals.be\/festivals-belgique\/festivals\/musique\/musique-du-monde\/fetes-antillaises\/","url_meta":{"origin":272,"position":1},"title":"F\u00eates Antillaises","author":"Admin","date":"1 mars 2017","format":false,"excerpt":"Les F\u00eates Antillaises ou Antillaanse Feesten sont un des festivals de world music majeurs en Belgique. Ils ont lieu chaque ann\u00e9e depuis 1983 \u00e0 Hoogstraten. Il s'agit tout simplement du plus grand festival de musique antillaise d'Europe et d'apr\u00e8s les organisateurs \"le plus grand festival caribbean du monde\", rien que\u2026","rel":"","context":"Article similaire","block_context":{"text":"Article similaire","link":""},"img":{"alt_text":"F\u00eates Antillaises","src":"https:\/\/i0.wp.com\/www.festivals.be\/festivals-belgique\/wp-content\/uploads\/2017\/03\/fetes-antillaises-300x180.jpg?resize=350%2C200","width":350,"height":200},"classes":[]},{"id":199,"url":"https:\/\/www.festivals.be\/festivals-belgique\/festivals\/theatre\/bruxellons\/","url_meta":{"origin":272,"position":2},"title":"Bruxellons","author":"Admin","date":"1 mars 2017","format":false,"excerpt":"Le festival de th\u00e9\u00e2tre Bruxellons ! a lieu chaque ann\u00e9e durant l'\u00e9t\u00e9 sur le site du chateau du Karreveld, \u00e0 Molenbeek. Ce festival donne la part belle aux cr\u00e9ations des artistes de la F\u00e9d\u00e9ration Wallonie - Bruxelles et pr\u00e9sente de nouveaux spectacles originaux parmi plus d'une centaine de repr\u00e9sentations. Dates\u2026","rel":"","context":"Article similaire","block_context":{"text":"Article similaire","link":""},"img":{"alt_text":"","src":"","width":0,"height":0},"classes":[]},{"id":331,"url":"https:\/\/www.festivals.be\/festivals-belgique\/festivals\/musique\/musique-du-monde\/pole-pole\/","url_meta":{"origin":272,"position":3},"title":"Pol\u00e9 Pol\u00e9","author":"Admin","date":"2 mars 2017","format":false,"excerpt":"Un festival des musiques du monde o\u00f9 la danse et la f\u00eate sont irr\u00e9sistibles ! Le festival Pol\u00e9 Pol\u00e9 de Gand se d\u00e9roule pendant les \"f\u00eates de Gand\" chaque ann\u00e9e durant le mois de juillet. Dates de la prochaine \u00e9dition : Pol\u00e9 Pol\u00e9 2017, du 14 au 23 juillet 2017\u2026","rel":"","context":"Article similaire","block_context":{"text":"Article similaire","link":""},"img":{"alt_text":"Pole Pole","src":"https:\/\/i0.wp.com\/www.festivals.be\/festivals-belgique\/wp-content\/uploads\/2017\/03\/pole-pole-festival-300x97.jpg?resize=350%2C200","width":350,"height":200,"srcset":"https:\/\/i0.wp.com\/www.festivals.be\/festivals-belgique\/wp-content\/uploads\/2017\/03\/pole-pole-festival-300x97.jpg?resize=350%2C200 1x, https:\/\/i0.wp.com\/www.festivals.be\/festivals-belgique\/wp-content\/uploads\/2017\/03\/pole-pole-festival-300x97.jpg?resize=525%2C300 1.5x"},"classes":[]},{"id":292,"url":"https:\/\/www.festivals.be\/festivals-belgique\/festivals\/musique\/rock-et-divers\/les-solidarites\/","url_meta":{"origin":272,"position":4},"title":"Les Solidarit\u00e9s","author":"Admin","date":"2 mars 2017","format":false,"excerpt":"La F\u00eate des Solidarit\u00e9s se d\u00e9roule pendant un week-end de la fin du mois d'ao\u00fbt dans le cadre fantastique de la citadelle de Namur. Il accueille principalement des artistes francophone, grands noms actuels ou en devenir du paysage de la chanson. Il s'agit d'un festival familial qui fait la part\u2026","rel":"","context":"Article similaire","block_context":{"text":"Article similaire","link":""},"img":{"alt_text":"Festival des solidarit\u00e9s","src":"https:\/\/i0.wp.com\/www.festivals.be\/festivals-belgique\/wp-content\/uploads\/2017\/03\/Festivals-des-solidarites-300x100.png?resize=350%2C200","width":350,"height":200},"classes":[]},{"id":369,"url":"https:\/\/www.festivals.be\/festivals-belgique\/festivals\/musique\/jazz\/brussels-jazz-marathon\/","url_meta":{"origin":272,"position":5},"title":"Brussels Jazz Marathon","author":"Admin","date":"6 mars 2017","format":false,"excerpt":"Le Jazz Marathon de Bruxelles c'est depuis plus de 20 ans un rendez-vous incroyable qui plonge notre capitale dans une ambiance jazzy, des plus grandes places de la ville aux plus petits clubs et bars : plus de 150 concerts et plus de 450 groupes se succ\u00e8dent durant 3 jours.\u2026","rel":"","context":"Article similaire","block_context":{"text":"Article similaire","link":""},"img":{"alt_text":"Jazz Marathon","src":"https:\/\/i0.wp.com\/www.festivals.be\/festivals-belgique\/wp-content\/uploads\/2017\/03\/bjm16.generiek-218x300.png?resize=350%2C200","width":350,"height":200},"classes":[]}],"_links":{"self":[{"href":"https:\/\/www.festivals.be\/festivals-belgique\/wp-json\/wp\/v2\/pages\/272","targetHints":{"allow":["GET"]}}],"collection":[{"href":"https:\/\/www.festivals.be\/festivals-belgique\/wp-json\/wp\/v2\/pages"}],"about":[{"href":"https:\/\/www.festivals.be\/festivals-belgique\/wp-json\/wp\/v2\/types\/page"}],"author":[{"embeddable":true,"href":"https:\/\/www.festivals.be\/festivals-belgique\/wp-json\/wp\/v2\/users\/1"}],"replies":[{"embeddable":true,"href":"https:\/\/www.festivals.be\/festivals-belgique\/wp-json\/wp\/v2\/comments?post=272"}],"version-history":[{"count":1,"href":"https:\/\/www.festivals.be\/festivals-belgique\/wp-json\/wp\/v2\/pages\/272\/revisions"}],"predecessor-version":[{"id":273,"href":"https:\/\/www.festivals.be\/festivals-belgique\/wp-json\/wp\/v2\/pages\/272\/revisions\/273"}],"up":[{"embeddable":true,"href":"https:\/\/www.festivals.be\/festivals-belgique\/wp-json\/wp\/v2\/pages\/18"}],"wp:attachment":[{"href":"https:\/\/www.festivals.be\/festivals-belgique\/wp-json\/wp\/v2\/media?parent=272"}],"curies":[{"name":"wp","href":"https:\/\/api.w.org\/{rel}","templated":true}]}}