{"id":292,"date":"2017-03-02T16:05:21","date_gmt":"2017-03-02T15:05:21","guid":{"rendered":"http:\/\/www.festivals.be\/festivals-belgique\/?page_id=292"},"modified":"2017-05-03T18:21:22","modified_gmt":"2017-05-03T16:21:22","slug":"les-solidarites","status":"publish","type":"page","link":"https:\/\/www.festivals.be\/festivals-belgique\/festivals\/musique\/rock-et-divers\/les-solidarites\/","title":{"rendered":"Les Solidarit\u00e9s"},"content":{"rendered":"<figure id=\"attachment_500\" aria-describedby=\"caption-attachment-500\" style=\"width: 300px\" class=\"wp-caption alignleft\"><img data-recalc-dims=\"1\" loading=\"lazy\" decoding=\"async\" class=\"size-medium wp-image-500\" src=\"https:\/\/i0.wp.com\/www.festivals.be\/festivals-belgique\/wp-content\/uploads\/2017\/03\/Festivals-des-solidarites-300x100.png?resize=300%2C100\" alt=\"Festival des solidarit\u00e9s\" width=\"300\" height=\"100\" srcset=\"https:\/\/i0.wp.com\/www.festivals.be\/festivals-belgique\/wp-content\/uploads\/2017\/03\/Festivals-des-solidarites.png?resize=300%2C100&amp;ssl=1 300w, https:\/\/i0.wp.com\/www.festivals.be\/festivals-belgique\/wp-content\/uploads\/2017\/03\/Festivals-des-solidarites.png?w=600&amp;ssl=1 600w\" sizes=\"auto, (max-width: 300px) 85vw, 300px\" \/><figcaption id=\"caption-attachment-500\" class=\"wp-caption-text\">Festival des solidarit\u00e9s<\/figcaption><\/figure>\n<p>La <strong>F\u00eate des Solidarit\u00e9s<\/strong> se d\u00e9roule pendant un week-end de la fin du mois d&rsquo;ao\u00fbt dans le cadre fantastique de la citadelle de <strong>Namur<\/strong>.<\/p>\n<p>Il accueille principalement des artistes francophone, grands noms actuels ou en devenir du paysage de la chanson.<\/p>\n<p>Il s&rsquo;agit d&rsquo;un festival familial qui fait la part belle aux activit\u00e9s et animations de tous genres.<\/p>\n<p>Sous l&rsquo;organisation de Solidaris, un village des associations permet de d\u00e9couvrir les organisations qui oeuvrent au quotidien dans la solidarit\u00e9.<\/p>\n<p>Date de la prochaine \u00e9dition : Les Solidarit\u00e9s 2017, les 26 et 27 ao\u00fbt 2017<\/p>\n<p>Site internet : <a href=\"http:\/\/www.lafetedessolidarites.be\">F\u00eate des Solidarit\u00e9s<\/a><\/p>\n<p>&nbsp;<\/p>\n","protected":false},"excerpt":{"rendered":"<p>La F\u00eate des Solidarit\u00e9s se d\u00e9roule pendant un week-end de la fin du mois d&rsquo;ao\u00fbt dans le cadre fantastique de la citadelle de Namur. Il accueille principalement des artistes francophone, &hellip; <a href=\"https:\/\/www.festivals.be\/festivals-belgique\/festivals\/musique\/rock-et-divers\/les-solidarites\/\" class=\"more-link\">Continuer la lecture<span class=\"screen-reader-text\"> de &laquo;&nbsp;Les Solidarit\u00e9s&nbsp;&raquo;<\/span><\/a><\/p>\n","protected":false},"author":1,"featured_media":0,"parent":18,"menu_order":0,"comment_status":"closed","ping_status":"closed","template":"","meta":{"jetpack_post_was_ever_published":false,"footnotes":""},"class_list":["post-292","page","type-page","status-publish","hentry"],"aioseo_notices":[],"jetpack_sharing_enabled":true,"jetpack_shortlink":"https:\/\/wp.me\/P7Iv6j-4I","jetpack_likes_enabled":true,"jetpack-related-posts":[{"id":13,"url":"https:\/\/www.festivals.be\/festivals-belgique\/festivals\/","url_meta":{"origin":292,"position":0},"title":"Festivals","author":"Admin","date":"13 juillet 2016","format":false,"excerpt":"Tous les festivals en Belgique. Agenda des festivals en Belgique Senneffe\u00a0 Waterlol\u00a0 Rock system\u00a0 Un festival\u00a0 Belzik\u00a0 Listen\u00a0 La smalla\u00a0 Avril en ville\u00a0 Confluent jazz festival\u00a0 Forest Sounds\u00a0 Kikk\u00a0 Into the blue\u00a0 Vibrations \u00e0 Malmedy Le refuge\u00a0 Fiestacity verviers\u00a0 Brdcst - broadcast \u00e0 l' Ancienne Belgique\u00a0 Le jour le plus\u2026","rel":"","context":"Article similaire","block_context":{"text":"Article similaire","link":""},"img":{"alt_text":"","src":"","width":0,"height":0},"classes":[]},{"id":229,"url":"https:\/\/www.festivals.be\/festivals-belgique\/festivals\/musique\/musique-du-monde\/fetes-antillaises\/","url_meta":{"origin":292,"position":1},"title":"F\u00eates Antillaises","author":"Admin","date":"1 mars 2017","format":false,"excerpt":"Les F\u00eates Antillaises ou Antillaanse Feesten sont un des festivals de world music majeurs en Belgique. Ils ont lieu chaque ann\u00e9e depuis 1983 \u00e0 Hoogstraten. Il s'agit tout simplement du plus grand festival de musique antillaise d'Europe et d'apr\u00e8s les organisateurs \"le plus grand festival caribbean du monde\", rien que\u2026","rel":"","context":"Article similaire","block_context":{"text":"Article similaire","link":""},"img":{"alt_text":"F\u00eates Antillaises","src":"https:\/\/i0.wp.com\/www.festivals.be\/festivals-belgique\/wp-content\/uploads\/2017\/03\/fetes-antillaises-300x180.jpg?resize=350%2C200","width":350,"height":200},"classes":[]},{"id":195,"url":"https:\/\/www.festivals.be\/festivals-belgique\/festivals\/theatre\/chassepiere\/","url_meta":{"origin":292,"position":2},"title":"Chassepi\u00e8re","author":"Admin","date":"1 mars 2017","format":false,"excerpt":"Certainement un des moments les plus magiques de la saison des festivals en Belgique. Tout le village de Chassepi\u00e8re, situ\u00e9 dans les Ardennes non loin de Florenville, se transforme l'espace d'un week-end en une \u00e9norme f\u00eate \u00e0 la gloire des arts de la rue : acrobates, jongleurs, clowns, musiciens, danseurs,\u2026","rel":"","context":"Article similaire","block_context":{"text":"Article similaire","link":""},"img":{"alt_text":"","src":"","width":0,"height":0},"classes":[]},{"id":185,"url":"https:\/\/www.festivals.be\/festivals-belgique\/festivals\/musique\/rock-et-divers\/micro-festival\/","url_meta":{"origin":292,"position":3},"title":"Micro Festival","author":"Admin","date":"1 mars 2017","format":false,"excerpt":"Organis\u00e9 depuis 2010 par le collectif Jaune Orange, le Micro Festival se d\u00e9roule chaque ann\u00e9e dans la ville de Li\u00e8ge durant le mois d'ao\u00fbt. Dates de la prochaine \u00e9dition : Micro Festival 2017, les 4 et 5 ao\u00fbt 2017 Site internet : Micro Festival \u00a0","rel":"","context":"Article similaire","block_context":{"text":"Article similaire","link":""},"img":{"alt_text":"","src":"","width":0,"height":0},"classes":[]},{"id":272,"url":"https:\/\/www.festivals.be\/festivals-belgique\/festivals\/musique\/rock-et-divers\/fete-de-la-musique\/","url_meta":{"origin":292,"position":4},"title":"F\u00eate de la Musique","author":"Admin","date":"2 mars 2017","format":false,"excerpt":"Organis\u00e9e par la F\u00e9d\u00e9ration Wallonie - Bruxelles, la F\u00eate de la Musique existe depuis plus de 30 ans. C'est donc un des plus anciens festivals belges. Elle rassemble chaque ann\u00e9e des dizaines d'artistes dans les principales villes wallones et \u00e0 Bruxelles. Dates de la prochaine \u00e9dition : F\u00eate de la\u2026","rel":"","context":"Article similaire","block_context":{"text":"Article similaire","link":""},"img":{"alt_text":"","src":"","width":0,"height":0},"classes":[]},{"id":331,"url":"https:\/\/www.festivals.be\/festivals-belgique\/festivals\/musique\/musique-du-monde\/pole-pole\/","url_meta":{"origin":292,"position":5},"title":"Pol\u00e9 Pol\u00e9","author":"Admin","date":"2 mars 2017","format":false,"excerpt":"Un festival des musiques du monde o\u00f9 la danse et la f\u00eate sont irr\u00e9sistibles ! Le festival Pol\u00e9 Pol\u00e9 de Gand se d\u00e9roule pendant les \"f\u00eates de Gand\" chaque ann\u00e9e durant le mois de juillet. Dates de la prochaine \u00e9dition : Pol\u00e9 Pol\u00e9 2017, du 14 au 23 juillet 2017\u2026","rel":"","context":"Article similaire","block_context":{"text":"Article similaire","link":""},"img":{"alt_text":"Pole Pole","src":"https:\/\/i0.wp.com\/www.festivals.be\/festivals-belgique\/wp-content\/uploads\/2017\/03\/pole-pole-festival-300x97.jpg?resize=350%2C200","width":350,"height":200,"srcset":"https:\/\/i0.wp.com\/www.festivals.be\/festivals-belgique\/wp-content\/uploads\/2017\/03\/pole-pole-festival-300x97.jpg?resize=350%2C200 1x, https:\/\/i0.wp.com\/www.festivals.be\/festivals-belgique\/wp-content\/uploads\/2017\/03\/pole-pole-festival-300x97.jpg?resize=525%2C300 1.5x"},"classes":[]}],"_links":{"self":[{"href":"https:\/\/www.festivals.be\/festivals-belgique\/wp-json\/wp\/v2\/pages\/292","targetHints":{"allow":["GET"]}}],"collection":[{"href":"https:\/\/www.festivals.be\/festivals-belgique\/wp-json\/wp\/v2\/pages"}],"about":[{"href":"https:\/\/www.festivals.be\/festivals-belgique\/wp-json\/wp\/v2\/types\/page"}],"author":[{"embeddable":true,"href":"https:\/\/www.festivals.be\/festivals-belgique\/wp-json\/wp\/v2\/users\/1"}],"replies":[{"embeddable":true,"href":"https:\/\/www.festivals.be\/festivals-belgique\/wp-json\/wp\/v2\/comments?post=292"}],"version-history":[{"count":2,"href":"https:\/\/www.festivals.be\/festivals-belgique\/wp-json\/wp\/v2\/pages\/292\/revisions"}],"predecessor-version":[{"id":501,"href":"https:\/\/www.festivals.be\/festivals-belgique\/wp-json\/wp\/v2\/pages\/292\/revisions\/501"}],"up":[{"embeddable":true,"href":"https:\/\/www.festivals.be\/festivals-belgique\/wp-json\/wp\/v2\/pages\/18"}],"wp:attachment":[{"href":"https:\/\/www.festivals.be\/festivals-belgique\/wp-json\/wp\/v2\/media?parent=292"}],"curies":[{"name":"wp","href":"https:\/\/api.w.org\/{rel}","templated":true}]}}