{"id":392,"date":"2017-03-09T16:30:10","date_gmt":"2017-03-09T15:30:10","guid":{"rendered":"http:\/\/www.festivals.be\/festivals-belgique\/?page_id=392"},"modified":"2017-03-16T14:36:05","modified_gmt":"2017-03-16T13:36:05","slug":"listen-festival","status":"publish","type":"page","link":"https:\/\/www.festivals.be\/festivals-belgique\/festivals\/musique\/electro-et-dance\/listen-festival\/","title":{"rendered":"Listen Festival"},"content":{"rendered":"<figure id=\"attachment_400\" aria-describedby=\"caption-attachment-400\" style=\"width: 300px\" class=\"wp-caption alignleft\"><img data-recalc-dims=\"1\" loading=\"lazy\" decoding=\"async\" class=\"size-medium wp-image-400\" src=\"https:\/\/i0.wp.com\/www.festivals.be\/festivals-belgique\/wp-content\/uploads\/2017\/03\/layer4A-300x300.png?resize=300%2C300\" alt=\"Listen Festival\" width=\"300\" height=\"300\" srcset=\"https:\/\/i0.wp.com\/www.festivals.be\/festivals-belgique\/wp-content\/uploads\/2017\/03\/layer4A.png?resize=300%2C300&amp;ssl=1 300w, https:\/\/i0.wp.com\/www.festivals.be\/festivals-belgique\/wp-content\/uploads\/2017\/03\/layer4A.png?resize=150%2C150&amp;ssl=1 150w, https:\/\/i0.wp.com\/www.festivals.be\/festivals-belgique\/wp-content\/uploads\/2017\/03\/layer4A.png?resize=768%2C768&amp;ssl=1 768w, https:\/\/i0.wp.com\/www.festivals.be\/festivals-belgique\/wp-content\/uploads\/2017\/03\/layer4A.png?w=800&amp;ssl=1 800w\" sizes=\"auto, (max-width: 300px) 85vw, 300px\" \/><figcaption id=\"caption-attachment-400\" class=\"wp-caption-text\">Listen Festival<\/figcaption><\/figure>\n<p>Avec sa premi\u00e8re \u00e9dition r\u00e9ussie en 2016 avec des milliers de festivaliers, le <strong>festival Listen<\/strong> ! est le nouveau venu des <strong>festivals \u00e9lectro<\/strong> \u00e0 Bruxelles.<\/p>\n<p>Durant 3 jours, des DJs se succ\u00e8dent sur plusieurs sc\u00e8nes majeures de la capitale pour animer cet \u00e9v\u00e9nement qui se veut celui des \u00ab\u00a0musiques du futur\u00a0\u00bb &#8230; ou du \u00ab\u00a0futur de la musique\u00a0\u00bb, de la cr\u00e9ativit\u00e9, de la diversit\u00e9 culturelle et de l&rsquo;innovation. Le festival se d\u00e9roule \u00e0 Flagey dans le Studio 4, mais aussi \u00e0 l&rsquo;ING Art center place Royale, le Square, l&rsquo;AB, le Beurschouwburg, le Bonnefooi, la Maison du Peuple, le Bar du March\u00e9, le Belga, l&rsquo;Epicerie Moderne, &#8230; et voit se d\u00e9rouler de nombreux concerts live, des DJ sets, des ateliers, des conf\u00e9rences et m\u00eame une bourse du disque. Il y a \u00e9galement un net radio d\u00e9di\u00e9e au festival et la projection de documentaires sur la musique \u00e9lectronique au cin\u00e9ma Vend\u00f4me.\u00a0<span class=\"text_exposed_show\"><br class=\"\" \/><\/span><\/p>\n<p><span class=\"text_exposed_show\">Les th\u00e8mes principaux sont l&rsquo;electro, la techno, le hip hop, disco &amp; beyond, &#8230; et le festival fait la part belle aux artistes belges et bruxellois.<br \/>\n<\/span><\/p>\n<p>Dates de la prochaine \u00e9dition : <strong>Listen Festival 2017<\/strong>, du 30 mars au 1 avril 2017<\/p>\n<p>Site internet : <a href=\"http:\/\/listenfestival.eu\">Listen Festival<\/a><\/p>\n<p>&nbsp;<\/p>\n","protected":false},"excerpt":{"rendered":"<p>Avec sa premi\u00e8re \u00e9dition r\u00e9ussie en 2016 avec des milliers de festivaliers, le festival Listen ! est le nouveau venu des festivals \u00e9lectro \u00e0 Bruxelles. Durant 3 jours, des DJs &hellip; <a href=\"https:\/\/www.festivals.be\/festivals-belgique\/festivals\/musique\/electro-et-dance\/listen-festival\/\" class=\"more-link\">Continuer la lecture<span class=\"screen-reader-text\"> de &laquo;&nbsp;Listen Festival&nbsp;&raquo;<\/span><\/a><\/p>\n","protected":false},"author":1,"featured_media":0,"parent":46,"menu_order":0,"comment_status":"closed","ping_status":"closed","template":"","meta":{"jetpack_post_was_ever_published":false,"footnotes":""},"class_list":["post-392","page","type-page","status-publish","hentry"],"aioseo_notices":[],"jetpack_sharing_enabled":true,"jetpack_shortlink":"https:\/\/wp.me\/P7Iv6j-6k","jetpack_likes_enabled":true,"jetpack-related-posts":[{"id":13,"url":"https:\/\/www.festivals.be\/festivals-belgique\/festivals\/","url_meta":{"origin":392,"position":0},"title":"Festivals","author":"Admin","date":"13 juillet 2016","format":false,"excerpt":"Tous les festivals en Belgique. Agenda des festivals en Belgique Senneffe\u00a0 Waterlol\u00a0 Rock system\u00a0 Un festival\u00a0 Belzik\u00a0 Listen\u00a0 La smalla\u00a0 Avril en ville\u00a0 Confluent jazz festival\u00a0 Forest Sounds\u00a0 Kikk\u00a0 Into the blue\u00a0 Vibrations \u00e0 Malmedy Le refuge\u00a0 Fiestacity verviers\u00a0 Brdcst - broadcast \u00e0 l' Ancienne Belgique\u00a0 Le jour le plus\u2026","rel":"","context":"Article similaire","block_context":{"text":"Article similaire","link":""},"img":{"alt_text":"","src":"","width":0,"height":0},"classes":[]},{"id":358,"url":"https:\/\/www.festivals.be\/festivals-belgique\/festivals\/musique\/electro-et-dance\/frontline-festival\/","url_meta":{"origin":392,"position":1},"title":"Frontline Festival","author":"Admin","date":"6 mars 2017","format":false,"excerpt":"Le festival Frontline a vu le jour en 2013. Il s'agit d'un festival de musique \u00e9lectronique qui grandit chaque ann\u00e9e. En 2016 il a rassembl\u00e9 plus de 2.000 festivaliers autour de DJ locaux \u00e0 Zonnebeke, pr\u00e8s de Ypres. Dates de la prochaine \u00e9dition : Frontline Festival 2017, le 19 ao\u00fbt\u2026","rel":"","context":"Article similaire","block_context":{"text":"Article similaire","link":""},"img":{"alt_text":"Frontline Festival","src":"https:\/\/i0.wp.com\/www.festivals.be\/festivals-belgique\/wp-content\/uploads\/2017\/03\/Frontline-Festival-300x300.png?resize=350%2C200","width":350,"height":200},"classes":[]},{"id":222,"url":"https:\/\/www.festivals.be\/festivals-belgique\/festivals\/musique\/musique-du-monde\/afro-latino-festival\/","url_meta":{"origin":392,"position":2},"title":"Afro-Latino Festival","author":"Admin","date":"1 mars 2017","format":false,"excerpt":"Le festival de musique du monde Afro-Latino est organis\u00e9 \u00e0 Bree et propose chaque ann\u00e9e une affiche innovante, compos\u00e9e d'artistes internationaux renomm\u00e9s venant d'Afrique, d'Am\u00e9rique latine, des Cara\u00efbes et d'Europe du Sud. Au total, c'est plus de 40 groupes et DJ qui sont programm\u00e9s, ainsi qu'une dizaine d'animations de danse\u2026","rel":"","context":"Article similaire","block_context":{"text":"Article similaire","link":""},"img":{"alt_text":"Afro Latino","src":"https:\/\/i0.wp.com\/www.festivals.be\/festivals-belgique\/wp-content\/uploads\/2017\/03\/Afro-Latino-300x200.jpg?resize=350%2C200","width":350,"height":200},"classes":[]},{"id":212,"url":"https:\/\/www.festivals.be\/festivals-belgique\/festivals\/musique\/rock-et-divers\/pukkelpop\/","url_meta":{"origin":392,"position":3},"title":"Pukkelpop","author":"Admin","date":"1 mars 2017","format":false,"excerpt":"Un des festivals de musique les plus attendu chaque ann\u00e9e ! Le Pukkelpop c'est 4 jours de folie et des dizaines de milliers de festivaliers qui se baladent entre de nombreuses sc\u00e8nes pour acclamer des artistes confirm\u00e9s ou des futures stars nationales et internationales. Du rock, de la pop, de\u2026","rel":"","context":"Article similaire","block_context":{"text":"Article similaire","link":""},"img":{"alt_text":"","src":"","width":0,"height":0},"classes":[]},{"id":331,"url":"https:\/\/www.festivals.be\/festivals-belgique\/festivals\/musique\/musique-du-monde\/pole-pole\/","url_meta":{"origin":392,"position":4},"title":"Pol\u00e9 Pol\u00e9","author":"Admin","date":"2 mars 2017","format":false,"excerpt":"Un festival des musiques du monde o\u00f9 la danse et la f\u00eate sont irr\u00e9sistibles ! Le festival Pol\u00e9 Pol\u00e9 de Gand se d\u00e9roule pendant les \"f\u00eates de Gand\" chaque ann\u00e9e durant le mois de juillet. Dates de la prochaine \u00e9dition : Pol\u00e9 Pol\u00e9 2017, du 14 au 23 juillet 2017\u2026","rel":"","context":"Article similaire","block_context":{"text":"Article similaire","link":""},"img":{"alt_text":"Pole Pole","src":"https:\/\/i0.wp.com\/www.festivals.be\/festivals-belgique\/wp-content\/uploads\/2017\/03\/pole-pole-festival-300x97.jpg?resize=350%2C200","width":350,"height":200,"srcset":"https:\/\/i0.wp.com\/www.festivals.be\/festivals-belgique\/wp-content\/uploads\/2017\/03\/pole-pole-festival-300x97.jpg?resize=350%2C200 1x, https:\/\/i0.wp.com\/www.festivals.be\/festivals-belgique\/wp-content\/uploads\/2017\/03\/pole-pole-festival-300x97.jpg?resize=525%2C300 1.5x"},"classes":[]},{"id":300,"url":"https:\/\/www.festivals.be\/festivals-belgique\/festivals\/musique\/rock-et-divers\/cactus-festival\/","url_meta":{"origin":392,"position":5},"title":"Cactus Festival","author":"Admin","date":"2 mars 2017","format":false,"excerpt":"Le Cactusfestival se d\u00e9roule chaque ann\u00e9e pendant le premier weekend de juillet dans la ville de Bruges. Il propose sur deux jours une s\u00e9rie de grand noms internationaux du rock et de l'\u00e9lectro. C'est avant tout un bon festival de taille moyenne, accessible aux amateurs de musique de tous les\u2026","rel":"","context":"Article similaire","block_context":{"text":"Article similaire","link":""},"img":{"alt_text":"Cactus Festival","src":"https:\/\/i0.wp.com\/www.festivals.be\/festivals-belgique\/wp-content\/uploads\/2017\/03\/cactus-festival-300x103.jpg?resize=350%2C200","width":350,"height":200},"classes":[]}],"_links":{"self":[{"href":"https:\/\/www.festivals.be\/festivals-belgique\/wp-json\/wp\/v2\/pages\/392","targetHints":{"allow":["GET"]}}],"collection":[{"href":"https:\/\/www.festivals.be\/festivals-belgique\/wp-json\/wp\/v2\/pages"}],"about":[{"href":"https:\/\/www.festivals.be\/festivals-belgique\/wp-json\/wp\/v2\/types\/page"}],"author":[{"embeddable":true,"href":"https:\/\/www.festivals.be\/festivals-belgique\/wp-json\/wp\/v2\/users\/1"}],"replies":[{"embeddable":true,"href":"https:\/\/www.festivals.be\/festivals-belgique\/wp-json\/wp\/v2\/comments?post=392"}],"version-history":[{"count":4,"href":"https:\/\/www.festivals.be\/festivals-belgique\/wp-json\/wp\/v2\/pages\/392\/revisions"}],"predecessor-version":[{"id":401,"href":"https:\/\/www.festivals.be\/festivals-belgique\/wp-json\/wp\/v2\/pages\/392\/revisions\/401"}],"up":[{"embeddable":true,"href":"https:\/\/www.festivals.be\/festivals-belgique\/wp-json\/wp\/v2\/pages\/46"}],"wp:attachment":[{"href":"https:\/\/www.festivals.be\/festivals-belgique\/wp-json\/wp\/v2\/media?parent=392"}],"curies":[{"name":"wp","href":"https:\/\/api.w.org\/{rel}","templated":true}]}}