{"id":426,"date":"2017-03-23T13:30:19","date_gmt":"2017-03-23T12:30:19","guid":{"rendered":"http:\/\/www.festivals.be\/festivals-belgique\/?page_id=426"},"modified":"2017-03-23T13:31:05","modified_gmt":"2017-03-23T12:31:05","slug":"la-caravane-du-court","status":"publish","type":"page","link":"https:\/\/www.festivals.be\/festivals-belgique\/festivals\/films-et-cinema\/la-caravane-du-court\/","title":{"rendered":"La Caravane du Court"},"content":{"rendered":"<figure id=\"attachment_429\" aria-describedby=\"caption-attachment-429\" style=\"width: 300px\" class=\"wp-caption alignleft\"><img data-recalc-dims=\"1\" loading=\"lazy\" decoding=\"async\" class=\"size-medium wp-image-429\" src=\"https:\/\/i0.wp.com\/www.festivals.be\/festivals-belgique\/wp-content\/uploads\/2017\/03\/caravane-logo-black_reference-300x75.jpg?resize=300%2C75\" alt=\"Caravane du court\" width=\"300\" height=\"75\" srcset=\"https:\/\/i0.wp.com\/www.festivals.be\/festivals-belgique\/wp-content\/uploads\/2017\/03\/caravane-logo-black_reference.jpg?resize=300%2C75&amp;ssl=1 300w, https:\/\/i0.wp.com\/www.festivals.be\/festivals-belgique\/wp-content\/uploads\/2017\/03\/caravane-logo-black_reference.jpg?w=548&amp;ssl=1 548w\" sizes=\"auto, (max-width: 300px) 85vw, 300px\" \/><figcaption id=\"caption-attachment-429\" class=\"wp-caption-text\">La Caravane du Court<\/figcaption><\/figure>\n<p>Lanc\u00e9 en 2015 par les organisateurs du <strong>FIFF<\/strong> de Namur, <strong>La Caravane du Court<\/strong> est comme son nom l&rsquo;indique un festival itin\u00e9rant, entre plus de dix\u00a0villes de trois provinces : Namur, Li\u00e8ge et Luxembourg. Le festival est organis\u00e9 en collaboration avec le bureau d&rsquo;accueil des tournages CLAP! et les provinces de Namur, Li\u00e8ge et Luxembourg.<\/p>\n<p>Il s&rsquo;agit de la projection lors d&rsquo;une\u00a0soir\u00e9e par ville de courts m\u00e9trages belges, en pr\u00e9sence des r\u00e9alisateurs.<\/p>\n<p>Voici la liste des \u00e9tapes de cette ann\u00e9e :<\/p>\n<ul>\n<li>13 mars &#8211; Soir\u00e9e d\u2019ouverture &#8211; Cin\u00e9ma Cam\u00e9o de Namur (04 222 27 78)<\/li>\n<li>14 mars &#8211; Centre culturel de Gembloux (081 61 38 38)<\/li>\n<li>15 mars &#8211; Cin\u00e9 Chaplin de Nismes (Viroinval) (060 31 35 33)<\/li>\n<li>16 mars &#8211; Centre culturel de Rochefort (084 22 13 76)<\/li>\n<li>17 mars &#8211; Cin\u00e9ma Cam\u00e9o de Tamines (071 71 10 71)<\/li>\n<li>20 mars &#8211; Cin\u00e9ma Le Foyer de Habay-la-Vieille (063 42 41 07)<\/li>\n<li>21 mars &#8211; Cin\u00e9PointCom de Marche (084 31 45 18)<\/li>\n<li>22 mars &#8211; Cin\u00e9 de Bouillon (061 46 63 22)<\/li>\n<li>23 mars &#8211; Cin\u00e9 Patria de Virton (063 57 81 04)<\/li>\n<li>27 mars \u2013 Cin\u00e9ma Movie Mills de Malm\u00e9dy (080 87 00 00)<\/li>\n<li>28 mars \u2013 Centre culturel de Verviers (087 39 30 60)<\/li>\n<li>29 mars \u2013 Centre culturel de Jupille (04 370 16 80)<\/li>\n<li>30 mars \u2013 P\u00f4le Image de Li\u00e8ge\u00a0\u2013 Soir\u00e9e de cl\u00f4ture 04 266 98 33)<\/li>\n<\/ul>\n<p>Tarif unique de 4 euros.<\/p>\n<p>Prochaine \u00e9dition : <strong>La Caravane du Court 2017<\/strong>, du 13 au 30 mars \u00e0 Namur, Luxembourg et Li\u00e8ge.<\/p>\n<p>Site internet : <strong><a href=\"http:\/\/www.fiff.be\/fr\/La-caravane-du-court\/Concept-et-infos\">La Caravane du Court<\/a><\/strong><\/p>\n<p>&nbsp;<\/p>\n","protected":false},"excerpt":{"rendered":"<p>Lanc\u00e9 en 2015 par les organisateurs du FIFF de Namur, La Caravane du Court est comme son nom l&rsquo;indique un festival itin\u00e9rant, entre plus de dix\u00a0villes de trois provinces : &hellip; <a href=\"https:\/\/www.festivals.be\/festivals-belgique\/festivals\/films-et-cinema\/la-caravane-du-court\/\" class=\"more-link\">Continuer la lecture<span class=\"screen-reader-text\"> de &laquo;&nbsp;La Caravane du Court&nbsp;&raquo;<\/span><\/a><\/p>\n","protected":false},"author":1,"featured_media":0,"parent":30,"menu_order":0,"comment_status":"closed","ping_status":"closed","template":"","meta":{"footnotes":""},"class_list":["post-426","page","type-page","status-publish","hentry"],"aioseo_notices":[],"jetpack_sharing_enabled":true,"jetpack_shortlink":"https:\/\/wp.me\/P7Iv6j-6S","jetpack_likes_enabled":true,"jetpack-related-posts":[{"id":13,"url":"https:\/\/www.festivals.be\/festivals-belgique\/festivals\/","url_meta":{"origin":426,"position":0},"title":"Festivals","author":"Admin","date":"13 juillet 2016","format":false,"excerpt":"Tous les festivals en Belgique. Agenda des festivals en Belgique Senneffe\u00a0 Waterlol\u00a0 Rock system\u00a0 Un festival\u00a0 Belzik\u00a0 Listen\u00a0 La smalla\u00a0 Avril en ville\u00a0 Confluent jazz festival\u00a0 Forest Sounds\u00a0 Kikk\u00a0 Into the blue\u00a0 Vibrations \u00e0 Malmedy Le refuge\u00a0 Fiestacity verviers\u00a0 Brdcst - broadcast \u00e0 l' Ancienne Belgique\u00a0 Le jour le plus\u2026","rel":"","context":"Article similaire","block_context":{"text":"Article similaire","link":""},"img":{"alt_text":"","src":"","width":0,"height":0},"classes":[]},{"id":217,"url":"https:\/\/www.festivals.be\/festivals-belgique\/festivals\/musique\/classique\/festival-de-wallonie\/","url_meta":{"origin":426,"position":1},"title":"Festival de Wallonie","author":"Admin","date":"1 mars 2017","format":false,"excerpt":"Le Festival de Wallonie est un festival de musique classique qui s'\u00e9tend sur plus de quatre mois et propose plus de 150 concerts lors de sept festivals diff\u00e9rents, r\u00e9partis sur l\u2019ensemble du territoire de la Wallonie et \u00e0 Bruxelles. Chaque ann\u00e9e le\u00a0programme ravit le public\u00a0\u00e0 Namur, Mons, Li\u00e8ge, Stavelot, Tournai,\u2026","rel":"","context":"Article similaire","block_context":{"text":"Article similaire","link":""},"img":{"alt_text":"","src":"","width":0,"height":0},"classes":[]},{"id":411,"url":"https:\/\/www.festivals.be\/festivals-belgique\/festivals\/films-et-cinema\/festival-international-du-film-francophone\/","url_meta":{"origin":426,"position":2},"title":"Festival International du Film Francophone","author":"Admin","date":"23 mars 2017","format":false,"excerpt":"Le Festival International du Film Francophone de Namur, ou FIFF pour les intimes, existe depuis 1986. Il est reconnu et fr\u00e9quent\u00e9 par l'ensemble du monde du cin\u00e9ma francophone et chaque ann\u00e9e par des milliers de spectateurs. Les jurys du FIFF remettent dans diff\u00e9rentes cat\u00e9gories des \"Bayards\", prix destin\u00e9s \u00e0 r\u00e9compenser\u2026","rel":"","context":"Article similaire","block_context":{"text":"Article similaire","link":""},"img":{"alt_text":"FIFF","src":"https:\/\/i0.wp.com\/www.festivals.be\/festivals-belgique\/wp-content\/uploads\/2017\/03\/FIFF.png?resize=350%2C200","width":350,"height":200},"classes":[]},{"id":292,"url":"https:\/\/www.festivals.be\/festivals-belgique\/festivals\/musique\/rock-et-divers\/les-solidarites\/","url_meta":{"origin":426,"position":3},"title":"Les Solidarit\u00e9s","author":"Admin","date":"2 mars 2017","format":false,"excerpt":"La F\u00eate des Solidarit\u00e9s se d\u00e9roule pendant un week-end de la fin du mois d'ao\u00fbt dans le cadre fantastique de la citadelle de Namur. Il accueille principalement des artistes francophone, grands noms actuels ou en devenir du paysage de la chanson. Il s'agit d'un festival familial qui fait la part\u2026","rel":"","context":"Article similaire","block_context":{"text":"Article similaire","link":""},"img":{"alt_text":"Festival des solidarit\u00e9s","src":"https:\/\/i0.wp.com\/www.festivals.be\/festivals-belgique\/wp-content\/uploads\/2017\/03\/Festivals-des-solidarites-300x100.png?resize=350%2C200","width":350,"height":200},"classes":[]},{"id":188,"url":"https:\/\/www.festivals.be\/festivals-belgique\/festivals\/theatre\/festival-de-liege\/","url_meta":{"origin":426,"position":4},"title":"Festival de Li\u00e8ge","author":"Admin","date":"1 mars 2017","format":false,"excerpt":"Le Festival de Li\u00e8ge rassemble des spectacles de th\u00e9\u00e2tre, danse et musique. Comme son nom l'indique il a lieu chaque ann\u00e9e dans la ville de Li\u00e8ge, durant le mois de f\u00e9vrier. Date de la prochaine \u00e9dition : Festival de Li\u00e8ge 2018 (\u00e0 confirmer) Site internet : Festival de Li\u00e8ge \u00a0","rel":"","context":"Article similaire","block_context":{"text":"Article similaire","link":""},"img":{"alt_text":"","src":"","width":0,"height":0},"classes":[]},{"id":463,"url":"https:\/\/www.festivals.be\/festivals-belgique\/festivals\/musique\/jazz\/jazz-a-liege\/","url_meta":{"origin":426,"position":5},"title":"Jazz \u00e0 Li\u00e8ge","author":"Admin","date":"27 avril 2017","format":false,"excerpt":"Plus de 25 ans d'existence pour festival incontournable pour tous les amateurs de jazz. Les plus grands noms se succ\u00e8dent sur diff\u00e9rentes sc\u00e8nes li\u00e9geoise l'espace d'un long weekend. Prochaine \u00e9dition : Jazz \u00e0 Li\u00e8ge 2017, du 11 au 13 mai 2017 Site internet : Jazz \u00e0 Li\u00e8ge \u00a0 \u00a0","rel":"","context":"Article similaire","block_context":{"text":"Article similaire","link":""},"img":{"alt_text":"Mithra Jazz \u00e0 Li\u00e8ge","src":"https:\/\/i0.wp.com\/www.festivals.be\/festivals-belgique\/wp-content\/uploads\/2017\/04\/jazz_a_liege-213x300.png?resize=350%2C200","width":350,"height":200},"classes":[]}],"_links":{"self":[{"href":"https:\/\/www.festivals.be\/festivals-belgique\/wp-json\/wp\/v2\/pages\/426","targetHints":{"allow":["GET"]}}],"collection":[{"href":"https:\/\/www.festivals.be\/festivals-belgique\/wp-json\/wp\/v2\/pages"}],"about":[{"href":"https:\/\/www.festivals.be\/festivals-belgique\/wp-json\/wp\/v2\/types\/page"}],"author":[{"embeddable":true,"href":"https:\/\/www.festivals.be\/festivals-belgique\/wp-json\/wp\/v2\/users\/1"}],"replies":[{"embeddable":true,"href":"https:\/\/www.festivals.be\/festivals-belgique\/wp-json\/wp\/v2\/comments?post=426"}],"version-history":[{"count":2,"href":"https:\/\/www.festivals.be\/festivals-belgique\/wp-json\/wp\/v2\/pages\/426\/revisions"}],"predecessor-version":[{"id":430,"href":"https:\/\/www.festivals.be\/festivals-belgique\/wp-json\/wp\/v2\/pages\/426\/revisions\/430"}],"up":[{"embeddable":true,"href":"https:\/\/www.festivals.be\/festivals-belgique\/wp-json\/wp\/v2\/pages\/30"}],"wp:attachment":[{"href":"https:\/\/www.festivals.be\/festivals-belgique\/wp-json\/wp\/v2\/media?parent=426"}],"curies":[{"name":"wp","href":"https:\/\/api.w.org\/{rel}","templated":true}]}}