{"id":459,"date":"2017-04-27T15:13:14","date_gmt":"2017-04-27T13:13:14","guid":{"rendered":"http:\/\/www.festivals.be\/festivals-belgique\/?page_id=459"},"modified":"2017-04-27T15:13:14","modified_gmt":"2017-04-27T13:13:14","slug":"go-future","status":"publish","type":"page","link":"https:\/\/www.festivals.be\/festivals-belgique\/festivals\/films-et-cinema\/go-future\/","title":{"rendered":"Go Future"},"content":{"rendered":"<figure id=\"attachment_460\" aria-describedby=\"caption-attachment-460\" style=\"width: 300px\" class=\"wp-caption alignleft\"><img data-recalc-dims=\"1\" loading=\"lazy\" decoding=\"async\" class=\"size-medium wp-image-460\" src=\"https:\/\/i0.wp.com\/www.festivals.be\/festivals-belgique\/wp-content\/uploads\/2017\/04\/LogoGoFuture_site-300x157.png?resize=300%2C157\" alt=\"\" width=\"300\" height=\"157\" srcset=\"https:\/\/i0.wp.com\/www.festivals.be\/festivals-belgique\/wp-content\/uploads\/2017\/04\/LogoGoFuture_site.png?resize=300%2C157&amp;ssl=1 300w, https:\/\/i0.wp.com\/www.festivals.be\/festivals-belgique\/wp-content\/uploads\/2017\/04\/LogoGoFuture_site.png?w=500&amp;ssl=1 500w\" sizes=\"auto, (max-width: 300px) 85vw, 300px\" \/><figcaption id=\"caption-attachment-460\" class=\"wp-caption-text\">Festival Go Future &#8211; cin\u00e9ma<\/figcaption><\/figure>\n<p>Le <strong>Festival Go Future<\/strong> est le festival du film itin\u00e9rant.<\/p>\n<p>Le festival GO FUTURE propose dans toute la Wallonie une programmation cin\u00e9matographique gratuite et grand public ax\u00e9e sur le d\u00e9veloppement durable.<\/p>\n<p>Les \u00e9nergies alternatives, l\u2019\u00e9ducation, le changement climatique, l\u2019alimentation, la sant\u00e9, la biodiversit\u00e9, les ressources naturelles, la consommation et la production responsables. Voil\u00e0 les enjeux de notre quotidien : le <strong>Festival GO FUTURE<\/strong> les abordera tout au long de son p\u00e9riple wallon.<\/p>\n<p>Il se d\u00e9roule \u00e0 Charleroi au Quai 10 et partout en Wallonie.<\/p>\n<p>Entr\u00e9e gratuite, r\u00e9servation obligatoire.<\/p>\n<p>Prochaine \u00e9dition : 2018 \u00e0 confirmer<\/p>\n<p>Site internet : <a href=\"http:\/\/www.festival-gofuture.be\/\" target=\"_blank\" rel=\"noopener noreferrer\">Festival Go Future<\/a><\/p>\n<p>&nbsp;<\/p>\n<p>&nbsp;<\/p>\n","protected":false},"excerpt":{"rendered":"<p>Le Festival Go Future est le festival du film itin\u00e9rant. Le festival GO FUTURE propose dans toute la Wallonie une programmation cin\u00e9matographique gratuite et grand public ax\u00e9e sur le d\u00e9veloppement &hellip; <a href=\"https:\/\/www.festivals.be\/festivals-belgique\/festivals\/films-et-cinema\/go-future\/\" class=\"more-link\">Continuer la lecture<span class=\"screen-reader-text\"> de &laquo;&nbsp;Go Future&nbsp;&raquo;<\/span><\/a><\/p>\n","protected":false},"author":1,"featured_media":0,"parent":30,"menu_order":0,"comment_status":"closed","ping_status":"closed","template":"","meta":{"footnotes":""},"class_list":["post-459","page","type-page","status-publish","hentry"],"aioseo_notices":[],"jetpack_sharing_enabled":true,"jetpack_shortlink":"https:\/\/wp.me\/P7Iv6j-7p","jetpack_likes_enabled":true,"jetpack-related-posts":[{"id":217,"url":"https:\/\/www.festivals.be\/festivals-belgique\/festivals\/musique\/classique\/festival-de-wallonie\/","url_meta":{"origin":459,"position":0},"title":"Festival de Wallonie","author":"Admin","date":"1 mars 2017","format":false,"excerpt":"Le Festival de Wallonie est un festival de musique classique qui s'\u00e9tend sur plus de quatre mois et propose plus de 150 concerts lors de sept festivals diff\u00e9rents, r\u00e9partis sur l\u2019ensemble du territoire de la Wallonie et \u00e0 Bruxelles. Chaque ann\u00e9e le\u00a0programme ravit le public\u00a0\u00e0 Namur, Mons, Li\u00e8ge, Stavelot, Tournai,\u2026","rel":"","context":"Article similaire","block_context":{"text":"Article similaire","link":""},"img":{"alt_text":"","src":"","width":0,"height":0},"classes":[]},{"id":272,"url":"https:\/\/www.festivals.be\/festivals-belgique\/festivals\/musique\/rock-et-divers\/fete-de-la-musique\/","url_meta":{"origin":459,"position":1},"title":"F\u00eate de la Musique","author":"Admin","date":"2 mars 2017","format":false,"excerpt":"Organis\u00e9e par la F\u00e9d\u00e9ration Wallonie - Bruxelles, la F\u00eate de la Musique existe depuis plus de 30 ans. C'est donc un des plus anciens festivals belges. Elle rassemble chaque ann\u00e9e des dizaines d'artistes dans les principales villes wallones et \u00e0 Bruxelles. Dates de la prochaine \u00e9dition : F\u00eate de la\u2026","rel":"","context":"Article similaire","block_context":{"text":"Article similaire","link":""},"img":{"alt_text":"","src":"","width":0,"height":0},"classes":[]},{"id":199,"url":"https:\/\/www.festivals.be\/festivals-belgique\/festivals\/theatre\/bruxellons\/","url_meta":{"origin":459,"position":2},"title":"Bruxellons","author":"Admin","date":"1 mars 2017","format":false,"excerpt":"Le festival de th\u00e9\u00e2tre Bruxellons ! a lieu chaque ann\u00e9e durant l'\u00e9t\u00e9 sur le site du chateau du Karreveld, \u00e0 Molenbeek. Ce festival donne la part belle aux cr\u00e9ations des artistes de la F\u00e9d\u00e9ration Wallonie - Bruxelles et pr\u00e9sente de nouveaux spectacles originaux parmi plus d'une centaine de repr\u00e9sentations. Dates\u2026","rel":"","context":"Article similaire","block_context":{"text":"Article similaire","link":""},"img":{"alt_text":"","src":"","width":0,"height":0},"classes":[]},{"id":392,"url":"https:\/\/www.festivals.be\/festivals-belgique\/festivals\/musique\/electro-et-dance\/listen-festival\/","url_meta":{"origin":459,"position":3},"title":"Listen Festival","author":"Admin","date":"9 mars 2017","format":false,"excerpt":"Avec sa premi\u00e8re \u00e9dition r\u00e9ussie en 2016 avec des milliers de festivaliers, le festival Listen ! est le nouveau venu des festivals \u00e9lectro \u00e0 Bruxelles. Durant 3 jours, des DJs se succ\u00e8dent sur plusieurs sc\u00e8nes majeures de la capitale pour animer cet \u00e9v\u00e9nement qui se veut celui des \"musiques du\u2026","rel":"","context":"Article similaire","block_context":{"text":"Article similaire","link":""},"img":{"alt_text":"Listen Festival","src":"https:\/\/i0.wp.com\/www.festivals.be\/festivals-belgique\/wp-content\/uploads\/2017\/03\/layer4A-300x300.png?resize=350%2C200","width":350,"height":200},"classes":[]},{"id":212,"url":"https:\/\/www.festivals.be\/festivals-belgique\/festivals\/musique\/rock-et-divers\/pukkelpop\/","url_meta":{"origin":459,"position":4},"title":"Pukkelpop","author":"Admin","date":"1 mars 2017","format":false,"excerpt":"Un des festivals de musique les plus attendu chaque ann\u00e9e ! Le Pukkelpop c'est 4 jours de folie et des dizaines de milliers de festivaliers qui se baladent entre de nombreuses sc\u00e8nes pour acclamer des artistes confirm\u00e9s ou des futures stars nationales et internationales. Du rock, de la pop, de\u2026","rel":"","context":"Article similaire","block_context":{"text":"Article similaire","link":""},"img":{"alt_text":"","src":"","width":0,"height":0},"classes":[]},{"id":118,"url":"https:\/\/www.festivals.be\/festivals-belgique\/festivals\/musique\/rock-et-divers\/francofolies-de-spa\/","url_meta":{"origin":459,"position":5},"title":"Francofolies de Spa","author":"Admin","date":"18 ao\u00fbt 2016","format":false,"excerpt":"En fran\u00e7ais ... et en famille. La ville de Spa accueille chaque ann\u00e9e durant le mois de juillet le festival tr\u00e8s familial des Francofolies, aussi bien connu sous le petit nom : \"Les Francos\" ! Inspir\u00e9 par le festival fran\u00e7ais les Francofolies de La Rochelle, cr\u00e9\u00e9 en 1985, la version\u2026","rel":"","context":"Article similaire","block_context":{"text":"Article similaire","link":""},"img":{"alt_text":"Francofolies","src":"https:\/\/i0.wp.com\/www.festivals.be\/festivals-belgique\/wp-content\/uploads\/2016\/08\/Francofolies-300x300.jpg?resize=350%2C200","width":350,"height":200},"classes":[]}],"_links":{"self":[{"href":"https:\/\/www.festivals.be\/festivals-belgique\/wp-json\/wp\/v2\/pages\/459","targetHints":{"allow":["GET"]}}],"collection":[{"href":"https:\/\/www.festivals.be\/festivals-belgique\/wp-json\/wp\/v2\/pages"}],"about":[{"href":"https:\/\/www.festivals.be\/festivals-belgique\/wp-json\/wp\/v2\/types\/page"}],"author":[{"embeddable":true,"href":"https:\/\/www.festivals.be\/festivals-belgique\/wp-json\/wp\/v2\/users\/1"}],"replies":[{"embeddable":true,"href":"https:\/\/www.festivals.be\/festivals-belgique\/wp-json\/wp\/v2\/comments?post=459"}],"version-history":[{"count":1,"href":"https:\/\/www.festivals.be\/festivals-belgique\/wp-json\/wp\/v2\/pages\/459\/revisions"}],"predecessor-version":[{"id":461,"href":"https:\/\/www.festivals.be\/festivals-belgique\/wp-json\/wp\/v2\/pages\/459\/revisions\/461"}],"up":[{"embeddable":true,"href":"https:\/\/www.festivals.be\/festivals-belgique\/wp-json\/wp\/v2\/pages\/30"}],"wp:attachment":[{"href":"https:\/\/www.festivals.be\/festivals-belgique\/wp-json\/wp\/v2\/media?parent=459"}],"curies":[{"name":"wp","href":"https:\/\/api.w.org\/{rel}","templated":true}]}}