{"id":46,"date":"2016-07-13T21:24:22","date_gmt":"2016-07-13T19:24:22","guid":{"rendered":"http:\/\/www.festivals.be\/festivals-belgique\/?page_id=46"},"modified":"2016-07-13T21:24:22","modified_gmt":"2016-07-13T19:24:22","slug":"electro-et-dance","status":"publish","type":"page","link":"https:\/\/www.festivals.be\/festivals-belgique\/festivals\/musique\/electro-et-dance\/","title":{"rendered":"Electro et dance"},"content":{"rendered":"<p>Festivals electro, techno et dance music.<\/p>\n","protected":false},"excerpt":{"rendered":"<p>Festivals electro, techno et dance music.<\/p>\n","protected":false},"author":1,"featured_media":0,"parent":16,"menu_order":0,"comment_status":"closed","ping_status":"closed","template":"","meta":{"jetpack_post_was_ever_published":false,"footnotes":""},"class_list":["post-46","page","type-page","status-publish","hentry"],"aioseo_notices":[],"jetpack_sharing_enabled":true,"jetpack_shortlink":"https:\/\/wp.me\/P7Iv6j-K","jetpack_likes_enabled":true,"jetpack-related-posts":[{"id":392,"url":"https:\/\/www.festivals.be\/festivals-belgique\/festivals\/musique\/electro-et-dance\/listen-festival\/","url_meta":{"origin":46,"position":0},"title":"Listen Festival","author":"Admin","date":"9 mars 2017","format":false,"excerpt":"Avec sa premi\u00e8re \u00e9dition r\u00e9ussie en 2016 avec des milliers de festivaliers, le festival Listen ! est le nouveau venu des festivals \u00e9lectro \u00e0 Bruxelles. Durant 3 jours, des DJs se succ\u00e8dent sur plusieurs sc\u00e8nes majeures de la capitale pour animer cet \u00e9v\u00e9nement qui se veut celui des \"musiques du\u2026","rel":"","context":"Article similaire","block_context":{"text":"Article similaire","link":""},"img":{"alt_text":"Listen Festival","src":"https:\/\/i0.wp.com\/www.festivals.be\/festivals-belgique\/wp-content\/uploads\/2017\/03\/layer4A-300x300.png?resize=350%2C200","width":350,"height":200},"classes":[]},{"id":470,"url":"https:\/\/www.festivals.be\/festivals-belgique\/festivals\/musique\/electro-et-dance\/hype-o-dream\/","url_meta":{"origin":46,"position":1},"title":"Hype O Dream","author":"Admin","date":"27 avril 2017","format":false,"excerpt":"Le festival Hype O Dream est un des rendez-vous qui montent parmi les festivals dance et \u00e9lectro. Il a lieu chaque ann\u00e9e \u00e0 Waregem. Prochaine \u00e9dition : Hype O Dream 2017, le 15\/7 Site internet : Hype O Dream \u00a0","rel":"","context":"Article similaire","block_context":{"text":"Article similaire","link":""},"img":{"alt_text":"Hype-o-Dream","src":"https:\/\/i0.wp.com\/www.festivals.be\/festivals-belgique\/wp-content\/uploads\/2017\/04\/HOD-5-Logo-LR-300x272.gif?resize=350%2C200","width":350,"height":200},"classes":[]},{"id":114,"url":"https:\/\/www.festivals.be\/festivals-belgique\/festivals\/musique\/electro-et-dance\/tomorrowland\/","url_meta":{"origin":46,"position":2},"title":"Tomorrowland","author":"Admin","date":"23 juillet 2016","format":false,"excerpt":"Tomorrowland est LA r\u00e9f\u00e9rence mondiale des festivals electro. Vainqueur du titre de meilleur festival du monde \u00e0 plusieurs reprises, c'est un des festivals incontournables ... de la plan\u00e8te. Chaque ann\u00e9e les organisateurs ajoutent de nouvelles id\u00e9es folles pour en faire le rendez-vous de l'ann\u00e9e. Et les dizaines de milliers de\u2026","rel":"","context":"Article similaire","block_context":{"text":"Article similaire","link":""},"img":{"alt_text":"","src":"","width":0,"height":0},"classes":[]},{"id":323,"url":"https:\/\/www.festivals.be\/festivals-belgique\/festivals\/musique\/electro-et-dance\/ten-days-off\/","url_meta":{"origin":46,"position":3},"title":"Ten Days Off","author":"Admin","date":"2 mars 2017","format":false,"excerpt":"Organis\u00e9 dans la ville de Gand, dans et autour de la salle mythique du Vooruit le festival 10 Days Off est un rendez-vous majeur de l'\u00e9lectro en Belgique. Les plus grands nom et les artistes les plus underground se relaient pendant 10 jours sur sc\u00e8ne, jour et nuit ! Ce\u2026","rel":"","context":"Article similaire","block_context":{"text":"Article similaire","link":""},"img":{"alt_text":"10 Days Off","src":"https:\/\/i0.wp.com\/www.festivals.be\/festivals-belgique\/wp-content\/uploads\/2017\/03\/be-10daysoff-hawtin-300x198.jpg?resize=350%2C200","width":350,"height":200},"classes":[]},{"id":358,"url":"https:\/\/www.festivals.be\/festivals-belgique\/festivals\/musique\/electro-et-dance\/frontline-festival\/","url_meta":{"origin":46,"position":4},"title":"Frontline Festival","author":"Admin","date":"6 mars 2017","format":false,"excerpt":"Le festival Frontline a vu le jour en 2013. Il s'agit d'un festival de musique \u00e9lectronique qui grandit chaque ann\u00e9e. En 2016 il a rassembl\u00e9 plus de 2.000 festivaliers autour de DJ locaux \u00e0 Zonnebeke, pr\u00e8s de Ypres. Dates de la prochaine \u00e9dition : Frontline Festival 2017, le 19 ao\u00fbt\u2026","rel":"","context":"Article similaire","block_context":{"text":"Article similaire","link":""},"img":{"alt_text":"Frontline Festival","src":"https:\/\/i0.wp.com\/www.festivals.be\/festivals-belgique\/wp-content\/uploads\/2017\/03\/Frontline-Festival-300x300.png?resize=350%2C200","width":350,"height":200},"classes":[]},{"id":300,"url":"https:\/\/www.festivals.be\/festivals-belgique\/festivals\/musique\/rock-et-divers\/cactus-festival\/","url_meta":{"origin":46,"position":5},"title":"Cactus Festival","author":"Admin","date":"2 mars 2017","format":false,"excerpt":"Le Cactusfestival se d\u00e9roule chaque ann\u00e9e pendant le premier weekend de juillet dans la ville de Bruges. Il propose sur deux jours une s\u00e9rie de grand noms internationaux du rock et de l'\u00e9lectro. C'est avant tout un bon festival de taille moyenne, accessible aux amateurs de musique de tous les\u2026","rel":"","context":"Article similaire","block_context":{"text":"Article similaire","link":""},"img":{"alt_text":"Cactus Festival","src":"https:\/\/i0.wp.com\/www.festivals.be\/festivals-belgique\/wp-content\/uploads\/2017\/03\/cactus-festival-300x103.jpg?resize=350%2C200","width":350,"height":200},"classes":[]}],"_links":{"self":[{"href":"https:\/\/www.festivals.be\/festivals-belgique\/wp-json\/wp\/v2\/pages\/46","targetHints":{"allow":["GET"]}}],"collection":[{"href":"https:\/\/www.festivals.be\/festivals-belgique\/wp-json\/wp\/v2\/pages"}],"about":[{"href":"https:\/\/www.festivals.be\/festivals-belgique\/wp-json\/wp\/v2\/types\/page"}],"author":[{"embeddable":true,"href":"https:\/\/www.festivals.be\/festivals-belgique\/wp-json\/wp\/v2\/users\/1"}],"replies":[{"embeddable":true,"href":"https:\/\/www.festivals.be\/festivals-belgique\/wp-json\/wp\/v2\/comments?post=46"}],"version-history":[{"count":1,"href":"https:\/\/www.festivals.be\/festivals-belgique\/wp-json\/wp\/v2\/pages\/46\/revisions"}],"predecessor-version":[{"id":47,"href":"https:\/\/www.festivals.be\/festivals-belgique\/wp-json\/wp\/v2\/pages\/46\/revisions\/47"}],"up":[{"embeddable":true,"href":"https:\/\/www.festivals.be\/festivals-belgique\/wp-json\/wp\/v2\/pages\/16"}],"wp:attachment":[{"href":"https:\/\/www.festivals.be\/festivals-belgique\/wp-json\/wp\/v2\/media?parent=46"}],"curies":[{"name":"wp","href":"https:\/\/api.w.org\/{rel}","templated":true}]}}