{"id":50,"date":"2016-07-13T21:25:09","date_gmt":"2016-07-13T19:25:09","guid":{"rendered":"http:\/\/www.festivals.be\/festivals-belgique\/?page_id=50"},"modified":"2016-07-13T21:25:09","modified_gmt":"2016-07-13T19:25:09","slug":"classique","status":"publish","type":"page","link":"https:\/\/www.festivals.be\/festivals-belgique\/festivals\/musique\/classique\/","title":{"rendered":"Classique"},"content":{"rendered":"<p>Festivals de musique classique en Belgique.<\/p>\n","protected":false},"excerpt":{"rendered":"<p>Festivals de musique classique en Belgique.<\/p>\n","protected":false},"author":1,"featured_media":0,"parent":16,"menu_order":0,"comment_status":"closed","ping_status":"closed","template":"","meta":{"jetpack_post_was_ever_published":false,"footnotes":""},"class_list":["post-50","page","type-page","status-publish","hentry"],"aioseo_notices":[],"jetpack_sharing_enabled":true,"jetpack_shortlink":"https:\/\/wp.me\/P7Iv6j-O","jetpack_likes_enabled":true,"jetpack-related-posts":[{"id":217,"url":"https:\/\/www.festivals.be\/festivals-belgique\/festivals\/musique\/classique\/festival-de-wallonie\/","url_meta":{"origin":50,"position":0},"title":"Festival de Wallonie","author":"Admin","date":"1 mars 2017","format":false,"excerpt":"Le Festival de Wallonie est un festival de musique classique qui s'\u00e9tend sur plus de quatre mois et propose plus de 150 concerts lors de sept festivals diff\u00e9rents, r\u00e9partis sur l\u2019ensemble du territoire de la Wallonie et \u00e0 Bruxelles. Chaque ann\u00e9e le\u00a0programme ravit le public\u00a0\u00e0 Namur, Mons, Li\u00e8ge, Stavelot, Tournai,\u2026","rel":"","context":"Article similaire","block_context":{"text":"Article similaire","link":""},"img":{"alt_text":"","src":"","width":0,"height":0},"classes":[]},{"id":489,"url":"https:\/\/www.festivals.be\/festivals-belgique\/festivals\/musique\/classique\/brussels-international-guitar-festival\/","url_meta":{"origin":50,"position":1},"title":"Brussels International Guitar Festival","author":"Admin","date":"27 avril 2017","format":false,"excerpt":"Le Festival Internation de Guitare de Bruxelles a vu le jour en 2012. Il vous pr\u00e9sente tout simplement la guitare dans tous ses \u00e9tats.","rel":"","context":"Article similaire","block_context":{"text":"Article similaire","link":""},"img":{"alt_text":"","src":"","width":0,"height":0},"classes":[]},{"id":282,"url":"https:\/\/www.festivals.be\/festivals-belgique\/festivals\/musique\/jazz\/gent-jazz\/","url_meta":{"origin":50,"position":2},"title":"Gent Jazz","author":"Admin","date":"2 mars 2017","format":false,"excerpt":"Le festival de jazz de Gand dure chaque ann\u00e9e une dizaine de jour et rassemble de tr\u00e8s grand noms du jazz mondial. Il est historiquement le premier festival au monde organis\u00e9 en collaboration avec le prestigieux label de jazz Blue Note, le premier \u00e0 pouvoir porter ce nom. Il a\u2026","rel":"","context":"Article similaire","block_context":{"text":"Article similaire","link":""},"img":{"alt_text":"","src":"","width":0,"height":0},"classes":[]},{"id":16,"url":"https:\/\/www.festivals.be\/festivals-belgique\/festivals\/musique\/","url_meta":{"origin":50,"position":3},"title":"Musique","author":"Admin","date":"13 juillet 2016","format":false,"excerpt":"Liste de tous les festivals de musique en Belgique.","rel":"","context":"Article similaire","block_context":{"text":"Article similaire","link":""},"img":{"alt_text":"","src":"","width":0,"height":0},"classes":[]},{"id":52,"url":"https:\/\/www.festivals.be\/festivals-belgique\/festivals\/musique\/musique-du-monde\/","url_meta":{"origin":50,"position":4},"title":"Musique du monde","author":"Admin","date":"13 juillet 2016","format":false,"excerpt":"Les festivals de musiques du monde, de world music.","rel":"","context":"Article similaire","block_context":{"text":"Article similaire","link":""},"img":{"alt_text":"","src":"","width":0,"height":0},"classes":[]},{"id":129,"url":"https:\/\/www.festivals.be\/festivals-belgique\/festivals\/musique\/rock-et-divers\/dour-festival\/","url_meta":{"origin":50,"position":5},"title":"Dour festival","author":"Admin","date":"18 ao\u00fbt 2016","format":false,"excerpt":"Le festival des d\u00e9couvertes ! Voil\u00e0 comment Dour se positionne dans la famille des festivals belges. C'est une institution. Une affiche faisant le tour des musiques \u00e0 360 degr\u00e9s, on y trouve de tout ... sauf des stars plan\u00e9taires. Incontestablement le meilleur endroit en Belgique pour d\u00e9couvrir de nouveaux sons,\u2026","rel":"","context":"Article similaire","block_context":{"text":"Article similaire","link":""},"img":{"alt_text":"Dour festival","src":"https:\/\/i0.wp.com\/www.festivals.be\/festivals-belgique\/wp-content\/uploads\/2017\/03\/Dour-300x200.jpg?resize=350%2C200","width":350,"height":200},"classes":[]}],"_links":{"self":[{"href":"https:\/\/www.festivals.be\/festivals-belgique\/wp-json\/wp\/v2\/pages\/50","targetHints":{"allow":["GET"]}}],"collection":[{"href":"https:\/\/www.festivals.be\/festivals-belgique\/wp-json\/wp\/v2\/pages"}],"about":[{"href":"https:\/\/www.festivals.be\/festivals-belgique\/wp-json\/wp\/v2\/types\/page"}],"author":[{"embeddable":true,"href":"https:\/\/www.festivals.be\/festivals-belgique\/wp-json\/wp\/v2\/users\/1"}],"replies":[{"embeddable":true,"href":"https:\/\/www.festivals.be\/festivals-belgique\/wp-json\/wp\/v2\/comments?post=50"}],"version-history":[{"count":1,"href":"https:\/\/www.festivals.be\/festivals-belgique\/wp-json\/wp\/v2\/pages\/50\/revisions"}],"predecessor-version":[{"id":51,"href":"https:\/\/www.festivals.be\/festivals-belgique\/wp-json\/wp\/v2\/pages\/50\/revisions\/51"}],"up":[{"embeddable":true,"href":"https:\/\/www.festivals.be\/festivals-belgique\/wp-json\/wp\/v2\/pages\/16"}],"wp:attachment":[{"href":"https:\/\/www.festivals.be\/festivals-belgique\/wp-json\/wp\/v2\/media?parent=50"}],"curies":[{"name":"wp","href":"https:\/\/api.w.org\/{rel}","templated":true}]}}