{"id":54,"date":"2016-07-13T21:26:19","date_gmt":"2016-07-13T19:26:19","guid":{"rendered":"http:\/\/www.festivals.be\/festivals-belgique\/?page_id=54"},"modified":"2016-07-13T21:26:19","modified_gmt":"2016-07-13T19:26:19","slug":"metal","status":"publish","type":"page","link":"https:\/\/www.festivals.be\/festivals-belgique\/festivals\/musique\/metal\/","title":{"rendered":"Metal"},"content":{"rendered":"<p>Les festivals de metal en Belgique.<\/p>\n","protected":false},"excerpt":{"rendered":"<p>Les festivals de metal en Belgique.<\/p>\n","protected":false},"author":1,"featured_media":0,"parent":16,"menu_order":0,"comment_status":"closed","ping_status":"closed","template":"","meta":{"jetpack_post_was_ever_published":false,"footnotes":""},"class_list":["post-54","page","type-page","status-publish","hentry"],"aioseo_notices":[],"jetpack_sharing_enabled":true,"jetpack_shortlink":"https:\/\/wp.me\/P7Iv6j-S","jetpack_likes_enabled":true,"jetpack-related-posts":[{"id":175,"url":"https:\/\/www.festivals.be\/festivals-belgique\/festivals\/musique\/metal\/graspop-metal-meeting\/","url_meta":{"origin":54,"position":0},"title":"Graspop Metal Meeting","author":"Admin","date":"1 mars 2017","format":false,"excerpt":"Le Graspop Metal Meeting (ou Graspop)\u00a0est LE festival incontournable pour les fans de metal en Belgique. Chaque ann\u00e9e des dizaines de milliers de festivaliers arpentent les plaines du Graspop \u00e0 Dessel dans le Limbourg. De plus en plus de groupes, de plus en plus de sc\u00e8nes durant les 3 jours\u2026","rel":"","context":"Article similaire","block_context":{"text":"Article similaire","link":""},"img":{"alt_text":"","src":"","width":0,"height":0},"classes":[]},{"id":247,"url":"https:\/\/www.festivals.be\/festivals-belgique\/festivals\/musique\/metal\/alcatraz-metal-festival\/","url_meta":{"origin":54,"position":1},"title":"Alcatraz Metal Festival","author":"Admin","date":"2 mars 2017","format":false,"excerpt":"Alcatraz est un festival de m\u00e9tal qui a vu le jour en 2009. Le festival n'a fait que grandir tout au long de ces derni\u00e8res ann\u00e9es avec une affiche de plus en plus qualitative, accueillant des groupes \u00e0 la renomm\u00e9e internationale et donnant de la visibilit\u00e9 aux groupes belges. Une\u2026","rel":"","context":"Article similaire","block_context":{"text":"Article similaire","link":""},"img":{"alt_text":"Alcatraz Metal Festival","src":"https:\/\/i0.wp.com\/www.festivals.be\/festivals-belgique\/wp-content\/uploads\/2017\/03\/Alcatraz-300x90.jpg?resize=350%2C200","width":350,"height":200,"srcset":"https:\/\/i0.wp.com\/www.festivals.be\/festivals-belgique\/wp-content\/uploads\/2017\/03\/Alcatraz-300x90.jpg?resize=350%2C200 1x, https:\/\/i0.wp.com\/www.festivals.be\/festivals-belgique\/wp-content\/uploads\/2017\/03\/Alcatraz-300x90.jpg?resize=525%2C300 1.5x, https:\/\/i0.wp.com\/www.festivals.be\/festivals-belgique\/wp-content\/uploads\/2017\/03\/Alcatraz-300x90.jpg?resize=700%2C400 2x"},"classes":[]},{"id":64,"url":"https:\/\/www.festivals.be\/festivals-belgique\/a-propos\/","url_meta":{"origin":54,"position":2},"title":"A propos","author":"Admin","date":"13 juillet 2016","format":false,"excerpt":"Festivals.be : n\u00b01 sur les Festivals en Belgique ! En ligne\u00a0depuis 2001, le site Festivals .be s'est rapidement impos\u00e9 comme le premier site sur les festivals en Belgique. Avec des dizaines de milliers de pages vues et de visiteurs uniques par mois, il attire une grande partie de l'audience des\u2026","rel":"","context":"Article similaire","block_context":{"text":"Article similaire","link":""},"img":{"alt_text":"","src":"","width":0,"height":0},"classes":[]},{"id":28,"url":"https:\/\/www.festivals.be\/festivals-belgique\/festivals\/autres\/","url_meta":{"origin":54,"position":3},"title":"Autres","author":"Admin","date":"13 juillet 2016","format":false,"excerpt":"Les autres festivals en Belgique.","rel":"","context":"Article similaire","block_context":{"text":"Article similaire","link":""},"img":{"alt_text":"","src":"","width":0,"height":0},"classes":[]},{"id":16,"url":"https:\/\/www.festivals.be\/festivals-belgique\/festivals\/musique\/","url_meta":{"origin":54,"position":4},"title":"Musique","author":"Admin","date":"13 juillet 2016","format":false,"excerpt":"Liste de tous les festivals de musique en Belgique.","rel":"","context":"Article similaire","block_context":{"text":"Article similaire","link":""},"img":{"alt_text":"","src":"","width":0,"height":0},"classes":[]},{"id":22,"url":"https:\/\/www.festivals.be\/festivals-belgique\/festivals\/danse\/","url_meta":{"origin":54,"position":5},"title":"Danse","author":"Admin","date":"13 juillet 2016","format":false,"excerpt":"Liste de tous les festivals de danse en Belgique.","rel":"","context":"Article similaire","block_context":{"text":"Article similaire","link":""},"img":{"alt_text":"","src":"","width":0,"height":0},"classes":[]}],"_links":{"self":[{"href":"https:\/\/www.festivals.be\/festivals-belgique\/wp-json\/wp\/v2\/pages\/54","targetHints":{"allow":["GET"]}}],"collection":[{"href":"https:\/\/www.festivals.be\/festivals-belgique\/wp-json\/wp\/v2\/pages"}],"about":[{"href":"https:\/\/www.festivals.be\/festivals-belgique\/wp-json\/wp\/v2\/types\/page"}],"author":[{"embeddable":true,"href":"https:\/\/www.festivals.be\/festivals-belgique\/wp-json\/wp\/v2\/users\/1"}],"replies":[{"embeddable":true,"href":"https:\/\/www.festivals.be\/festivals-belgique\/wp-json\/wp\/v2\/comments?post=54"}],"version-history":[{"count":1,"href":"https:\/\/www.festivals.be\/festivals-belgique\/wp-json\/wp\/v2\/pages\/54\/revisions"}],"predecessor-version":[{"id":55,"href":"https:\/\/www.festivals.be\/festivals-belgique\/wp-json\/wp\/v2\/pages\/54\/revisions\/55"}],"up":[{"embeddable":true,"href":"https:\/\/www.festivals.be\/festivals-belgique\/wp-json\/wp\/v2\/pages\/16"}],"wp:attachment":[{"href":"https:\/\/www.festivals.be\/festivals-belgique\/wp-json\/wp\/v2\/media?parent=54"}],"curies":[{"name":"wp","href":"https:\/\/api.w.org\/{rel}","templated":true}]}}