{"id":584,"date":"2019-07-26T11:15:05","date_gmt":"2019-07-26T09:15:05","guid":{"rendered":"https:\/\/www.festivals.be\/festivals-belgique\/?page_id=584"},"modified":"2019-07-26T11:15:05","modified_gmt":"2019-07-26T09:15:05","slug":"festival","status":"publish","type":"page","link":"https:\/\/www.festivals.be\/festivals-belgique\/festival\/","title":{"rendered":"Festival"},"content":{"rendered":"\n","protected":false},"excerpt":{"rendered":"","protected":false},"author":1,"featured_media":0,"parent":0,"menu_order":0,"comment_status":"closed","ping_status":"closed","template":"","meta":{"footnotes":""},"class_list":["post-584","page","type-page","status-publish","hentry"],"aioseo_notices":[],"jetpack_sharing_enabled":true,"jetpack_shortlink":"https:\/\/wp.me\/P7Iv6j-9q","jetpack_likes_enabled":true,"jetpack-related-posts":[{"id":13,"url":"https:\/\/www.festivals.be\/festivals-belgique\/festivals\/","url_meta":{"origin":584,"position":0},"title":"Festivals","author":"Admin","date":"13 juillet 2016","format":false,"excerpt":"Tous les festivals en Belgique. Agenda des festivals en Belgique Senneffe\u00a0 Waterlol\u00a0 Rock system\u00a0 Un festival\u00a0 Belzik\u00a0 Listen\u00a0 La smalla\u00a0 Avril en ville\u00a0 Confluent jazz festival\u00a0 Forest Sounds\u00a0 Kikk\u00a0 Into the blue\u00a0 Vibrations \u00e0 Malmedy Le refuge\u00a0 Fiestacity verviers\u00a0 Brdcst - broadcast \u00e0 l' Ancienne Belgique\u00a0 Le jour le plus\u2026","rel":"","context":"Article similaire","block_context":{"text":"Article similaire","link":""},"img":{"alt_text":"","src":"","width":0,"height":0},"classes":[]},{"id":358,"url":"https:\/\/www.festivals.be\/festivals-belgique\/festivals\/musique\/electro-et-dance\/frontline-festival\/","url_meta":{"origin":584,"position":1},"title":"Frontline Festival","author":"Admin","date":"6 mars 2017","format":false,"excerpt":"Le festival Frontline a vu le jour en 2013. Il s'agit d'un festival de musique \u00e9lectronique qui grandit chaque ann\u00e9e. En 2016 il a rassembl\u00e9 plus de 2.000 festivaliers autour de DJ locaux \u00e0 Zonnebeke, pr\u00e8s de Ypres. Dates de la prochaine \u00e9dition : Frontline Festival 2017, le 19 ao\u00fbt\u2026","rel":"","context":"Article similaire","block_context":{"text":"Article similaire","link":""},"img":{"alt_text":"Frontline Festival","src":"https:\/\/i0.wp.com\/www.festivals.be\/festivals-belgique\/wp-content\/uploads\/2017\/03\/Frontline-Festival-300x300.png?resize=350%2C200","width":350,"height":200},"classes":[]},{"id":479,"url":"https:\/\/www.festivals.be\/festivals-belgique\/festivals\/theatre\/festival-du-rire-de-rochefort\/","url_meta":{"origin":584,"position":2},"title":"Festival du Rire de Rochefort","author":"Admin","date":"27 avril 2017","format":false,"excerpt":"Le Festival International du Rire de Rochefort est une v\u00e9ritable institution. Tout le monde le connait et il a vu d\u00e9filer les plus grands noms parmi les humoristes, les stand-ups et autres imitateurs, ... Ce festival fait de Rochefort la capitale francophone du rire ! Prochaine \u00e9dition : Festival du\u2026","rel":"","context":"Article similaire","block_context":{"text":"Article similaire","link":""},"img":{"alt_text":"Festival International du Rire de Rochefort","src":"https:\/\/i0.wp.com\/www.festivals.be\/festivals-belgique\/wp-content\/uploads\/2017\/04\/Banner-abo-300x221.jpg?resize=350%2C200","width":350,"height":200},"classes":[]},{"id":531,"url":"https:\/\/www.festivals.be\/festivals-belgique\/festivals\/gastronomie\/food-truck-festival\/","url_meta":{"origin":584,"position":3},"title":"Food Truck Festival","author":"Admin","date":"5 mai 2017","format":false,"excerpt":"Le Brussels Food Truck Festival se d\u00e9roule depuis 2014 \u00e0 Bruxelles, maintenant sur le site de Tour & Taxis. Une centaine de Food Trucks s\u00e9lectionn\u00e9s vous proposent des menus du monde entier dans un un esprit convivial. Le festival est aussi l'occasion de remettre chaque ann\u00e9e les \"awards\" aux meilleurs\u2026","rel":"","context":"Article similaire","block_context":{"text":"Article similaire","link":""},"img":{"alt_text":"Food trucks festival","src":"https:\/\/i0.wp.com\/www.festivals.be\/festivals-belgique\/wp-content\/uploads\/2017\/05\/Food-Truck-Festival-300x300.jpg?resize=350%2C200","width":350,"height":200},"classes":[]},{"id":247,"url":"https:\/\/www.festivals.be\/festivals-belgique\/festivals\/musique\/metal\/alcatraz-metal-festival\/","url_meta":{"origin":584,"position":4},"title":"Alcatraz Metal Festival","author":"Admin","date":"2 mars 2017","format":false,"excerpt":"Alcatraz est un festival de m\u00e9tal qui a vu le jour en 2009. Le festival n'a fait que grandir tout au long de ces derni\u00e8res ann\u00e9es avec une affiche de plus en plus qualitative, accueillant des groupes \u00e0 la renomm\u00e9e internationale et donnant de la visibilit\u00e9 aux groupes belges. Une\u2026","rel":"","context":"Article similaire","block_context":{"text":"Article similaire","link":""},"img":{"alt_text":"Alcatraz Metal Festival","src":"https:\/\/i0.wp.com\/www.festivals.be\/festivals-belgique\/wp-content\/uploads\/2017\/03\/Alcatraz-300x90.jpg?resize=350%2C200","width":350,"height":200,"srcset":"https:\/\/i0.wp.com\/www.festivals.be\/festivals-belgique\/wp-content\/uploads\/2017\/03\/Alcatraz-300x90.jpg?resize=350%2C200 1x, https:\/\/i0.wp.com\/www.festivals.be\/festivals-belgique\/wp-content\/uploads\/2017\/03\/Alcatraz-300x90.jpg?resize=525%2C300 1.5x, https:\/\/i0.wp.com\/www.festivals.be\/festivals-belgique\/wp-content\/uploads\/2017\/03\/Alcatraz-300x90.jpg?resize=700%2C400 2x"},"classes":[]},{"id":392,"url":"https:\/\/www.festivals.be\/festivals-belgique\/festivals\/musique\/electro-et-dance\/listen-festival\/","url_meta":{"origin":584,"position":5},"title":"Listen Festival","author":"Admin","date":"9 mars 2017","format":false,"excerpt":"Avec sa premi\u00e8re \u00e9dition r\u00e9ussie en 2016 avec des milliers de festivaliers, le festival Listen ! est le nouveau venu des festivals \u00e9lectro \u00e0 Bruxelles. Durant 3 jours, des DJs se succ\u00e8dent sur plusieurs sc\u00e8nes majeures de la capitale pour animer cet \u00e9v\u00e9nement qui se veut celui des \"musiques du\u2026","rel":"","context":"Article similaire","block_context":{"text":"Article similaire","link":""},"img":{"alt_text":"Listen Festival","src":"https:\/\/i0.wp.com\/www.festivals.be\/festivals-belgique\/wp-content\/uploads\/2017\/03\/layer4A-300x300.png?resize=350%2C200","width":350,"height":200},"classes":[]}],"_links":{"self":[{"href":"https:\/\/www.festivals.be\/festivals-belgique\/wp-json\/wp\/v2\/pages\/584","targetHints":{"allow":["GET"]}}],"collection":[{"href":"https:\/\/www.festivals.be\/festivals-belgique\/wp-json\/wp\/v2\/pages"}],"about":[{"href":"https:\/\/www.festivals.be\/festivals-belgique\/wp-json\/wp\/v2\/types\/page"}],"author":[{"embeddable":true,"href":"https:\/\/www.festivals.be\/festivals-belgique\/wp-json\/wp\/v2\/users\/1"}],"replies":[{"embeddable":true,"href":"https:\/\/www.festivals.be\/festivals-belgique\/wp-json\/wp\/v2\/comments?post=584"}],"version-history":[{"count":1,"href":"https:\/\/www.festivals.be\/festivals-belgique\/wp-json\/wp\/v2\/pages\/584\/revisions"}],"predecessor-version":[{"id":586,"href":"https:\/\/www.festivals.be\/festivals-belgique\/wp-json\/wp\/v2\/pages\/584\/revisions\/586"}],"wp:attachment":[{"href":"https:\/\/www.festivals.be\/festivals-belgique\/wp-json\/wp\/v2\/media?parent=584"}],"curies":[{"name":"wp","href":"https:\/\/api.w.org\/{rel}","templated":true}]}}