{"id":710,"date":"2020-04-29T11:46:17","date_gmt":"2020-04-29T09:46:17","guid":{"rendered":"https:\/\/www.festivals.be\/festivals-belgique\/?page_id=710"},"modified":"2020-04-29T12:20:51","modified_gmt":"2020-04-29T10:20:51","slug":"streaming","status":"publish","type":"page","link":"https:\/\/www.festivals.be\/festivals-belgique\/festivals\/streaming\/","title":{"rendered":"Streaming"},"content":{"rendered":"\n<h2 class=\"wp-block-heading\">Festivals en streaming &#8211; livestream<\/h2>\n\n\n\n<h3 class=\"wp-block-heading\">Agenda des festivals et concerts en live streaming sur internet.<\/h3>\n\n\n\n<p>Depuis l&rsquo;\u00e9pid\u00e9mie de Coronavirus de 2020 le nombre de concerts et <strong>festivals en streaming<\/strong> a fortement augment\u00e9. Il est devenu naturel d&rsquo;assister \u00e0 des \u00e9v\u00e9nements organis\u00e9s par des artistes ou des festivals et destin\u00e9s \u00e0 une diffusion <strong>online en direct<\/strong> ou en diff\u00e9r\u00e9.<\/p>\n\n\n\n<p>Les plateformes de streaming, les r\u00e9seaux sociaux et les sites officiels des artistes ou organisateurs proposent des \u00e9v\u00e9nements en ligne, payants ou gratuits, auxquels vous pouvez assister depuis votre salon ou sur votre mobile.<\/p>\n\n\n\n<h3 class=\"wp-block-heading\">Suivez-nous sur Facebook pour \u00eatre inform\u00e9 de tous les festivals en streaming : <\/h3>\n\n\n\n<h3 class=\"wp-block-heading\"><a href=\"https:\/\/www.facebook.com\/festivals.belgique\/\">https:\/\/www.facebook.com\/festivals.belgique\/<\/a><\/h3>\n","protected":false},"excerpt":{"rendered":"<p>Festivals en streaming &#8211; livestream Agenda des festivals et concerts en live streaming sur internet. Depuis l&rsquo;\u00e9pid\u00e9mie de Coronavirus de 2020 le nombre de concerts et festivals en streaming a &hellip; <a href=\"https:\/\/www.festivals.be\/festivals-belgique\/festivals\/streaming\/\" class=\"more-link\">Continuer la lecture<span class=\"screen-reader-text\"> de &laquo;&nbsp;Streaming&nbsp;&raquo;<\/span><\/a><\/p>\n","protected":false},"author":1,"featured_media":0,"parent":13,"menu_order":0,"comment_status":"closed","ping_status":"closed","template":"","meta":{"jetpack_post_was_ever_published":false,"footnotes":""},"class_list":["post-710","page","type-page","status-publish","hentry"],"aioseo_notices":[],"jetpack_sharing_enabled":true,"jetpack_shortlink":"https:\/\/wp.me\/P7Iv6j-bs","jetpack_likes_enabled":true,"jetpack-related-posts":[{"id":718,"url":"https:\/\/www.festivals.be\/festivals-belgique\/festivals-virtuels\/","url_meta":{"origin":710,"position":0},"title":"Festivals virtuels","author":"Admin","date":"12 juin 2020","format":false,"excerpt":"Festivals et concerts virtuels ou digitaux Durant la crise du coronavirus au premier semestre 2020, de nombreux artistes ont utilis\u00e9s les plateformes de streaming pour donner des concerts virtuels ou participer \u00e0 des festivals digitaux. Parfois diffus\u00e9s en direct par des artistes solos, parfois recr\u00e9\u00e9s en diff\u00e9r\u00e9s avec des musiciens\u2026","rel":"","context":"Article similaire","block_context":{"text":"Article similaire","link":""},"img":{"alt_text":"","src":"","width":0,"height":0},"classes":[]},{"id":118,"url":"https:\/\/www.festivals.be\/festivals-belgique\/festivals\/musique\/rock-et-divers\/francofolies-de-spa\/","url_meta":{"origin":710,"position":1},"title":"Francofolies de Spa","author":"Admin","date":"18 ao\u00fbt 2016","format":false,"excerpt":"En fran\u00e7ais ... et en famille. La ville de Spa accueille chaque ann\u00e9e durant le mois de juillet le festival tr\u00e8s familial des Francofolies, aussi bien connu sous le petit nom : \"Les Francos\" ! Inspir\u00e9 par le festival fran\u00e7ais les Francofolies de La Rochelle, cr\u00e9\u00e9 en 1985, la version\u2026","rel":"","context":"Article similaire","block_context":{"text":"Article similaire","link":""},"img":{"alt_text":"Francofolies","src":"https:\/\/i0.wp.com\/www.festivals.be\/festivals-belgique\/wp-content\/uploads\/2016\/08\/Francofolies-300x300.jpg?resize=350%2C200","width":350,"height":200},"classes":[]},{"id":392,"url":"https:\/\/www.festivals.be\/festivals-belgique\/festivals\/musique\/electro-et-dance\/listen-festival\/","url_meta":{"origin":710,"position":2},"title":"Listen Festival","author":"Admin","date":"9 mars 2017","format":false,"excerpt":"Avec sa premi\u00e8re \u00e9dition r\u00e9ussie en 2016 avec des milliers de festivaliers, le festival Listen ! est le nouveau venu des festivals \u00e9lectro \u00e0 Bruxelles. Durant 3 jours, des DJs se succ\u00e8dent sur plusieurs sc\u00e8nes majeures de la capitale pour animer cet \u00e9v\u00e9nement qui se veut celui des \"musiques du\u2026","rel":"","context":"Article similaire","block_context":{"text":"Article similaire","link":""},"img":{"alt_text":"Listen Festival","src":"https:\/\/i0.wp.com\/www.festivals.be\/festivals-belgique\/wp-content\/uploads\/2017\/03\/layer4A-300x300.png?resize=350%2C200","width":350,"height":200},"classes":[]},{"id":217,"url":"https:\/\/www.festivals.be\/festivals-belgique\/festivals\/musique\/classique\/festival-de-wallonie\/","url_meta":{"origin":710,"position":3},"title":"Festival de Wallonie","author":"Admin","date":"1 mars 2017","format":false,"excerpt":"Le Festival de Wallonie est un festival de musique classique qui s'\u00e9tend sur plus de quatre mois et propose plus de 150 concerts lors de sept festivals diff\u00e9rents, r\u00e9partis sur l\u2019ensemble du territoire de la Wallonie et \u00e0 Bruxelles. Chaque ann\u00e9e le\u00a0programme ravit le public\u00a0\u00e0 Namur, Mons, Li\u00e8ge, Stavelot, Tournai,\u2026","rel":"","context":"Article similaire","block_context":{"text":"Article similaire","link":""},"img":{"alt_text":"","src":"","width":0,"height":0},"classes":[]},{"id":381,"url":"https:\/\/www.festivals.be\/festivals-belgique\/festivals\/autres\/banad-festival\/","url_meta":{"origin":710,"position":4},"title":"BANAD Festival","author":"Admin","date":"9 mars 2017","format":false,"excerpt":"En mars 2017 a lieu la premi\u00e8re \u00e9dition de ce festival bruxellois de l'Art Nouveau et de l'Art D\u00e9co, anciennement la biennale Art Nouveau et Art D\u00e9co. Durant 15 jours de printemps diff\u00e9rents lieux de la Capitale ouvrent leurs portes pour accueillir visites, promenades \u00e0 pied et en v\u00e9lo, concerts,\u2026","rel":"","context":"Article similaire","block_context":{"text":"Article similaire","link":""},"img":{"alt_text":"","src":"","width":0,"height":0},"classes":[]},{"id":212,"url":"https:\/\/www.festivals.be\/festivals-belgique\/festivals\/musique\/rock-et-divers\/pukkelpop\/","url_meta":{"origin":710,"position":5},"title":"Pukkelpop","author":"Admin","date":"1 mars 2017","format":false,"excerpt":"Un des festivals de musique les plus attendu chaque ann\u00e9e ! Le Pukkelpop c'est 4 jours de folie et des dizaines de milliers de festivaliers qui se baladent entre de nombreuses sc\u00e8nes pour acclamer des artistes confirm\u00e9s ou des futures stars nationales et internationales. Du rock, de la pop, de\u2026","rel":"","context":"Article similaire","block_context":{"text":"Article similaire","link":""},"img":{"alt_text":"","src":"","width":0,"height":0},"classes":[]}],"_links":{"self":[{"href":"https:\/\/www.festivals.be\/festivals-belgique\/wp-json\/wp\/v2\/pages\/710","targetHints":{"allow":["GET"]}}],"collection":[{"href":"https:\/\/www.festivals.be\/festivals-belgique\/wp-json\/wp\/v2\/pages"}],"about":[{"href":"https:\/\/www.festivals.be\/festivals-belgique\/wp-json\/wp\/v2\/types\/page"}],"author":[{"embeddable":true,"href":"https:\/\/www.festivals.be\/festivals-belgique\/wp-json\/wp\/v2\/users\/1"}],"replies":[{"embeddable":true,"href":"https:\/\/www.festivals.be\/festivals-belgique\/wp-json\/wp\/v2\/comments?post=710"}],"version-history":[{"count":4,"href":"https:\/\/www.festivals.be\/festivals-belgique\/wp-json\/wp\/v2\/pages\/710\/revisions"}],"predecessor-version":[{"id":715,"href":"https:\/\/www.festivals.be\/festivals-belgique\/wp-json\/wp\/v2\/pages\/710\/revisions\/715"}],"up":[{"embeddable":true,"href":"https:\/\/www.festivals.be\/festivals-belgique\/wp-json\/wp\/v2\/pages\/13"}],"wp:attachment":[{"href":"https:\/\/www.festivals.be\/festivals-belgique\/wp-json\/wp\/v2\/media?parent=710"}],"curies":[{"name":"wp","href":"https:\/\/api.w.org\/{rel}","templated":true}]}}